{"id":2967,"date":"2016-03-21T04:44:34","date_gmt":"2016-03-21T04:44:34","guid":{"rendered":"https:\/\/www.docautomotive.ch\/ajouter-une-voiture\/"},"modified":"2024-11-03T00:09:00","modified_gmt":"2024-11-03T00:09:00","slug":"ajouter-une-voiture","status":"publish","type":"page","link":"https:\/\/www.docautomotive.ch\/fr\/ajouter-une-voiture\/","title":{"rendered":"Ajouter une voiture"},"content":{"rendered":"<div class=\"wpb-content-wrapper\"><p>[vc_row css=&#8221;.vc_custom_1458638182050{margin-bottom: 40px !important;}&#8221;][vc_column width=&#8221;2\/3&#8243;][vc_custom_heading text=&#8221;Cr\u00e9ez votre annonce&#8221; font_container=&#8221;tag:h3|font_size:28|text_align:left|line_height:34px&#8221; use_theme_fonts=&#8221;yes&#8221; css=&#8221;.vc_custom_1458638330419{margin-top: 16px !important;margin-bottom: 12px !important;}&#8221;][vc_column_text css=&#8221;.vc_custom_1458638145822{margin-bottom: 0px !important;}&#8221;]<span style=\"color: #888888; font-size: 13px;\">Vous \u00eates en train de cr\u00e9er une annonce gratuite.<\/span>[\/vc_column_text][vc_column_text]<strong style=\"font-size: 13px;\">Les champs marqu\u00e9s d&#8217;un ast\u00e9risque (*) sont obligatoires.<\/strong>[\/vc_column_text][\/vc_column][vc_column width=&#8221;1\/3&#8243;][stm_posts_available][\/vc_column][\/vc_row][vc_row][vc_column][stm_add_a_car items=&#8221;%5B%7B%22tab_title_single%22%3A%22Comfort%22%2C%22tab_title_labels%22%3A%22A%2FC%3A%20Front%2CA%2FC%3A%20Rear%2CBackup%20Camera%2CCruise%20Control%2CNavigation%2CPower%20Locks%2CPower%20Steering%22%7D%2C%7B%22tab_title_single%22%3A%22Entertainment%22%2C%22tab_title_labels%22%3A%22A%2FC%3A%20Front%2CA%2FC%3A%20Rear%2CBackup%20Camera%2CCruise%20Control%2CNavigation%2CPower%20Locks%2CPower%20Steering%22%7D%2C%7B%22tab_title_single%22%3A%22Safety%22%2C%22tab_title_labels%22%3A%22A%2FC%3A%20Front%2CA%2FC%3A%20Rear%2CBackup%20Camera%2CCruise%20Control%2CNavigation%2CPower%20Locks%2CPower%20Steering%22%7D%2C%7B%22tab_title_single%22%3A%22Seats%22%2C%22tab_title_labels%22%3A%22A%2FC%3A%20Front%2CA%2FC%3A%20Rear%2CBackup%20Camera%2CCruise%20Control%2CNavigation%2CPower%20Locks%2CPower%20Steering%22%7D%2C%7B%22tab_title_single%22%3A%22Windows%22%2C%22tab_title_labels%22%3A%22A%2FC%3A%20Front%2CA%2FC%3A%20Rear%2CBackup%20Camera%2CCruise%20Control%2CNavigation%2CPower%20Locks%2CPower%20Steering%22%7D%2C%7B%22tab_title_single%22%3A%22Other%22%2C%22tab_title_labels%22%3A%22A%2FC%3A%20Front%2CA%2FC%3A%20Rear%2CBackup%20Camera%2CCruise%20Control%2CNavigation%2CPower%20Locks%2CPower%20Steering%22%7D%5D&#8221; taxonomy=&#8221;condition, make, serie, ca-year,&#8221; stm_phrases=&#8221;Excellent condition, Always garaged, No accidents, Satellite radio, Must see, Factory GPS system&#8221; stm_title_user=&#8221;Recommandations et guides&#8221; stm_text_user=&#8221;En nous communiquant votre num\u00e9ro de t\u00e9l\u00e9phone, vous reconnaissez et acceptez que nous (et\/ou nos fournisseurs de services) puissions vous contacter au num\u00e9ro de t\u00e9l\u00e9phone mobile ou autre que vous avez indiqu\u00e9, afin de vous fournir des informations suppl\u00e9mentaires ou des offres concernant nos services, et que, ce faisant, nous puissions utiliser des services de num\u00e9rotation automatique.&#8221; stm_histories=&#8221;Carfax, AutoCheck, Carfax 1 Owner, Other&#8221; stm_title_price=&#8221;Fixez un prix comp\u00e9titif pour votre v\u00e9hicule.&#8221; stm_title_desc=&#8221;D\u00e9terminez un prix comp\u00e9titif en comparant les informations et le kilom\u00e9trage de votre v\u00e9hicule \u00e0 des v\u00e9hicules similaires mis en vente par des concessionnaires et des vendeurs priv\u00e9s dans votre r\u00e9gion. Envisagez ensuite de fixer le prix de votre v\u00e9hicule \u00e0 port\u00e9e de main. Veillez \u00e0 fournir des commentaires du vendeur et des photos pour mettre en \u00e9vidence les meilleures caract\u00e9ristiques de votre v\u00e9hicule, en particulier si votre prix est sup\u00e9rieur \u00e0 la moyenne.&#8221;]<\/p>\n<h4 style=\"font-size: 14px;\">RECOMMANDATIONS ET GUIDES<\/h4>\n<p><span style=\"color: #222222;\">Lorem ipsum dolor sit amet, consectetur adipiscing elit. Aliquam mollis convallis semper. Proin risus felis, mollis at augue non, tincidunt eleifend ipsum.<\/span><\/p>\n<p><strong>R\u00e9solution d&#8217;image recommand\u00e9e : 800 x 470 px ou sup\u00e9rieure<\/strong><\/p>\n<p><span style=\"color: #888888;\">Pellentesque non lorem auctor sem commodo blandit. Vestibulum posuere sit amet mi quis luctus. Proin placerat purus metus, vel consequat tellus efficitur ve<\/span>l.<\/p>\n<p><strong>L&#8217;utilisateur peut t\u00e9l\u00e9charger jusqu&#8217;\u00e0 5 photos, mais le revendeur peut t\u00e9l\u00e9charger jusqu&#8217;\u00e0 10 photos.<\/strong><\/p>\n<p><span style=\"color: #888888;\">elementum, in vulputate nunc maximus. Nulla egestas blandit laoreet. Nam egestas odio non nisi ullamcorper convallis. Sed eu consectetur orci. Cras vulputate nisl sapien, vitae rhoncus est aliquet sit amet.<\/span>[\/stm_add_a_car][\/vc_column][\/vc_row]<\/p>\n<\/div>","protected":false},"excerpt":{"rendered":"<p>[vc_row css=&#8221;.vc_custom_1458638182050{margin-bottom: 40px !important;}&#8221;][vc_column width=&#8221;2\/3&#8243;][vc_custom_heading text=&#8221;Cr\u00e9ez votre annonce&#8221; font_container=&#8221;tag:h3|font_size:28|text_align:left|line_height:34px&#8221; use_theme_fonts=&#8221;yes&#8221; css=&#8221;.vc_custom_1458638330419{margin-top: 16px !important;margin-bottom: 12px !important;}&#8221;][vc_column_text css=&#8221;.vc_custom_1458638145822{margin-bottom: 0px !important;}&#8221;]Vous \u00eates en train de cr\u00e9er une annonce gratuite.[\/vc_column_text][vc_column_text]Les champs marqu\u00e9s d&#8217;un ast\u00e9risque (*) sont obligatoires.[\/vc_column_text][\/vc_column][vc_column width=&#8221;1\/3&#8243;][stm_posts_available][\/vc_column][\/vc_row][vc_row][vc_column][stm_add_a_car items=&#8221;%5B%7B%22tab_title_single%22%3A%22Comfort%22%2C%22tab_title_labels%22%3A%22A%2FC%3A%20Front%2CA%2FC%3A%20Rear%2CBackup%20Camera%2CCruise%20Control%2CNavigation%2CPower%20Locks%2CPower%20Steering%22%7D%2C%7B%22tab_title_single%22%3A%22Entertainment%22%2C%22tab_title_labels%22%3A%22A%2FC%3A%20Front%2CA%2FC%3A%20Rear%2CBackup%20Camera%2CCruise%20Control%2CNavigation%2CPower%20Locks%2CPower%20Steering%22%7D%2C%7B%22tab_title_single%22%3A%22Safety%22%2C%22tab_title_labels%22%3A%22A%2FC%3A%20Front%2CA%2FC%3A%20Rear%2CBackup%20Camera%2CCruise%20Control%2CNavigation%2CPower%20Locks%2CPower%20Steering%22%7D%2C%7B%22tab_title_single%22%3A%22Seats%22%2C%22tab_title_labels%22%3A%22A%2FC%3A%20Front%2CA%2FC%3A%20Rear%2CBackup%20Camera%2CCruise%20Control%2CNavigation%2CPower%20Locks%2CPower%20Steering%22%7D%2C%7B%22tab_title_single%22%3A%22Windows%22%2C%22tab_title_labels%22%3A%22A%2FC%3A%20Front%2CA%2FC%3A%20Rear%2CBackup%20Camera%2CCruise%20Control%2CNavigation%2CPower%20Locks%2CPower%20Steering%22%7D%2C%7B%22tab_title_single%22%3A%22Other%22%2C%22tab_title_labels%22%3A%22A%2FC%3A%20Front%2CA%2FC%3A%20Rear%2CBackup%20Camera%2CCruise%20Control%2CNavigation%2CPower%20Locks%2CPower%20Steering%22%7D%5D&#8221; taxonomy=&#8221;condition, make, serie, ca-year,&#8221; stm_phrases=&#8221;Excellent condition, Always garaged, No accidents, Satellite radio, Must see, Factory GPS system&#8221; stm_title_user=&#8221;Recommandations et guides&#8221;&#8230;<\/p>\n","protected":false},"author":1,"featured_media":0,"parent":0,"menu_order":0,"comment_status":"closed","ping_status":"closed","template":"","meta":{"footnotes":""},"class_list":["post-2967","page","type-page","status-publish","hentry"],"yoast_head":"<!-- This site is optimized with the Yoast SEO plugin v27.4 - https:\/\/yoast.com\/product\/yoast-seo-wordpress\/ -->\n<title>Ajouter une voiture | Doc Automotive AG<\/title>\n<meta name=\"robots\" content=\"index, follow, max-snippet:-1, max-image-preview:large, max-video-preview:-1\" \/>\n<link rel=\"canonical\" href=\"https:\/\/www.docautomotive.ch\/fr\/ajouter-une-voiture\/\" \/>\n<meta property=\"og:locale\" content=\"fr_FR\" \/>\n<meta property=\"og:type\" content=\"article\" \/>\n<meta property=\"og:title\" content=\"Ajouter une voiture | Doc Automotive AG\" \/>\n<meta property=\"og:description\" content=\"[vc_row css=&#8221;.vc_custom_1458638182050{margin-bottom: 40px !important;}&#8221;][vc_column width=&#8221;2\/3&#8243;][vc_custom_heading text=&#8221;Cr\u00e9ez votre annonce&#8221; font_container=&#8221;tag:h3|font_size:28|text_align:left|line_height:34px&#8221; use_theme_fonts=&#8221;yes&#8221; css=&#8221;.vc_custom_1458638330419{margin-top: 16px !important;margin-bottom: 12px !important;}&#8221;][vc_column_text css=&#8221;.vc_custom_1458638145822{margin-bottom: 0px !important;}&#8221;]Vous \u00eates en train de cr\u00e9er une annonce gratuite.[\/vc_column_text][vc_column_text]Les champs marqu\u00e9s d&#8217;un ast\u00e9risque (*) sont obligatoires.[\/vc_column_text][\/vc_column][vc_column width=&#8221;1\/3&#8243;][stm_posts_available][\/vc_column][\/vc_row][vc_row][vc_column][stm_add_a_car items=&#8221;%5B%7B%22tab_title_single%22%3A%22Comfort%22%2C%22tab_title_labels%22%3A%22A%2FC%3A%20Front%2CA%2FC%3A%20Rear%2CBackup%20Camera%2CCruise%20Control%2CNavigation%2CPower%20Locks%2CPower%20Steering%22%7D%2C%7B%22tab_title_single%22%3A%22Entertainment%22%2C%22tab_title_labels%22%3A%22A%2FC%3A%20Front%2CA%2FC%3A%20Rear%2CBackup%20Camera%2CCruise%20Control%2CNavigation%2CPower%20Locks%2CPower%20Steering%22%7D%2C%7B%22tab_title_single%22%3A%22Safety%22%2C%22tab_title_labels%22%3A%22A%2FC%3A%20Front%2CA%2FC%3A%20Rear%2CBackup%20Camera%2CCruise%20Control%2CNavigation%2CPower%20Locks%2CPower%20Steering%22%7D%2C%7B%22tab_title_single%22%3A%22Seats%22%2C%22tab_title_labels%22%3A%22A%2FC%3A%20Front%2CA%2FC%3A%20Rear%2CBackup%20Camera%2CCruise%20Control%2CNavigation%2CPower%20Locks%2CPower%20Steering%22%7D%2C%7B%22tab_title_single%22%3A%22Windows%22%2C%22tab_title_labels%22%3A%22A%2FC%3A%20Front%2CA%2FC%3A%20Rear%2CBackup%20Camera%2CCruise%20Control%2CNavigation%2CPower%20Locks%2CPower%20Steering%22%7D%2C%7B%22tab_title_single%22%3A%22Other%22%2C%22tab_title_labels%22%3A%22A%2FC%3A%20Front%2CA%2FC%3A%20Rear%2CBackup%20Camera%2CCruise%20Control%2CNavigation%2CPower%20Locks%2CPower%20Steering%22%7D%5D&#8221; taxonomy=&#8221;condition, make, serie, ca-year,&#8221; stm_phrases=&#8221;Excellent condition, Always garaged, No accidents, Satellite radio, Must see, Factory GPS system&#8221; stm_title_user=&#8221;Recommandations et guides&#8221;...\" \/>\n<meta property=\"og:url\" content=\"https:\/\/www.docautomotive.ch\/fr\/ajouter-une-voiture\/\" \/>\n<meta property=\"og:site_name\" content=\"Doc Automotive AG\" \/>\n<meta property=\"article:modified_time\" content=\"2024-11-03T00:09:00+00:00\" \/>\n<meta property=\"og:image\" content=\"https:\/\/www.docautomotive.ch\/wp-content\/uploads\/2024\/10\/Doc-Garage-Yoast-Thumb.jpg\" \/>\n\t<meta property=\"og:image:width\" content=\"1200\" \/>\n\t<meta property=\"og:image:height\" content=\"675\" \/>\n\t<meta property=\"og:image:type\" content=\"image\/jpeg\" \/>\n<meta name=\"twitter:card\" content=\"summary_large_image\" \/>\n<meta name=\"twitter:label1\" content=\"Dur\u00e9e de lecture estim\u00e9e\" \/>\n\t<meta name=\"twitter:data1\" content=\"2 minutes\" \/>\n<script type=\"application\/ld+json\" class=\"yoast-schema-graph\">{\"@context\":\"https:\\\/\\\/schema.org\",\"@graph\":[{\"@type\":\"WebPage\",\"@id\":\"https:\\\/\\\/www.docautomotive.ch\\\/fr\\\/ajouter-une-voiture\\\/\",\"url\":\"https:\\\/\\\/www.docautomotive.ch\\\/fr\\\/ajouter-une-voiture\\\/\",\"name\":\"Ajouter une voiture | Doc Automotive AG\",\"isPartOf\":{\"@id\":\"https:\\\/\\\/www.docautomotive.ch\\\/fr\\\/#website\"},\"datePublished\":\"2016-03-21T04:44:34+00:00\",\"dateModified\":\"2024-11-03T00:09:00+00:00\",\"breadcrumb\":{\"@id\":\"https:\\\/\\\/www.docautomotive.ch\\\/fr\\\/ajouter-une-voiture\\\/#breadcrumb\"},\"inLanguage\":\"fr-FR\",\"potentialAction\":[{\"@type\":\"ReadAction\",\"target\":[\"https:\\\/\\\/www.docautomotive.ch\\\/fr\\\/ajouter-une-voiture\\\/\"]}]},{\"@type\":\"BreadcrumbList\",\"@id\":\"https:\\\/\\\/www.docautomotive.ch\\\/fr\\\/ajouter-une-voiture\\\/#breadcrumb\",\"itemListElement\":[{\"@type\":\"ListItem\",\"position\":1,\"name\":\"Home\",\"item\":\"https:\\\/\\\/www.docautomotive.ch\\\/fr\\\/\"},{\"@type\":\"ListItem\",\"position\":2,\"name\":\"Ajouter une voiture\"}]},{\"@type\":\"WebSite\",\"@id\":\"https:\\\/\\\/www.docautomotive.ch\\\/fr\\\/#website\",\"url\":\"https:\\\/\\\/www.docautomotive.ch\\\/fr\\\/\",\"name\":\"Doc Automotive AG\",\"description\":\"Your Best B2B Car Dealer\",\"publisher\":{\"@id\":\"https:\\\/\\\/www.docautomotive.ch\\\/fr\\\/#organization\"},\"alternateName\":\"Doc Automotive\",\"potentialAction\":[{\"@type\":\"SearchAction\",\"target\":{\"@type\":\"EntryPoint\",\"urlTemplate\":\"https:\\\/\\\/www.docautomotive.ch\\\/fr\\\/?s={search_term_string}\"},\"query-input\":{\"@type\":\"PropertyValueSpecification\",\"valueRequired\":true,\"valueName\":\"search_term_string\"}}],\"inLanguage\":\"fr-FR\"},{\"@type\":\"Organization\",\"@id\":\"https:\\\/\\\/www.docautomotive.ch\\\/fr\\\/#organization\",\"name\":\"Doc Automotive AG\",\"alternateName\":\"Doc Automotive\",\"url\":\"https:\\\/\\\/www.docautomotive.ch\\\/fr\\\/\",\"logo\":{\"@type\":\"ImageObject\",\"inLanguage\":\"fr-FR\",\"@id\":\"https:\\\/\\\/www.docautomotive.ch\\\/fr\\\/#\\\/schema\\\/logo\\\/image\\\/\",\"url\":\"https:\\\/\\\/www.docautomotive.ch\\\/wp-content\\\/uploads\\\/2024\\\/10\\\/Doc-Garage-Yoast-Thumb-Squared.jpg\",\"contentUrl\":\"https:\\\/\\\/www.docautomotive.ch\\\/wp-content\\\/uploads\\\/2024\\\/10\\\/Doc-Garage-Yoast-Thumb-Squared.jpg\",\"width\":696,\"height\":696,\"caption\":\"Doc Automotive AG\"},\"image\":{\"@id\":\"https:\\\/\\\/www.docautomotive.ch\\\/fr\\\/#\\\/schema\\\/logo\\\/image\\\/\"},\"sameAs\":[\"https:\\\/\\\/www.instagram.com\\\/docautomotive\\\/\"]}]}<\/script>\n<!-- \/ Yoast SEO plugin. -->","yoast_head_json":{"title":"Ajouter une voiture | Doc Automotive AG","robots":{"index":"index","follow":"follow","max-snippet":"max-snippet:-1","max-image-preview":"max-image-preview:large","max-video-preview":"max-video-preview:-1"},"canonical":"https:\/\/www.docautomotive.ch\/fr\/ajouter-une-voiture\/","og_locale":"fr_FR","og_type":"article","og_title":"Ajouter une voiture | Doc Automotive AG","og_description":"[vc_row css=&#8221;.vc_custom_1458638182050{margin-bottom: 40px !important;}&#8221;][vc_column width=&#8221;2\/3&#8243;][vc_custom_heading text=&#8221;Cr\u00e9ez votre annonce&#8221; font_container=&#8221;tag:h3|font_size:28|text_align:left|line_height:34px&#8221; use_theme_fonts=&#8221;yes&#8221; css=&#8221;.vc_custom_1458638330419{margin-top: 16px !important;margin-bottom: 12px !important;}&#8221;][vc_column_text css=&#8221;.vc_custom_1458638145822{margin-bottom: 0px !important;}&#8221;]Vous \u00eates en train de cr\u00e9er une annonce gratuite.[\/vc_column_text][vc_column_text]Les champs marqu\u00e9s d&#8217;un ast\u00e9risque (*) sont obligatoires.[\/vc_column_text][\/vc_column][vc_column width=&#8221;1\/3&#8243;][stm_posts_available][\/vc_column][\/vc_row][vc_row][vc_column][stm_add_a_car items=&#8221;%5B%7B%22tab_title_single%22%3A%22Comfort%22%2C%22tab_title_labels%22%3A%22A%2FC%3A%20Front%2CA%2FC%3A%20Rear%2CBackup%20Camera%2CCruise%20Control%2CNavigation%2CPower%20Locks%2CPower%20Steering%22%7D%2C%7B%22tab_title_single%22%3A%22Entertainment%22%2C%22tab_title_labels%22%3A%22A%2FC%3A%20Front%2CA%2FC%3A%20Rear%2CBackup%20Camera%2CCruise%20Control%2CNavigation%2CPower%20Locks%2CPower%20Steering%22%7D%2C%7B%22tab_title_single%22%3A%22Safety%22%2C%22tab_title_labels%22%3A%22A%2FC%3A%20Front%2CA%2FC%3A%20Rear%2CBackup%20Camera%2CCruise%20Control%2CNavigation%2CPower%20Locks%2CPower%20Steering%22%7D%2C%7B%22tab_title_single%22%3A%22Seats%22%2C%22tab_title_labels%22%3A%22A%2FC%3A%20Front%2CA%2FC%3A%20Rear%2CBackup%20Camera%2CCruise%20Control%2CNavigation%2CPower%20Locks%2CPower%20Steering%22%7D%2C%7B%22tab_title_single%22%3A%22Windows%22%2C%22tab_title_labels%22%3A%22A%2FC%3A%20Front%2CA%2FC%3A%20Rear%2CBackup%20Camera%2CCruise%20Control%2CNavigation%2CPower%20Locks%2CPower%20Steering%22%7D%2C%7B%22tab_title_single%22%3A%22Other%22%2C%22tab_title_labels%22%3A%22A%2FC%3A%20Front%2CA%2FC%3A%20Rear%2CBackup%20Camera%2CCruise%20Control%2CNavigation%2CPower%20Locks%2CPower%20Steering%22%7D%5D&#8221; taxonomy=&#8221;condition, make, serie, ca-year,&#8221; stm_phrases=&#8221;Excellent condition, Always garaged, No accidents, Satellite radio, Must see, Factory GPS system&#8221; stm_title_user=&#8221;Recommandations et guides&#8221;...","og_url":"https:\/\/www.docautomotive.ch\/fr\/ajouter-une-voiture\/","og_site_name":"Doc Automotive AG","article_modified_time":"2024-11-03T00:09:00+00:00","og_image":[{"width":1200,"height":675,"url":"https:\/\/www.docautomotive.ch\/wp-content\/uploads\/2024\/10\/Doc-Garage-Yoast-Thumb.jpg","type":"image\/jpeg"}],"twitter_card":"summary_large_image","twitter_misc":{"Dur\u00e9e de lecture estim\u00e9e":"2 minutes"},"schema":{"@context":"https:\/\/schema.org","@graph":[{"@type":"WebPage","@id":"https:\/\/www.docautomotive.ch\/fr\/ajouter-une-voiture\/","url":"https:\/\/www.docautomotive.ch\/fr\/ajouter-une-voiture\/","name":"Ajouter une voiture | Doc Automotive AG","isPartOf":{"@id":"https:\/\/www.docautomotive.ch\/fr\/#website"},"datePublished":"2016-03-21T04:44:34+00:00","dateModified":"2024-11-03T00:09:00+00:00","breadcrumb":{"@id":"https:\/\/www.docautomotive.ch\/fr\/ajouter-une-voiture\/#breadcrumb"},"inLanguage":"fr-FR","potentialAction":[{"@type":"ReadAction","target":["https:\/\/www.docautomotive.ch\/fr\/ajouter-une-voiture\/"]}]},{"@type":"BreadcrumbList","@id":"https:\/\/www.docautomotive.ch\/fr\/ajouter-une-voiture\/#breadcrumb","itemListElement":[{"@type":"ListItem","position":1,"name":"Home","item":"https:\/\/www.docautomotive.ch\/fr\/"},{"@type":"ListItem","position":2,"name":"Ajouter une voiture"}]},{"@type":"WebSite","@id":"https:\/\/www.docautomotive.ch\/fr\/#website","url":"https:\/\/www.docautomotive.ch\/fr\/","name":"Doc Automotive AG","description":"Your Best B2B Car Dealer","publisher":{"@id":"https:\/\/www.docautomotive.ch\/fr\/#organization"},"alternateName":"Doc Automotive","potentialAction":[{"@type":"SearchAction","target":{"@type":"EntryPoint","urlTemplate":"https:\/\/www.docautomotive.ch\/fr\/?s={search_term_string}"},"query-input":{"@type":"PropertyValueSpecification","valueRequired":true,"valueName":"search_term_string"}}],"inLanguage":"fr-FR"},{"@type":"Organization","@id":"https:\/\/www.docautomotive.ch\/fr\/#organization","name":"Doc Automotive AG","alternateName":"Doc Automotive","url":"https:\/\/www.docautomotive.ch\/fr\/","logo":{"@type":"ImageObject","inLanguage":"fr-FR","@id":"https:\/\/www.docautomotive.ch\/fr\/#\/schema\/logo\/image\/","url":"https:\/\/www.docautomotive.ch\/wp-content\/uploads\/2024\/10\/Doc-Garage-Yoast-Thumb-Squared.jpg","contentUrl":"https:\/\/www.docautomotive.ch\/wp-content\/uploads\/2024\/10\/Doc-Garage-Yoast-Thumb-Squared.jpg","width":696,"height":696,"caption":"Doc Automotive AG"},"image":{"@id":"https:\/\/www.docautomotive.ch\/fr\/#\/schema\/logo\/image\/"},"sameAs":["https:\/\/www.instagram.com\/docautomotive\/"]}]}},"_links":{"self":[{"href":"https:\/\/www.docautomotive.ch\/fr\/wp-json\/wp\/v2\/pages\/2967","targetHints":{"allow":["GET"]}}],"collection":[{"href":"https:\/\/www.docautomotive.ch\/fr\/wp-json\/wp\/v2\/pages"}],"about":[{"href":"https:\/\/www.docautomotive.ch\/fr\/wp-json\/wp\/v2\/types\/page"}],"author":[{"embeddable":true,"href":"https:\/\/www.docautomotive.ch\/fr\/wp-json\/wp\/v2\/users\/1"}],"replies":[{"embeddable":true,"href":"https:\/\/www.docautomotive.ch\/fr\/wp-json\/wp\/v2\/comments?post=2967"}],"version-history":[{"count":0,"href":"https:\/\/www.docautomotive.ch\/fr\/wp-json\/wp\/v2\/pages\/2967\/revisions"}],"wp:attachment":[{"href":"https:\/\/www.docautomotive.ch\/fr\/wp-json\/wp\/v2\/media?parent=2967"}],"curies":[{"name":"wp","href":"https:\/\/api.w.org\/{rel}","templated":true}]}}