{"id":2869,"date":"2023-10-07T15:39:05","date_gmt":"2023-10-07T15:39:05","guid":{"rendered":"https:\/\/www.docautomotive.ch\/notre-methode-de-travail\/"},"modified":"2026-02-12T22:40:00","modified_gmt":"2026-02-12T22:40:00","slug":"notre-methode-de-travail","status":"publish","type":"page","link":"https:\/\/www.docautomotive.ch\/fr\/notre-methode-de-travail\/","title":{"rendered":"Notre m\u00e9thode de travail"},"content":{"rendered":"<div class=\"wpb-content-wrapper\"><p>[vc_row][vc_column][vc_empty_space][vc_column_text]<\/p>\n<h3>1 &#8211; V\u00c9RIFIER LE STOCK<\/h3>\n<p>D\u00e9couvrez le stock disponible sur notre plateforme en ligne, ou restez inform\u00e9 en vous abonnant \u00e0 notre newsletter.<\/p>\n<p>Si vous \u00eates un revendeur ou un garage et que vous \u00eates int\u00e9ress\u00e9 par notre stock, il vous suffit de <a href=\"http:\/\/docautomotive.ch\/loginregister\/\">cr\u00e9er un compte<\/a> en enregistrant vos donn\u00e9es et en soumettant une demande sur notre site web. D\u00e8s que votre demande sera v\u00e9rifi\u00e9e par notre personnel et que votre compte sera approuv\u00e9, vous pourrez voir tous les v\u00e9hicules en stock.[\/vc_column_text][vc_empty_space][\/vc_column][\/vc_row][vc_row][vc_column][vc_empty_space][vc_column_text]<\/p>\n<h3>2 &#8211; FINALISER LA COMMANDE<\/h3>\n<p>Envoyez votre demande d&#8217;achat en ligne ou contactez directement notre bureau op\u00e9rationnel.[\/vc_column_text][vc_empty_space][\/vc_column][\/vc_row][vc_row][vc_column width=&#8221;1\/3&#8243;][stm_icon_box title_holder=&#8221;h4&#8243; box_bg_color=&#8221;rgba(255,255,255,0.01)&#8221; box_text_color=&#8221;#232628&#8243; icon=&#8221;stm-icon-pin&#8221; icon_color=&#8221;#DD3333&#8243; icon_size=&#8221;31&#8243; title=&#8221;Adresse du bureau&#8221; css=&#8221;.vc_custom_1770935797624{margin-bottom: 28px !important;padding-top: 0px !important;padding-right: 0px !important;padding-bottom: 0px !important;padding-left: 0px !important;}&#8221; line_height=&#8221;18&#8243; css_icon=&#8221;.vc_custom_1770935797624{margin-top: 2px !important;margin-right: 23px !important;margin-left: 4px !important;}&#8221;]Grundstrasse 36a,<br \/>\nCH-6430, Schwyz<br \/>\nSuisse[\/stm_icon_box][\/vc_column][vc_column width=&#8221;1\/3&#8243;][stm_icon_box title_holder=&#8221;h4&#8243; box_bg_color=&#8221;rgba(255,255,255,0.01)&#8221; box_text_color=&#8221;#232628&#8243; icon=&#8221;stm-icon-phone&#8221; icon_color=&#8221;#DD3333&#8243; icon_size=&#8221;31&#8243; title=&#8221;Appelez notre \u00e9quipe de vente (ligne directe)&#8221; css=&#8221;.vc_custom_1770935830762{margin-bottom: 27px !important;padding-top: 0px !important;padding-right: 0px !important;padding-bottom: 0px !important;padding-left: 0px !important;}&#8221; line_height=&#8221;18&#8243; css_icon=&#8221;.vc_custom_1770935830762{margin-top: 2px !important;margin-right: 23px !important;margin-left: 4px !important;}&#8221;]<a href=\"tel:+41415880987\">+41 41 588 09 87<\/a><\/p>\n<p data-start=\"876\" data-end=\"955\"><em data-start=\"899\" data-end=\"955\">Pour des consultations t\u00e9l\u00e9phoniques directes et une assistance \u00e0 l&#8217;achat<\/em><\/p>\n<p>[\/stm_icon_box][stm_icon_box title_holder=&#8221;h4&#8243; box_bg_color=&#8221;rgba(255,255,255,0.01)&#8221; box_text_color=&#8221;#232628&#8243; icon=&#8221;fa fa-brands fa-whatsapp&#8221; icon_color=&#8221;#DD3333&#8243; icon_size=&#8221;31&#8243; title=&#8221;WhatsApp Sales Support&#8221; css=&#8221;.vc_custom_1770935871501{margin-bottom: 27px !important;padding-top: 0px !important;padding-right: 0px !important;padding-bottom: 0px !important;padding-left: 0px !important;}&#8221; line_height=&#8221;18&#8243; css_icon=&#8221;.vc_custom_1770935871501{margin-top: 2px !important;margin-right: 23px !important;margin-left: 4px !important;}&#8221;]<a href=\"tel:+41795290973\">+41 79 529 09 73<\/a><\/p>\n<p>Messagerie uniquement &#8211; r\u00e9ponse rapide pendant les heures de bureau[\/stm_icon_box][\/vc_column][vc_column width=&#8221;1\/3&#8243;][stm_icon_box title_holder=&#8221;h4&#8243; box_bg_color=&#8221;rgba(255,255,255,0.01)&#8221; box_text_color=&#8221;#232628&#8243; icon=&#8221;stm-icon-time&#8221; icon_color=&#8221;#DD3333&#8243; icon_size=&#8221;31&#8243; title=&#8221;Heures d&#039;ouverture du bureau de vente&#8221; css=&#8221;.vc_custom_1770935971115{padding-top: 0px !important;padding-right: 0px !important;padding-bottom: 0px !important;padding-left: 0px !important;}&#8221; line_height=&#8221;18&#8243; css_icon=&#8221;.vc_custom_1770935971115{margin-top: 2px !important;margin-right: 23px !important;margin-left: 4px !important;}&#8221;]Du lundi au vendredi<br data-start=\"1121\" data-end=\"1124\">09:00 &#8211; 12:00<br data-start=\"1137\" data-end=\"1140\">14:30 &#8211; 17:00<\/p>\n<p>Visites sur rendez-vous uniquement.<\/p>\n<p><a href=\"https:\/\/www.docautomotive.ch\/fr\/contactez-nous\/\"><strong data-start=\"1189\" data-end=\"1223\">Envoyez votre demande d&#8217;achat maintenant<\/strong><\/a>[\/stm_icon_box][\/vc_column][\/vc_row][vc_row][vc_column][vc_empty_space][vc_column_text]Notre stock est constamment mis \u00e0 jour, c&#8217;est pourquoi nous vous invitons \u00e0 acc\u00e9der \u00e0 votre espace r\u00e9serv\u00e9 pour consulter les meilleures offres disponibles sur le march\u00e9. Si le stock ne correspond pas \u00e0 vos besoins, nous vous invitons \u00e0 nous contacter, et nous trouverons la voiture que vous recherchez ![\/vc_column_text][vc_empty_space][\/vc_column][\/vc_row][vc_row][vc_column][vc_empty_space][vc_column_text]<\/p>\n<h3>3 &#8211; LIVRAISON DE LA VOITURE<\/h3>\n<p>Apr\u00e8s avoir formalis\u00e9 l&#8217;achat par la r\u00e9daction et la signature du contrat et effectu\u00e9 le paiement, vous pouvez venir chercher la voiture. Nous organiserons la livraison \u00e0 l&#8217;endroit que vous aurez indiqu\u00e9.[\/vc_column_text][vc_empty_space][\/vc_column][\/vc_row][vc_row][vc_column][vc_empty_space][vc_column_text]<\/p>\n<h3>4 &#8211; DOCUMENTS<\/h3>\n<p>Nous vous fournirons tous les d\u00e9tails et les informations n\u00e9cessaires \u00e0 l&#8217;achat du v\u00e9hicule, afin que vous puissiez l&#8217;immatriculer facilement et rapidement dans votre pays.<\/p>\n<p>Tous les documents, y compris le certificat d&#8217;enregistrement, les cl\u00e9s de rechange et les factures, vous seront livr\u00e9s par courrier.[\/vc_column_text][vc_empty_space][vc_empty_space][\/vc_column][\/vc_row]<\/p>\n<\/div>","protected":false},"excerpt":{"rendered":"<p>[vc_row][vc_column][vc_empty_space][vc_column_text] 1 &#8211; V\u00c9RIFIER LE STOCK D\u00e9couvrez le stock disponible sur notre plateforme en ligne, ou restez inform\u00e9 en vous abonnant \u00e0 notre newsletter. Si vous \u00eates un revendeur ou un garage et que vous \u00eates int\u00e9ress\u00e9 par notre stock, il vous suffit de cr\u00e9er un compte en enregistrant vos donn\u00e9es et en soumettant une&#8230;<\/p>\n","protected":false},"author":1,"featured_media":0,"parent":0,"menu_order":0,"comment_status":"closed","ping_status":"open","template":"","meta":{"footnotes":""},"class_list":["post-2869","page","type-page","status-publish","hentry"],"yoast_head":"<!-- This site is optimized with the Yoast SEO plugin v27.4 - https:\/\/yoast.com\/product\/yoast-seo-wordpress\/ -->\n<title>Comment nous travaillons - Votre partenaire de confiance pour la vente de voitures et les services | Doc Automotive AG<\/title>\n<meta name=\"description\" content=\"De la consultation du stock \u00e0 la livraison et \u00e0 la documentation, Doc Automotive offre aux concessionnaires et aux particuliers un processus d&#039;achat de voitures sans faille.\" \/>\n<meta name=\"robots\" content=\"index, follow, max-snippet:-1, max-image-preview:large, max-video-preview:-1\" \/>\n<link rel=\"canonical\" href=\"https:\/\/www.docautomotive.ch\/fr\/notre-methode-de-travail\/\" \/>\n<meta property=\"og:locale\" content=\"fr_FR\" \/>\n<meta property=\"og:type\" content=\"article\" \/>\n<meta property=\"og:title\" content=\"Comment nous travaillons - Votre partenaire de confiance pour la vente de voitures et les services | Doc Automotive AG\" \/>\n<meta property=\"og:description\" content=\"De la consultation du stock \u00e0 la livraison et \u00e0 la documentation, Doc Automotive offre aux concessionnaires et aux particuliers un processus d&#039;achat de voitures sans faille.\" \/>\n<meta property=\"og:url\" content=\"https:\/\/www.docautomotive.ch\/fr\/notre-methode-de-travail\/\" \/>\n<meta property=\"og:site_name\" content=\"Doc Automotive AG\" \/>\n<meta property=\"article:modified_time\" content=\"2026-02-12T22:40:00+00:00\" \/>\n<meta property=\"og:image\" content=\"https:\/\/www.docautomotive.ch\/wp-content\/uploads\/2024\/10\/Doc-Garage-Yoast-Thumb.jpg\" \/>\n\t<meta property=\"og:image:width\" content=\"1200\" \/>\n\t<meta property=\"og:image:height\" content=\"675\" \/>\n\t<meta property=\"og:image:type\" content=\"image\/jpeg\" \/>\n<meta name=\"twitter:card\" content=\"summary_large_image\" \/>\n<meta name=\"twitter:label1\" content=\"Dur\u00e9e de lecture estim\u00e9e\" \/>\n\t<meta name=\"twitter:data1\" content=\"2 minutes\" \/>\n<script type=\"application\/ld+json\" class=\"yoast-schema-graph\">{\"@context\":\"https:\\\/\\\/schema.org\",\"@graph\":[{\"@type\":\"WebPage\",\"@id\":\"https:\\\/\\\/www.docautomotive.ch\\\/fr\\\/notre-methode-de-travail\\\/\",\"url\":\"https:\\\/\\\/www.docautomotive.ch\\\/fr\\\/notre-methode-de-travail\\\/\",\"name\":\"Comment nous travaillons - Votre partenaire de confiance pour la vente de voitures et les services | Doc Automotive AG\",\"isPartOf\":{\"@id\":\"https:\\\/\\\/www.docautomotive.ch\\\/fr\\\/#website\"},\"datePublished\":\"2023-10-07T15:39:05+00:00\",\"dateModified\":\"2026-02-12T22:40:00+00:00\",\"description\":\"De la consultation du stock \u00e0 la livraison et \u00e0 la documentation, Doc Automotive offre aux concessionnaires et aux particuliers un processus d'achat de voitures sans faille.\",\"breadcrumb\":{\"@id\":\"https:\\\/\\\/www.docautomotive.ch\\\/fr\\\/notre-methode-de-travail\\\/#breadcrumb\"},\"inLanguage\":\"fr-FR\",\"potentialAction\":[{\"@type\":\"ReadAction\",\"target\":[\"https:\\\/\\\/www.docautomotive.ch\\\/fr\\\/notre-methode-de-travail\\\/\"]}]},{\"@type\":\"BreadcrumbList\",\"@id\":\"https:\\\/\\\/www.docautomotive.ch\\\/fr\\\/notre-methode-de-travail\\\/#breadcrumb\",\"itemListElement\":[{\"@type\":\"ListItem\",\"position\":1,\"name\":\"Home\",\"item\":\"https:\\\/\\\/www.docautomotive.ch\\\/fr\\\/\"},{\"@type\":\"ListItem\",\"position\":2,\"name\":\"Notre m\u00e9thode de travail\"}]},{\"@type\":\"WebSite\",\"@id\":\"https:\\\/\\\/www.docautomotive.ch\\\/fr\\\/#website\",\"url\":\"https:\\\/\\\/www.docautomotive.ch\\\/fr\\\/\",\"name\":\"Doc Automotive AG\",\"description\":\"Your Best B2B Car Dealer\",\"publisher\":{\"@id\":\"https:\\\/\\\/www.docautomotive.ch\\\/fr\\\/#organization\"},\"alternateName\":\"Doc Automotive\",\"potentialAction\":[{\"@type\":\"SearchAction\",\"target\":{\"@type\":\"EntryPoint\",\"urlTemplate\":\"https:\\\/\\\/www.docautomotive.ch\\\/fr\\\/?s={search_term_string}\"},\"query-input\":{\"@type\":\"PropertyValueSpecification\",\"valueRequired\":true,\"valueName\":\"search_term_string\"}}],\"inLanguage\":\"fr-FR\"},{\"@type\":\"Organization\",\"@id\":\"https:\\\/\\\/www.docautomotive.ch\\\/fr\\\/#organization\",\"name\":\"Doc Automotive AG\",\"alternateName\":\"Doc Automotive\",\"url\":\"https:\\\/\\\/www.docautomotive.ch\\\/fr\\\/\",\"logo\":{\"@type\":\"ImageObject\",\"inLanguage\":\"fr-FR\",\"@id\":\"https:\\\/\\\/www.docautomotive.ch\\\/fr\\\/#\\\/schema\\\/logo\\\/image\\\/\",\"url\":\"https:\\\/\\\/www.docautomotive.ch\\\/wp-content\\\/uploads\\\/2024\\\/10\\\/Doc-Garage-Yoast-Thumb-Squared.jpg\",\"contentUrl\":\"https:\\\/\\\/www.docautomotive.ch\\\/wp-content\\\/uploads\\\/2024\\\/10\\\/Doc-Garage-Yoast-Thumb-Squared.jpg\",\"width\":696,\"height\":696,\"caption\":\"Doc Automotive AG\"},\"image\":{\"@id\":\"https:\\\/\\\/www.docautomotive.ch\\\/fr\\\/#\\\/schema\\\/logo\\\/image\\\/\"},\"sameAs\":[\"https:\\\/\\\/www.instagram.com\\\/docautomotive\\\/\"]}]}<\/script>\n<!-- \/ Yoast SEO plugin. -->","yoast_head_json":{"title":"Comment nous travaillons - Votre partenaire de confiance pour la vente de voitures et les services | Doc Automotive AG","description":"De la consultation du stock \u00e0 la livraison et \u00e0 la documentation, Doc Automotive offre aux concessionnaires et aux particuliers un processus d'achat de voitures sans faille.","robots":{"index":"index","follow":"follow","max-snippet":"max-snippet:-1","max-image-preview":"max-image-preview:large","max-video-preview":"max-video-preview:-1"},"canonical":"https:\/\/www.docautomotive.ch\/fr\/notre-methode-de-travail\/","og_locale":"fr_FR","og_type":"article","og_title":"Comment nous travaillons - Votre partenaire de confiance pour la vente de voitures et les services | Doc Automotive AG","og_description":"De la consultation du stock \u00e0 la livraison et \u00e0 la documentation, Doc Automotive offre aux concessionnaires et aux particuliers un processus d'achat de voitures sans faille.","og_url":"https:\/\/www.docautomotive.ch\/fr\/notre-methode-de-travail\/","og_site_name":"Doc Automotive AG","article_modified_time":"2026-02-12T22:40:00+00:00","og_image":[{"width":1200,"height":675,"url":"https:\/\/www.docautomotive.ch\/wp-content\/uploads\/2024\/10\/Doc-Garage-Yoast-Thumb.jpg","type":"image\/jpeg"}],"twitter_card":"summary_large_image","twitter_misc":{"Dur\u00e9e de lecture estim\u00e9e":"2 minutes"},"schema":{"@context":"https:\/\/schema.org","@graph":[{"@type":"WebPage","@id":"https:\/\/www.docautomotive.ch\/fr\/notre-methode-de-travail\/","url":"https:\/\/www.docautomotive.ch\/fr\/notre-methode-de-travail\/","name":"Comment nous travaillons - Votre partenaire de confiance pour la vente de voitures et les services | Doc Automotive AG","isPartOf":{"@id":"https:\/\/www.docautomotive.ch\/fr\/#website"},"datePublished":"2023-10-07T15:39:05+00:00","dateModified":"2026-02-12T22:40:00+00:00","description":"De la consultation du stock \u00e0 la livraison et \u00e0 la documentation, Doc Automotive offre aux concessionnaires et aux particuliers un processus d'achat de voitures sans faille.","breadcrumb":{"@id":"https:\/\/www.docautomotive.ch\/fr\/notre-methode-de-travail\/#breadcrumb"},"inLanguage":"fr-FR","potentialAction":[{"@type":"ReadAction","target":["https:\/\/www.docautomotive.ch\/fr\/notre-methode-de-travail\/"]}]},{"@type":"BreadcrumbList","@id":"https:\/\/www.docautomotive.ch\/fr\/notre-methode-de-travail\/#breadcrumb","itemListElement":[{"@type":"ListItem","position":1,"name":"Home","item":"https:\/\/www.docautomotive.ch\/fr\/"},{"@type":"ListItem","position":2,"name":"Notre m\u00e9thode de travail"}]},{"@type":"WebSite","@id":"https:\/\/www.docautomotive.ch\/fr\/#website","url":"https:\/\/www.docautomotive.ch\/fr\/","name":"Doc Automotive AG","description":"Your Best B2B Car Dealer","publisher":{"@id":"https:\/\/www.docautomotive.ch\/fr\/#organization"},"alternateName":"Doc Automotive","potentialAction":[{"@type":"SearchAction","target":{"@type":"EntryPoint","urlTemplate":"https:\/\/www.docautomotive.ch\/fr\/?s={search_term_string}"},"query-input":{"@type":"PropertyValueSpecification","valueRequired":true,"valueName":"search_term_string"}}],"inLanguage":"fr-FR"},{"@type":"Organization","@id":"https:\/\/www.docautomotive.ch\/fr\/#organization","name":"Doc Automotive AG","alternateName":"Doc Automotive","url":"https:\/\/www.docautomotive.ch\/fr\/","logo":{"@type":"ImageObject","inLanguage":"fr-FR","@id":"https:\/\/www.docautomotive.ch\/fr\/#\/schema\/logo\/image\/","url":"https:\/\/www.docautomotive.ch\/wp-content\/uploads\/2024\/10\/Doc-Garage-Yoast-Thumb-Squared.jpg","contentUrl":"https:\/\/www.docautomotive.ch\/wp-content\/uploads\/2024\/10\/Doc-Garage-Yoast-Thumb-Squared.jpg","width":696,"height":696,"caption":"Doc Automotive AG"},"image":{"@id":"https:\/\/www.docautomotive.ch\/fr\/#\/schema\/logo\/image\/"},"sameAs":["https:\/\/www.instagram.com\/docautomotive\/"]}]}},"_links":{"self":[{"href":"https:\/\/www.docautomotive.ch\/fr\/wp-json\/wp\/v2\/pages\/2869","targetHints":{"allow":["GET"]}}],"collection":[{"href":"https:\/\/www.docautomotive.ch\/fr\/wp-json\/wp\/v2\/pages"}],"about":[{"href":"https:\/\/www.docautomotive.ch\/fr\/wp-json\/wp\/v2\/types\/page"}],"author":[{"embeddable":true,"href":"https:\/\/www.docautomotive.ch\/fr\/wp-json\/wp\/v2\/users\/1"}],"replies":[{"embeddable":true,"href":"https:\/\/www.docautomotive.ch\/fr\/wp-json\/wp\/v2\/comments?post=2869"}],"version-history":[{"count":22,"href":"https:\/\/www.docautomotive.ch\/fr\/wp-json\/wp\/v2\/pages\/2869\/revisions"}],"predecessor-version":[{"id":94361,"href":"https:\/\/www.docautomotive.ch\/fr\/wp-json\/wp\/v2\/pages\/2869\/revisions\/94361"}],"wp:attachment":[{"href":"https:\/\/www.docautomotive.ch\/fr\/wp-json\/wp\/v2\/media?parent=2869"}],"curies":[{"name":"wp","href":"https:\/\/api.w.org\/{rel}","templated":true}]}}