{"id":2866,"date":"2016-02-05T04:55:35","date_gmt":"2016-02-05T04:55:35","guid":{"rendered":"https:\/\/www.docautomotive.ch\/page-daccueil\/"},"modified":"2026-03-31T08:48:58","modified_gmt":"2026-03-31T08:48:58","slug":"page-daccueil","status":"publish","type":"page","link":"https:\/\/www.docautomotive.ch\/fr\/","title":{"rendered":"Page d&#8217;accueil"},"content":{"rendered":"<div class=\"wpb-content-wrapper\"><p>[vc_row full_width=&#8221;stretch_row&#8221; full_height=&#8221;yes&#8221; columns_placement=&#8221;top&#8221; content_placement=&#8221;top&#8221; css=&#8221;.vc_custom_1755471217927{background-image: url(http:\/\/docautomotive.ch\/wp-content\/uploads\/2024\/11\/Docautomotive-AG-header-image-25.jpg?id=4182) !important;background-position: center !important;background-repeat: no-repeat !important;background-size: cover !important;}&#8221;][vc_column][stm_listing_banner]<\/p>\n<h1><span style=\"color: #f0bb3a;\">Votre sp\u00e9cialiste de l&#8217;automobile B2B<\/span><\/h1>\n<h3><span style=\"color: #ffffff;\">V\u00e9hicules haut de gamme et solutions automobiles<\/span><\/h3>\n<p>[\/stm_listing_banner][\/vc_column][\/vc_row][vc_row][vc_column el_class=&#8221;push-up&#8221;][stm_listing_search show_all_label=&#8221;Parcourir tous les v\u00e9hicules&#8221; filter_all=&#8221;make,body,serie,ca-year&#8221; inactive_tab_bg_color=&#8221;#2d3142&#8243; active_tab_bg_color=&#8221;#4f5d75&#8243; items=&#8221;%5B%7B%7D%5D&#8221; per_page=&#8221;&#8221;][\/vc_column][\/vc_row][vc_row equal_height=&#8221;yes&#8221; css=&#8221;.vc_custom_1723464551159{margin-top: 100px !important;margin-bottom: 15px !important;}&#8221;][vc_column el_class=&#8221;stm-vc-listing-pad__right&#8221; css=&#8221;.vc_custom_1459833133238{margin-bottom: 15px !important;}&#8221; offset=&#8221;vc_col-lg-6&#8243;][stm_icon_filter filter_selected=&#8221;make&#8221; per_row=&#8221;4&#8243; duration=&#8221;Afficher toutes les marques&#8221;]<\/p>\n<h3>Parcourir par <span class=\"stm-secondary-color\">marque<\/span><\/h3>\n<p>[\/stm_icon_filter][\/vc_column][vc_column el_class=&#8221;stm-vc-listing-pad__left&#8221; css=&#8221;.vc_custom_1459833140404{margin-bottom: 15px !important;}&#8221; offset=&#8221;vc_col-lg-6&#8243;][stm_icon_filter filter_selected=&#8221;body&#8221; per_row=&#8221;4&#8243; duration=&#8221;Afficher tous les types&#8221;]<\/p>\n<h3>Parcourir par <span class=\"stm-secondary-color\">type<\/span><\/h3>\n<p>[\/stm_icon_filter][\/vc_column][\/vc_row][vc_row full_width=&#8221;stretch_row_content_no_spaces&#8221; equal_height=&#8221;yes&#8221; content_placement=&#8221;middle&#8221; el_class=&#8221;gradient-me&#8221; css=&#8221;.vc_custom_1747752543254{margin-top: 60px !important;margin-bottom: 60px !important;}&#8221;][vc_column width=&#8221;1\/2&#8243; css=&#8221;.vc_custom_1749771696592{padding-top: 20% !important;padding-right: 5% !important;padding-bottom: 20% !important;padding-left: 15% !important;}&#8221;][vc_row_inner][vc_column_inner width=&#8221;1\/12&#8243;][\/vc_column_inner][vc_column_inner width=&#8221;10\/12&#8243;][vc_custom_heading text=&#8221;Qui est Doc Automotive AG ?&#8221; font_container=&#8221;tag:h2|font_size:32px|text_align:left|color:%23ffffff|line_height:38px&#8221; use_theme_fonts=&#8221;yes&#8221; css=&#8221;.vc_custom_1749771860803{padding-right: 10% !important;padding-left: 10% !important;}&#8221;][vc_empty_space height=&#8221;22px&#8221;][vc_column_text css=&#8221;.vc_custom_1749771868673{padding-right: 10% !important;padding-left: 10% !important;}&#8221;]<\/p>\n<p style=\"color: #ffffff; text-align: left;\">Nous sommes une entit\u00e9 suisse n\u00e9e de l&#8217;union et de l&#8217;exp\u00e9rience de professionnels du secteur qui, gr\u00e2ce \u00e0 une connaissance \u00e0 360 degr\u00e9s du march\u00e9 automobile national et international, sont en mesure de r\u00e9pondre \u00e0 vos besoins. Au fil des ann\u00e9es, nous nous sommes consolid\u00e9s et sp\u00e9cialis\u00e9s dans la vente B2B de v\u00e9hicules haut de gamme, en offrant un service complet puisque nous nous occupons de toute la documentation et du transport avec livraison directe au concessionnaire. <\/p>\n<p>[\/vc_column_text][vc_empty_space height=&#8221;12px&#8221;][vc_btn title=&#8221;PLUS D&apos;INFORMATIONS SUR NOUS&#8221; style=&#8221;outline&#8221; shape=&#8221;square&#8221; color=&#8221;white&#8221; align=&#8221;left&#8221; css=&#8221;.vc_custom_1770070669816{margin-bottom: 60px !important;padding-right: 10% !important;padding-left: 10% !important;}&#8221; link=&#8221;url:https%3A%2F%2Fwww.docautomotive.ch%2Ffr%2Fa-propos-de-nous%2F|title:A%20propos%20de%20nous|&#8221;][\/vc_column_inner][vc_column_inner width=&#8221;1\/12&#8243;][\/vc_column_inner][\/vc_row_inner][\/vc_column][vc_column width=&#8221;1\/2&#8243; css=&#8221;.vc_custom_1734297861422{padding-top: 150px !important;padding-bottom: 150px !important;background-image: url(http:\/\/docautomotive.ch\/wp-content\/uploads\/2024\/11\/Docautomotive-AG-header-image-19.jpg?id=4176) !important;background-position: center !important;background-repeat: no-repeat !important;background-size: cover !important;}&#8221;][vc_single_image image=&#8221;71644&#8243; img_size=&#8221;&#8221; alignment=&#8221;center&#8221; css=&#8221;&#8221; el_class=&#8221;position-it-down&#8221;][\/vc_column][\/vc_row][vc_row css=&#8221;.vc_custom_1697534107372{margin-top: 20px !important;margin-bottom: 60px !important;}&#8221;][vc_column][vc_empty_space height=&#8221;64px&#8221;][vc_custom_heading text=&#8221;DERNI\u00c8RES OFFRES&#8221; font_container=&#8221;tag:h2|text_align:center&#8221; use_theme_fonts=&#8221;yes&#8221;][stm_special_offers view_style=&#8221;style_2&#8243;][vc_empty_space][\/vc_column][\/vc_row][vc_row full_width=&#8221;stretch_row_content_no_spaces&#8221; full_height=&#8221;yes&#8221; equal_height=&#8221;yes&#8221; content_placement=&#8221;middle&#8221;][vc_column width=&#8221;1\/2&#8243; css=&#8221;.vc_custom_1730069099580{padding-top: 20% !important;padding-right: 5% !important;padding-bottom: 20% !important;padding-left: 15% !important;background-image: url(http:\/\/docautomotive.ch\/wp-content\/uploads\/2024\/10\/docautomotive-AG-signup.jpg?id=3939) !important;background-position: center !important;background-repeat: no-repeat !important;background-size: cover !important;}&#8221;][vc_row_inner][vc_column_inner width=&#8221;1\/12&#8243;][\/vc_column_inner][vc_column_inner width=&#8221;10\/12&#8243;][vc_custom_heading text=&#8221;Vous avez d\u00e9j\u00e0 un compte ?&#8221; font_container=&#8221;tag:h3|font_size:30|text_align:left|color:%23ffffff&#8221; use_theme_fonts=&#8221;yes&#8221; css=&#8221;.vc_custom_1729819277175{margin-top: 60px !important;padding-right: 10% !important;padding-left: 10% !important;}&#8221; el_class=&#8221;login-title&#8221;][vc_column_text css=&#8221;.vc_custom_1729819287831{margin-top: 22px !important;padding-right: 10% !important;padding-left: 10% !important;}&#8221;]<\/p>\n<p style=\"color: #ffffff;\">Connectez-vous \u00e0 votre compte et consultez en temps r\u00e9el notre offre avec les prix.<\/p>\n<p style=\"color: #ffffff;\">Notre stock est constamment mis \u00e0 jour, c&#8217;est pourquoi nous vous invitons \u00e0 acc\u00e9der \u00e0 votre espace r\u00e9serv\u00e9 pour consulter les meilleures offres disponibles sur le march\u00e9. Votre compte vous permettra \u00e9galement d&#8217;avoir un aper\u00e7u de toutes vos commandes pass\u00e9es. <\/p>\n<p>[\/vc_column_text][vc_btn title=&#8221;LOGIN&#8221; style=&#8221;outline&#8221; shape=&#8221;square&#8221; color=&#8221;white&#8221; align=&#8221;left&#8221; i_icon_fontawesome=&#8221;stm-icon-steering-wheel-thin&#8221; css=&#8221;.vc_custom_1774946192495{margin-bottom: 60px !important;padding-right: 10% !important;padding-left: 10% !important;}&#8221; add_icon=&#8221;true&#8221; link=&#8221;url:https%3A%2F%2Fwww.docautomotive.ch%2Ffr%2Fregister%2F|title:Connexion%2Fenregistrement|&#8221;][\/vc_column_inner][vc_column_inner width=&#8221;1\/12&#8243;][\/vc_column_inner][\/vc_row_inner][\/vc_column][vc_column width=&#8221;1\/2&#8243; css=&#8221;.vc_custom_1712740663911{padding-top: 20% !important;padding-right: 15% !important;padding-bottom: 20% !important;padding-left: 5% !important;background-color: #2d3142 !important;}&#8221;][vc_row_inner][vc_column_inner width=&#8221;1\/12&#8243;][\/vc_column_inner][vc_column_inner width=&#8221;10\/12&#8243;][vc_custom_heading text=&#8221;Vous souhaitez voir nos v\u00e9hicules en stock ?&#8221; font_container=&#8221;tag:h3|font_size:30|text_align:left|color:%23ffffff&#8221; use_theme_fonts=&#8221;yes&#8221; css=&#8221;.vc_custom_1723464426334{margin-top: 60px !important;padding-right: 10% !important;padding-left: 10% !important;}&#8221; el_class=&#8221;login-title&#8221;][vc_column_text css=&#8221;.vc_custom_1712855526978{margin-top: 22px !important;padding-right: 10% !important;padding-left: 10% !important;}&#8221;]<\/p>\n<p style=\"text-align: left; color: #ffffff;\">Si vous \u00eates un concessionnaire ou un garage et que vous \u00eates int\u00e9ress\u00e9 par nos propositions, inscrivez-vous et vous recevrez un mot de passe qui vous permettra de visualiser tous les v\u00e9hicules en stock.<\/p>\n<p style=\"text-align: left; color: #ffffff;\">Inscrivez-vous d\u00e8s maintenant et obtenez en peu de temps un aper\u00e7u d\u00e9taill\u00e9 de notre offre en ligne.<\/p>\n<p>[\/vc_column_text][vc_btn title=&#8221;INSCRIVEZ-VOUS MAINTENANT&#8221; style=&#8221;custom&#8221; custom_background=&#8221;#ff2e17&#8243; custom_text=&#8221;#ffffff&#8221; shape=&#8221;square&#8221; align=&#8221;left&#8221; i_icon_fontawesome=&#8221;stm-icon-search-list&#8221; css_animation=&#8221;bounceIn&#8221; css=&#8221;.vc_custom_1774946309494{margin-bottom: 60px !important;padding-right: 10% !important;padding-left: 10% !important;}&#8221; add_icon=&#8221;true&#8221; link=&#8221;url:https%3A%2F%2Fwww.docautomotive.ch%2Ffr%2Fregister%2F|title:Connexion%2Fenregistrement|&#8221; el_class=&#8221;look-and-feel-on-hover&#8221;][\/vc_column_inner][vc_column_inner width=&#8221;1\/12&#8243;][\/vc_column_inner][\/vc_row_inner][\/vc_column][\/vc_row]<\/p>\n<\/div>","protected":false},"excerpt":{"rendered":"<p>[vc_row full_width=&#8221;stretch_row&#8221; full_height=&#8221;yes&#8221; columns_placement=&#8221;top&#8221; content_placement=&#8221;top&#8221; css=&#8221;.vc_custom_1755471217927{background-image: url(http:\/\/docautomotive.ch\/wp-content\/uploads\/2024\/11\/Docautomotive-AG-header-image-25.jpg?id=4182) !important;background-position: center !important;background-repeat: no-repeat !important;background-size: cover !important;}&#8221;][vc_column][stm_listing_banner] Votre sp\u00e9cialiste de l&#8217;automobile B2B V\u00e9hicules haut de gamme et solutions automobiles [\/stm_listing_banner][\/vc_column][\/vc_row][vc_row][vc_column el_class=&#8221;push-up&#8221;][stm_listing_search show_all_label=&#8221;Parcourir tous les v\u00e9hicules&#8221; filter_all=&#8221;make,body,serie,ca-year&#8221; inactive_tab_bg_color=&#8221;#2d3142&#8243; active_tab_bg_color=&#8221;#4f5d75&#8243; items=&#8221;%5B%7B%7D%5D&#8221; per_page=&#8221;&#8221;][\/vc_column][\/vc_row][vc_row equal_height=&#8221;yes&#8221; css=&#8221;.vc_custom_1723464551159{margin-top: 100px !important;margin-bottom: 15px !important;}&#8221;][vc_column el_class=&#8221;stm-vc-listing-pad__right&#8221; css=&#8221;.vc_custom_1459833133238{margin-bottom: 15px !important;}&#8221; offset=&#8221;vc_col-lg-6&#8243;][stm_icon_filter filter_selected=&#8221;make&#8221; per_row=&#8221;4&#8243; duration=&#8221;Afficher toutes les marques&#8221;] Parcourir&#8230;<\/p>\n","protected":false},"author":1,"featured_media":43466,"parent":0,"menu_order":0,"comment_status":"closed","ping_status":"closed","template":"","meta":{"footnotes":""},"class_list":["post-2866","page","type-page","status-publish","has-post-thumbnail","hentry"],"yoast_head":"<!-- This site is optimized with the Yoast SEO plugin v27.4 - https:\/\/yoast.com\/product\/yoast-seo-wordpress\/ -->\n<title>Doc Automotive AG - Votre sp\u00e9cialiste de la vente de voitures haut de gamme B2B<\/title>\n<meta name=\"description\" content=\"Sp\u00e9cialis\u00e9 dans la vente B2B de v\u00e9hicules haut de gamme avec une gamme compl\u00e8te de services tels que la documentation et le transport vers le concessionnaire.\" \/>\n<meta name=\"robots\" content=\"index, follow, max-snippet:-1, max-image-preview:large, max-video-preview:-1\" \/>\n<link rel=\"canonical\" href=\"https:\/\/www.docautomotive.ch\/fr\/\" \/>\n<meta property=\"og:locale\" content=\"fr_FR\" \/>\n<meta property=\"og:type\" content=\"article\" \/>\n<meta property=\"og:title\" content=\"Doc Automotive AG - Votre sp\u00e9cialiste de la vente de voitures haut de gamme B2B\" \/>\n<meta property=\"og:description\" content=\"Sp\u00e9cialis\u00e9 dans la vente B2B de v\u00e9hicules haut de gamme avec une gamme compl\u00e8te de services tels que la documentation et le transport vers le concessionnaire.\" \/>\n<meta property=\"og:url\" content=\"https:\/\/www.docautomotive.ch\/fr\/\" \/>\n<meta property=\"og:site_name\" content=\"Doc Automotive AG\" \/>\n<meta property=\"article:modified_time\" content=\"2026-03-31T08:48:58+00:00\" \/>\n<meta property=\"og:image\" content=\"https:\/\/www.docautomotive.ch\/wp-content\/uploads\/2024\/11\/Docautomotive-AG-header-image-25.jpg\" \/>\n\t<meta property=\"og:image:width\" content=\"1380\" \/>\n\t<meta property=\"og:image:height\" content=\"920\" \/>\n\t<meta property=\"og:image:type\" content=\"image\/jpeg\" \/>\n<meta name=\"twitter:card\" content=\"summary_large_image\" \/>\n<meta name=\"twitter:label1\" content=\"Dur\u00e9e de lecture estim\u00e9e\" \/>\n\t<meta name=\"twitter:data1\" content=\"3 minutes\" \/>\n<script type=\"application\/ld+json\" class=\"yoast-schema-graph\">{\"@context\":\"https:\\\/\\\/schema.org\",\"@graph\":[{\"@type\":\"WebPage\",\"@id\":\"https:\\\/\\\/www.docautomotive.ch\\\/fr\\\/\",\"url\":\"https:\\\/\\\/www.docautomotive.ch\\\/fr\\\/\",\"name\":\"Doc Automotive AG - Votre sp\u00e9cialiste de la vente de voitures haut de gamme B2B\",\"isPartOf\":{\"@id\":\"https:\\\/\\\/www.docautomotive.ch\\\/fr\\\/#website\"},\"primaryImageOfPage\":{\"@id\":\"https:\\\/\\\/www.docautomotive.ch\\\/fr\\\/#primaryimage\"},\"image\":{\"@id\":\"https:\\\/\\\/www.docautomotive.ch\\\/fr\\\/#primaryimage\"},\"thumbnailUrl\":\"https:\\\/\\\/www.docautomotive.ch\\\/wp-content\\\/uploads\\\/2024\\\/11\\\/Docautomotive-AG-header-image-25.jpg\",\"datePublished\":\"2016-02-05T04:55:35+00:00\",\"dateModified\":\"2026-03-31T08:48:58+00:00\",\"description\":\"Sp\u00e9cialis\u00e9 dans la vente B2B de v\u00e9hicules haut de gamme avec une gamme compl\u00e8te de services tels que la documentation et le transport vers le concessionnaire.\",\"breadcrumb\":{\"@id\":\"https:\\\/\\\/www.docautomotive.ch\\\/fr\\\/#breadcrumb\"},\"inLanguage\":\"fr-FR\",\"potentialAction\":[{\"@type\":\"ReadAction\",\"target\":[\"https:\\\/\\\/www.docautomotive.ch\\\/fr\\\/\"]}]},{\"@type\":\"ImageObject\",\"inLanguage\":\"fr-FR\",\"@id\":\"https:\\\/\\\/www.docautomotive.ch\\\/fr\\\/#primaryimage\",\"url\":\"https:\\\/\\\/www.docautomotive.ch\\\/wp-content\\\/uploads\\\/2024\\\/11\\\/Docautomotive-AG-header-image-25.jpg\",\"contentUrl\":\"https:\\\/\\\/www.docautomotive.ch\\\/wp-content\\\/uploads\\\/2024\\\/11\\\/Docautomotive-AG-header-image-25.jpg\",\"width\":1380,\"height\":920},{\"@type\":\"BreadcrumbList\",\"@id\":\"https:\\\/\\\/www.docautomotive.ch\\\/fr\\\/#breadcrumb\",\"itemListElement\":[{\"@type\":\"ListItem\",\"position\":1,\"name\":\"Home\",\"item\":\"https:\\\/\\\/www.docautomotive.ch\\\/fr\\\/\"},{\"@type\":\"ListItem\",\"position\":2,\"name\":\"Page d&#8217;accueil\"}]},{\"@type\":\"WebSite\",\"@id\":\"https:\\\/\\\/www.docautomotive.ch\\\/fr\\\/#website\",\"url\":\"https:\\\/\\\/www.docautomotive.ch\\\/fr\\\/\",\"name\":\"Doc Automotive AG\",\"description\":\"Your Best B2B Car Dealer\",\"publisher\":{\"@id\":\"https:\\\/\\\/www.docautomotive.ch\\\/fr\\\/#organization\"},\"alternateName\":\"Doc Automotive\",\"potentialAction\":[{\"@type\":\"SearchAction\",\"target\":{\"@type\":\"EntryPoint\",\"urlTemplate\":\"https:\\\/\\\/www.docautomotive.ch\\\/fr\\\/?s={search_term_string}\"},\"query-input\":{\"@type\":\"PropertyValueSpecification\",\"valueRequired\":true,\"valueName\":\"search_term_string\"}}],\"inLanguage\":\"fr-FR\"},{\"@type\":\"Organization\",\"@id\":\"https:\\\/\\\/www.docautomotive.ch\\\/fr\\\/#organization\",\"name\":\"Doc Automotive AG\",\"alternateName\":\"Doc Automotive\",\"url\":\"https:\\\/\\\/www.docautomotive.ch\\\/fr\\\/\",\"logo\":{\"@type\":\"ImageObject\",\"inLanguage\":\"fr-FR\",\"@id\":\"https:\\\/\\\/www.docautomotive.ch\\\/fr\\\/#\\\/schema\\\/logo\\\/image\\\/\",\"url\":\"https:\\\/\\\/www.docautomotive.ch\\\/wp-content\\\/uploads\\\/2024\\\/10\\\/Doc-Garage-Yoast-Thumb-Squared.jpg\",\"contentUrl\":\"https:\\\/\\\/www.docautomotive.ch\\\/wp-content\\\/uploads\\\/2024\\\/10\\\/Doc-Garage-Yoast-Thumb-Squared.jpg\",\"width\":696,\"height\":696,\"caption\":\"Doc Automotive AG\"},\"image\":{\"@id\":\"https:\\\/\\\/www.docautomotive.ch\\\/fr\\\/#\\\/schema\\\/logo\\\/image\\\/\"},\"sameAs\":[\"https:\\\/\\\/www.instagram.com\\\/docautomotive\\\/\"]}]}<\/script>\n<!-- \/ Yoast SEO plugin. -->","yoast_head_json":{"title":"Doc Automotive AG - Votre sp\u00e9cialiste de la vente de voitures haut de gamme B2B","description":"Sp\u00e9cialis\u00e9 dans la vente B2B de v\u00e9hicules haut de gamme avec une gamme compl\u00e8te de services tels que la documentation et le transport vers le concessionnaire.","robots":{"index":"index","follow":"follow","max-snippet":"max-snippet:-1","max-image-preview":"max-image-preview:large","max-video-preview":"max-video-preview:-1"},"canonical":"https:\/\/www.docautomotive.ch\/fr\/","og_locale":"fr_FR","og_type":"article","og_title":"Doc Automotive AG - Votre sp\u00e9cialiste de la vente de voitures haut de gamme B2B","og_description":"Sp\u00e9cialis\u00e9 dans la vente B2B de v\u00e9hicules haut de gamme avec une gamme compl\u00e8te de services tels que la documentation et le transport vers le concessionnaire.","og_url":"https:\/\/www.docautomotive.ch\/fr\/","og_site_name":"Doc Automotive AG","article_modified_time":"2026-03-31T08:48:58+00:00","og_image":[{"width":1380,"height":920,"url":"https:\/\/www.docautomotive.ch\/wp-content\/uploads\/2024\/11\/Docautomotive-AG-header-image-25.jpg","type":"image\/jpeg"}],"twitter_card":"summary_large_image","twitter_misc":{"Dur\u00e9e de lecture estim\u00e9e":"3 minutes"},"schema":{"@context":"https:\/\/schema.org","@graph":[{"@type":"WebPage","@id":"https:\/\/www.docautomotive.ch\/fr\/","url":"https:\/\/www.docautomotive.ch\/fr\/","name":"Doc Automotive AG - Votre sp\u00e9cialiste de la vente de voitures haut de gamme B2B","isPartOf":{"@id":"https:\/\/www.docautomotive.ch\/fr\/#website"},"primaryImageOfPage":{"@id":"https:\/\/www.docautomotive.ch\/fr\/#primaryimage"},"image":{"@id":"https:\/\/www.docautomotive.ch\/fr\/#primaryimage"},"thumbnailUrl":"https:\/\/www.docautomotive.ch\/wp-content\/uploads\/2024\/11\/Docautomotive-AG-header-image-25.jpg","datePublished":"2016-02-05T04:55:35+00:00","dateModified":"2026-03-31T08:48:58+00:00","description":"Sp\u00e9cialis\u00e9 dans la vente B2B de v\u00e9hicules haut de gamme avec une gamme compl\u00e8te de services tels que la documentation et le transport vers le concessionnaire.","breadcrumb":{"@id":"https:\/\/www.docautomotive.ch\/fr\/#breadcrumb"},"inLanguage":"fr-FR","potentialAction":[{"@type":"ReadAction","target":["https:\/\/www.docautomotive.ch\/fr\/"]}]},{"@type":"ImageObject","inLanguage":"fr-FR","@id":"https:\/\/www.docautomotive.ch\/fr\/#primaryimage","url":"https:\/\/www.docautomotive.ch\/wp-content\/uploads\/2024\/11\/Docautomotive-AG-header-image-25.jpg","contentUrl":"https:\/\/www.docautomotive.ch\/wp-content\/uploads\/2024\/11\/Docautomotive-AG-header-image-25.jpg","width":1380,"height":920},{"@type":"BreadcrumbList","@id":"https:\/\/www.docautomotive.ch\/fr\/#breadcrumb","itemListElement":[{"@type":"ListItem","position":1,"name":"Home","item":"https:\/\/www.docautomotive.ch\/fr\/"},{"@type":"ListItem","position":2,"name":"Page d&#8217;accueil"}]},{"@type":"WebSite","@id":"https:\/\/www.docautomotive.ch\/fr\/#website","url":"https:\/\/www.docautomotive.ch\/fr\/","name":"Doc Automotive AG","description":"Your Best B2B Car Dealer","publisher":{"@id":"https:\/\/www.docautomotive.ch\/fr\/#organization"},"alternateName":"Doc Automotive","potentialAction":[{"@type":"SearchAction","target":{"@type":"EntryPoint","urlTemplate":"https:\/\/www.docautomotive.ch\/fr\/?s={search_term_string}"},"query-input":{"@type":"PropertyValueSpecification","valueRequired":true,"valueName":"search_term_string"}}],"inLanguage":"fr-FR"},{"@type":"Organization","@id":"https:\/\/www.docautomotive.ch\/fr\/#organization","name":"Doc Automotive AG","alternateName":"Doc Automotive","url":"https:\/\/www.docautomotive.ch\/fr\/","logo":{"@type":"ImageObject","inLanguage":"fr-FR","@id":"https:\/\/www.docautomotive.ch\/fr\/#\/schema\/logo\/image\/","url":"https:\/\/www.docautomotive.ch\/wp-content\/uploads\/2024\/10\/Doc-Garage-Yoast-Thumb-Squared.jpg","contentUrl":"https:\/\/www.docautomotive.ch\/wp-content\/uploads\/2024\/10\/Doc-Garage-Yoast-Thumb-Squared.jpg","width":696,"height":696,"caption":"Doc Automotive AG"},"image":{"@id":"https:\/\/www.docautomotive.ch\/fr\/#\/schema\/logo\/image\/"},"sameAs":["https:\/\/www.instagram.com\/docautomotive\/"]}]}},"_links":{"self":[{"href":"https:\/\/www.docautomotive.ch\/fr\/wp-json\/wp\/v2\/pages\/2866","targetHints":{"allow":["GET"]}}],"collection":[{"href":"https:\/\/www.docautomotive.ch\/fr\/wp-json\/wp\/v2\/pages"}],"about":[{"href":"https:\/\/www.docautomotive.ch\/fr\/wp-json\/wp\/v2\/types\/page"}],"author":[{"embeddable":true,"href":"https:\/\/www.docautomotive.ch\/fr\/wp-json\/wp\/v2\/users\/1"}],"replies":[{"embeddable":true,"href":"https:\/\/www.docautomotive.ch\/fr\/wp-json\/wp\/v2\/comments?post=2866"}],"version-history":[{"count":26,"href":"https:\/\/www.docautomotive.ch\/fr\/wp-json\/wp\/v2\/pages\/2866\/revisions"}],"predecessor-version":[{"id":97159,"href":"https:\/\/www.docautomotive.ch\/fr\/wp-json\/wp\/v2\/pages\/2866\/revisions\/97159"}],"wp:featuredmedia":[{"embeddable":true,"href":"https:\/\/www.docautomotive.ch\/fr\/wp-json\/wp\/v2\/media\/43466"}],"wp:attachment":[{"href":"https:\/\/www.docautomotive.ch\/fr\/wp-json\/wp\/v2\/media?parent=2866"}],"curies":[{"name":"wp","href":"https:\/\/api.w.org\/{rel}","templated":true}]}}