{"id":2863,"date":"2016-04-07T07:50:01","date_gmt":"2016-04-07T07:50:01","guid":{"rendered":"https:\/\/www.docautomotive.ch\/contactez-nous\/"},"modified":"2026-03-18T11:51:30","modified_gmt":"2026-03-18T11:51:30","slug":"contactez-nous","status":"publish","type":"page","link":"https:\/\/www.docautomotive.ch\/fr\/contactez-nous\/","title":{"rendered":"Contactez nous"},"content":{"rendered":"<div class=\"wpb-content-wrapper\"><p>[vc_row full_width=&#8221;stretch_row&#8221; parallax=&#8221;content-moving&#8221; parallax_image=&#8221;2308&#8243; css=&#8221;.vc_custom_1730673300876{margin-bottom: 0px !important;padding-top: 311px !important;background-image: url(http:\/\/docautomotive.ch\/wp-content\/uploads\/2024\/11\/Docautomotive-AG-header-image-23.jpg?id=4180) !important;background-position: center;background-repeat: no-repeat !important;background-size: cover !important;}&#8221;][vc_column][\/vc_column][\/vc_row][vc_row css=&#8221;.vc_custom_1730673315852{margin-top: -160px !important;margin-bottom: 64px !important;}&#8221;][vc_column][stm_contact_form form=&#8221;3078&#8243; title=&#8221;PRENONS CONTACT&#8221;][\/vc_column][\/vc_row][vc_row css=&#8221;.vc_custom_1730673327238{margin-bottom: 40px !important;}&#8221;][vc_column css=&#8221;.vc_custom_1713050491068{margin-bottom: 25px !important;}&#8221; offset=&#8221;vc_col-lg-4 vc_col-md-12&#8243; el_class=&#8221;contact-us-block&#8221;][vc_custom_heading text=&#8221;CONTACTEZ-NOUS MAINTENANT&#8221; font_container=&#8221;tag:h3|text_align:left|color:%23FFFFFF&#8221; use_theme_fonts=&#8221;yes&#8221; css=&#8221;&#8221;][vc_empty_space][vc_tta_tabs][vc_tta_section title=&#8221;Contacts&#8221; tab_id=&#8221;contacts&#8221;][stm_icon_box title_holder=&#8221;h4&#8243; box_bg_color=&#8221;rgba(255,255,255,0.01)&#8221; box_text_color=&#8221;#232628&#8243; icon=&#8221;stm-icon-pin&#8221; icon_color=&#8221;#ff1e27&#8243; icon_size=&#8221;31&#8243; title=&#8221;Adresse&#8221; css=&#8221;.vc_custom_1773798052097{margin-bottom: 28px !important;padding-top: 0px !important;padding-right: 0px !important;padding-bottom: 0px !important;padding-left: 0px !important;}&#8221; line_height=&#8221;18&#8243; css_icon=&#8221;.vc_custom_1773798052096{margin-top: 2px !important;margin-right: 23px !important;margin-left: 4px !important;}&#8221;]<\/p>\n<p class=\"opensans-me\">Grundstrasse 36a, 6430, Schwyz<\/p>\n<p>[\/stm_icon_box][stm_icon_box title_holder=&#8221;h4&#8243; box_bg_color=&#8221;rgba(255,255,255,0.01)&#8221; box_text_color=&#8221;#232628&#8243; icon=&#8221;stm-icon-phone&#8221; icon_color=&#8221;#ff1e27&#8243; icon_size=&#8221;31&#8243; title=&#8221;T\u00e9l\u00e9phone de vente (appels uniquement)&#8221; css=&#8221;.vc_custom_1770934522106{margin-bottom: 27px !important;padding-top: 0px !important;padding-right: 0px !important;padding-bottom: 0px !important;padding-left: 0px !important;}&#8221; line_height=&#8221;18&#8243; css_icon=&#8221;.vc_custom_1770934522106{margin-top: 2px !important;margin-right: 23px !important;margin-left: 4px !important;}&#8221;]<\/p>\n<p class=\"opensans-me\"><a href=\"tel:+41415880987\">+41 41 588 09 87<\/a><\/p>\n<p>Ligne de vente directe[\/stm_icon_box][stm_icon_box title_holder=&#8221;h4&#8243; box_bg_color=&#8221;rgba(255,255,255,0.01)&#8221; box_text_color=&#8221;#232628&#8243; icon=&#8221;fa fa-brands fa-whatsapp&#8221; icon_color=&#8221;#ff1e27&#8243; icon_size=&#8221;31&#8243; title=&#8221;WhatsApp Sales (messages uniquement)&#8221; css=&#8221;.vc_custom_1770934583459{margin-bottom: 27px !important;padding-top: 0px !important;padding-right: 0px !important;padding-bottom: 0px !important;padding-left: 0px !important;}&#8221; line_height=&#8221;18&#8243; css_icon=&#8221;.vc_custom_1770934583459{margin-top: 2px !important;margin-right: 23px !important;margin-left: 4px !important;}&#8221;]<\/p>\n<p class=\"opensans-me\"><a href=\"tel:+41795290973\">+41 79 529 09 73<\/a><\/p>\n<p>Messagerie WhatsApp uniquement[\/stm_icon_box][\/vc_tta_section][vc_tta_section title=&#8221;Heure d&#8217;ouverture&#8221; tab_id=&#8221;opening-time&#8221;][stm_icon_box title_holder=&#8221;h4&#8243; icon=&#8221;stm-service-icon-sales_hours&#8221; icon_color=&#8221;#DD3333&#8243; title=&#8221;Bureau administratif&#8221; icon_size=&#8221;31&#8243; line_height=&#8221;18px&#8221; css=&#8221;.vc_custom_1773798080281{padding-top: 0px !important;padding-right: 0px !important;padding-bottom: 28px !important;padding-left: 0px !important;}&#8221;]Lun &#8211; ven<br \/>\n9:00 &#8211; 12:30 \/ 13:30 &#8211; 17:00[\/stm_icon_box][\/vc_tta_section][\/vc_tta_tabs][\/vc_column][vc_column css=&#8221;.vc_custom_1448867270861{margin-bottom: 25px !important;}&#8221; offset=&#8221;vc_col-lg-8 vc_col-md-12&#8243;][vc_raw_html css=&#8221;&#8221;]PGlmcmFtZSBzcmM9Imh0dHBzOi8vd3d3Lmdvb2dsZS5jb20vbWFwcy9lbWJlZD9wYj0hMW0xOCExbTEyITFtMyExZDI3MjAuMTM0OTYwNTg0MTA1NiEyZDguNjU1MDkxODc2MTM3NjghM2Q0Ny4wMTc5NTU4Mjg0NDEwNSEybTMhMWYwITJmMCEzZjAhM20yITFpMTAyNCEyaTc2OCE0ZjEzLjEhM20zITFtMiExczB4NDc4NTRmYTViNDkyOWUzNSUzQTB4ODI0NjYyYWVmYzU1ODQyMyEyc0RPQyUyMEFVVE9NT1RJVkUlMjBBRyE1ZTAhM20yITFzZW4hMnNodSE0djE3Njc0NDMwMTQ2ODMhNW0yITFzZW4hMnNodSIgd2lkdGg9IjgyMyIgaGVpZ2h0PSI1MjAiIHN0eWxlPSJib3JkZXI6MDsiIGFsbG93ZnVsbHNjcmVlbj0iIiBsb2FkaW5nPSJsYXp5IiByZWZlcnJlcnBvbGljeT0ibm8tcmVmZXJyZXItd2hlbi1kb3duZ3JhZGUiPjwvaWZyYW1lPg==[\/vc_raw_html][\/vc_column][\/vc_row]<\/p>\n<\/div>","protected":false},"excerpt":{"rendered":"<p>[vc_row full_width=&#8221;stretch_row&#8221; parallax=&#8221;content-moving&#8221; parallax_image=&#8221;2308&#8243; css=&#8221;.vc_custom_1730673300876{margin-bottom: 0px !important;padding-top: 311px !important;background-image: url(http:\/\/docautomotive.ch\/wp-content\/uploads\/2024\/11\/Docautomotive-AG-header-image-23.jpg?id=4180) !important;background-position: center;background-repeat: no-repeat !important;background-size: cover !important;}&#8221;][vc_column][\/vc_column][\/vc_row][vc_row css=&#8221;.vc_custom_1730673315852{margin-top: -160px !important;margin-bottom: 64px !important;}&#8221;][vc_column][stm_contact_form form=&#8221;3078&#8243; title=&#8221;PRENONS CONTACT&#8221;][\/vc_column][\/vc_row][vc_row css=&#8221;.vc_custom_1730673327238{margin-bottom: 40px !important;}&#8221;][vc_column css=&#8221;.vc_custom_1713050491068{margin-bottom: 25px !important;}&#8221; offset=&#8221;vc_col-lg-4 vc_col-md-12&#8243; el_class=&#8221;contact-us-block&#8221;][vc_custom_heading text=&#8221;CONTACTEZ-NOUS MAINTENANT&#8221; font_container=&#8221;tag:h3|text_align:left|color:%23FFFFFF&#8221; use_theme_fonts=&#8221;yes&#8221; css=&#8221;&#8221;][vc_empty_space][vc_tta_tabs][vc_tta_section title=&#8221;Contacts&#8221; tab_id=&#8221;contacts&#8221;][stm_icon_box title_holder=&#8221;h4&#8243; box_bg_color=&#8221;rgba(255,255,255,0.01)&#8221; box_text_color=&#8221;#232628&#8243; icon=&#8221;stm-icon-pin&#8221; icon_color=&#8221;#ff1e27&#8243; icon_size=&#8221;31&#8243; title=&#8221;Adresse&#8221; css=&#8221;.vc_custom_1773798052097{margin-bottom: 28px !important;padding-top: 0px !important;padding-right: 0px !important;padding-bottom: 0px&#8230;<\/p>\n","protected":false},"author":1,"featured_media":0,"parent":0,"menu_order":0,"comment_status":"closed","ping_status":"closed","template":"","meta":{"footnotes":""},"class_list":["post-2863","page","type-page","status-publish","hentry"],"yoast_head":"<!-- This site is optimized with the Yoast SEO plugin v27.4 - https:\/\/yoast.com\/product\/yoast-seo-wordpress\/ -->\n<title>Contactez-nous - Contactez-nous pour la vente de voitures et les services | Doc Automotive AG<\/title>\n<meta name=\"description\" content=\"Contactez Doc Automotive pour toutes vos questions relatives \u00e0 la vente et \u00e0 l&#039;entretien de votre v\u00e9hicule. Notre \u00e9quipe est pr\u00eate \u00e0 vous apporter un soutien et des conseils personnalis\u00e9s.\" \/>\n<meta name=\"robots\" content=\"index, follow, max-snippet:-1, max-image-preview:large, max-video-preview:-1\" \/>\n<link rel=\"canonical\" href=\"https:\/\/www.docautomotive.ch\/fr\/contactez-nous\/\" \/>\n<meta property=\"og:locale\" content=\"fr_FR\" \/>\n<meta property=\"og:type\" content=\"article\" \/>\n<meta property=\"og:title\" content=\"Contactez-nous - Contactez-nous pour la vente de voitures et les services | Doc Automotive AG\" \/>\n<meta property=\"og:description\" content=\"Contactez Doc Automotive pour toutes vos questions relatives \u00e0 la vente et \u00e0 l&#039;entretien de votre v\u00e9hicule. Notre \u00e9quipe est pr\u00eate \u00e0 vous apporter un soutien et des conseils personnalis\u00e9s.\" \/>\n<meta property=\"og:url\" content=\"https:\/\/www.docautomotive.ch\/fr\/contactez-nous\/\" \/>\n<meta property=\"og:site_name\" content=\"Doc Automotive AG\" \/>\n<meta property=\"article:modified_time\" content=\"2026-03-18T11:51:30+00:00\" \/>\n<meta property=\"og:image\" content=\"https:\/\/www.docautomotive.ch\/wp-content\/uploads\/2024\/10\/Doc-Garage-Yoast-Thumb.jpg\" \/>\n\t<meta property=\"og:image:width\" content=\"1200\" \/>\n\t<meta property=\"og:image:height\" content=\"675\" \/>\n\t<meta property=\"og:image:type\" content=\"image\/jpeg\" \/>\n<meta name=\"twitter:card\" content=\"summary_large_image\" \/>\n<meta name=\"twitter:label1\" content=\"Dur\u00e9e de lecture estim\u00e9e\" \/>\n\t<meta name=\"twitter:data1\" content=\"1 minute\" \/>\n<script type=\"application\/ld+json\" class=\"yoast-schema-graph\">{\"@context\":\"https:\\\/\\\/schema.org\",\"@graph\":[{\"@type\":\"WebPage\",\"@id\":\"https:\\\/\\\/www.docautomotive.ch\\\/fr\\\/contactez-nous\\\/\",\"url\":\"https:\\\/\\\/www.docautomotive.ch\\\/fr\\\/contactez-nous\\\/\",\"name\":\"Contactez-nous - Contactez-nous pour la vente de voitures et les services | Doc Automotive AG\",\"isPartOf\":{\"@id\":\"https:\\\/\\\/www.docautomotive.ch\\\/fr\\\/#website\"},\"datePublished\":\"2016-04-07T07:50:01+00:00\",\"dateModified\":\"2026-03-18T11:51:30+00:00\",\"description\":\"Contactez Doc Automotive pour toutes vos questions relatives \u00e0 la vente et \u00e0 l'entretien de votre v\u00e9hicule. Notre \u00e9quipe est pr\u00eate \u00e0 vous apporter un soutien et des conseils personnalis\u00e9s.\",\"breadcrumb\":{\"@id\":\"https:\\\/\\\/www.docautomotive.ch\\\/fr\\\/contactez-nous\\\/#breadcrumb\"},\"inLanguage\":\"fr-FR\",\"potentialAction\":[{\"@type\":\"ReadAction\",\"target\":[\"https:\\\/\\\/www.docautomotive.ch\\\/fr\\\/contactez-nous\\\/\"]}]},{\"@type\":\"BreadcrumbList\",\"@id\":\"https:\\\/\\\/www.docautomotive.ch\\\/fr\\\/contactez-nous\\\/#breadcrumb\",\"itemListElement\":[{\"@type\":\"ListItem\",\"position\":1,\"name\":\"Home\",\"item\":\"https:\\\/\\\/www.docautomotive.ch\\\/fr\\\/\"},{\"@type\":\"ListItem\",\"position\":2,\"name\":\"Contactez nous\"}]},{\"@type\":\"WebSite\",\"@id\":\"https:\\\/\\\/www.docautomotive.ch\\\/fr\\\/#website\",\"url\":\"https:\\\/\\\/www.docautomotive.ch\\\/fr\\\/\",\"name\":\"Doc Automotive AG\",\"description\":\"Your Best B2B Car Dealer\",\"publisher\":{\"@id\":\"https:\\\/\\\/www.docautomotive.ch\\\/fr\\\/#organization\"},\"alternateName\":\"Doc Automotive\",\"potentialAction\":[{\"@type\":\"SearchAction\",\"target\":{\"@type\":\"EntryPoint\",\"urlTemplate\":\"https:\\\/\\\/www.docautomotive.ch\\\/fr\\\/?s={search_term_string}\"},\"query-input\":{\"@type\":\"PropertyValueSpecification\",\"valueRequired\":true,\"valueName\":\"search_term_string\"}}],\"inLanguage\":\"fr-FR\"},{\"@type\":\"Organization\",\"@id\":\"https:\\\/\\\/www.docautomotive.ch\\\/fr\\\/#organization\",\"name\":\"Doc Automotive AG\",\"alternateName\":\"Doc Automotive\",\"url\":\"https:\\\/\\\/www.docautomotive.ch\\\/fr\\\/\",\"logo\":{\"@type\":\"ImageObject\",\"inLanguage\":\"fr-FR\",\"@id\":\"https:\\\/\\\/www.docautomotive.ch\\\/fr\\\/#\\\/schema\\\/logo\\\/image\\\/\",\"url\":\"https:\\\/\\\/www.docautomotive.ch\\\/wp-content\\\/uploads\\\/2024\\\/10\\\/Doc-Garage-Yoast-Thumb-Squared.jpg\",\"contentUrl\":\"https:\\\/\\\/www.docautomotive.ch\\\/wp-content\\\/uploads\\\/2024\\\/10\\\/Doc-Garage-Yoast-Thumb-Squared.jpg\",\"width\":696,\"height\":696,\"caption\":\"Doc Automotive AG\"},\"image\":{\"@id\":\"https:\\\/\\\/www.docautomotive.ch\\\/fr\\\/#\\\/schema\\\/logo\\\/image\\\/\"},\"sameAs\":[\"https:\\\/\\\/www.instagram.com\\\/docautomotive\\\/\"]}]}<\/script>\n<!-- \/ Yoast SEO plugin. -->","yoast_head_json":{"title":"Contactez-nous - Contactez-nous pour la vente de voitures et les services | Doc Automotive AG","description":"Contactez Doc Automotive pour toutes vos questions relatives \u00e0 la vente et \u00e0 l'entretien de votre v\u00e9hicule. Notre \u00e9quipe est pr\u00eate \u00e0 vous apporter un soutien et des conseils personnalis\u00e9s.","robots":{"index":"index","follow":"follow","max-snippet":"max-snippet:-1","max-image-preview":"max-image-preview:large","max-video-preview":"max-video-preview:-1"},"canonical":"https:\/\/www.docautomotive.ch\/fr\/contactez-nous\/","og_locale":"fr_FR","og_type":"article","og_title":"Contactez-nous - Contactez-nous pour la vente de voitures et les services | Doc Automotive AG","og_description":"Contactez Doc Automotive pour toutes vos questions relatives \u00e0 la vente et \u00e0 l'entretien de votre v\u00e9hicule. Notre \u00e9quipe est pr\u00eate \u00e0 vous apporter un soutien et des conseils personnalis\u00e9s.","og_url":"https:\/\/www.docautomotive.ch\/fr\/contactez-nous\/","og_site_name":"Doc Automotive AG","article_modified_time":"2026-03-18T11:51:30+00:00","og_image":[{"width":1200,"height":675,"url":"https:\/\/www.docautomotive.ch\/wp-content\/uploads\/2024\/10\/Doc-Garage-Yoast-Thumb.jpg","type":"image\/jpeg"}],"twitter_card":"summary_large_image","twitter_misc":{"Dur\u00e9e de lecture estim\u00e9e":"1 minute"},"schema":{"@context":"https:\/\/schema.org","@graph":[{"@type":"WebPage","@id":"https:\/\/www.docautomotive.ch\/fr\/contactez-nous\/","url":"https:\/\/www.docautomotive.ch\/fr\/contactez-nous\/","name":"Contactez-nous - Contactez-nous pour la vente de voitures et les services | Doc Automotive AG","isPartOf":{"@id":"https:\/\/www.docautomotive.ch\/fr\/#website"},"datePublished":"2016-04-07T07:50:01+00:00","dateModified":"2026-03-18T11:51:30+00:00","description":"Contactez Doc Automotive pour toutes vos questions relatives \u00e0 la vente et \u00e0 l'entretien de votre v\u00e9hicule. Notre \u00e9quipe est pr\u00eate \u00e0 vous apporter un soutien et des conseils personnalis\u00e9s.","breadcrumb":{"@id":"https:\/\/www.docautomotive.ch\/fr\/contactez-nous\/#breadcrumb"},"inLanguage":"fr-FR","potentialAction":[{"@type":"ReadAction","target":["https:\/\/www.docautomotive.ch\/fr\/contactez-nous\/"]}]},{"@type":"BreadcrumbList","@id":"https:\/\/www.docautomotive.ch\/fr\/contactez-nous\/#breadcrumb","itemListElement":[{"@type":"ListItem","position":1,"name":"Home","item":"https:\/\/www.docautomotive.ch\/fr\/"},{"@type":"ListItem","position":2,"name":"Contactez nous"}]},{"@type":"WebSite","@id":"https:\/\/www.docautomotive.ch\/fr\/#website","url":"https:\/\/www.docautomotive.ch\/fr\/","name":"Doc Automotive AG","description":"Your Best B2B Car Dealer","publisher":{"@id":"https:\/\/www.docautomotive.ch\/fr\/#organization"},"alternateName":"Doc Automotive","potentialAction":[{"@type":"SearchAction","target":{"@type":"EntryPoint","urlTemplate":"https:\/\/www.docautomotive.ch\/fr\/?s={search_term_string}"},"query-input":{"@type":"PropertyValueSpecification","valueRequired":true,"valueName":"search_term_string"}}],"inLanguage":"fr-FR"},{"@type":"Organization","@id":"https:\/\/www.docautomotive.ch\/fr\/#organization","name":"Doc Automotive AG","alternateName":"Doc Automotive","url":"https:\/\/www.docautomotive.ch\/fr\/","logo":{"@type":"ImageObject","inLanguage":"fr-FR","@id":"https:\/\/www.docautomotive.ch\/fr\/#\/schema\/logo\/image\/","url":"https:\/\/www.docautomotive.ch\/wp-content\/uploads\/2024\/10\/Doc-Garage-Yoast-Thumb-Squared.jpg","contentUrl":"https:\/\/www.docautomotive.ch\/wp-content\/uploads\/2024\/10\/Doc-Garage-Yoast-Thumb-Squared.jpg","width":696,"height":696,"caption":"Doc Automotive AG"},"image":{"@id":"https:\/\/www.docautomotive.ch\/fr\/#\/schema\/logo\/image\/"},"sameAs":["https:\/\/www.instagram.com\/docautomotive\/"]}]}},"_links":{"self":[{"href":"https:\/\/www.docautomotive.ch\/fr\/wp-json\/wp\/v2\/pages\/2863","targetHints":{"allow":["GET"]}}],"collection":[{"href":"https:\/\/www.docautomotive.ch\/fr\/wp-json\/wp\/v2\/pages"}],"about":[{"href":"https:\/\/www.docautomotive.ch\/fr\/wp-json\/wp\/v2\/types\/page"}],"author":[{"embeddable":true,"href":"https:\/\/www.docautomotive.ch\/fr\/wp-json\/wp\/v2\/users\/1"}],"replies":[{"embeddable":true,"href":"https:\/\/www.docautomotive.ch\/fr\/wp-json\/wp\/v2\/comments?post=2863"}],"version-history":[{"count":29,"href":"https:\/\/www.docautomotive.ch\/fr\/wp-json\/wp\/v2\/pages\/2863\/revisions"}],"predecessor-version":[{"id":95152,"href":"https:\/\/www.docautomotive.ch\/fr\/wp-json\/wp\/v2\/pages\/2863\/revisions\/95152"}],"wp:attachment":[{"href":"https:\/\/www.docautomotive.ch\/fr\/wp-json\/wp\/v2\/media?parent=2863"}],"curies":[{"name":"wp","href":"https:\/\/api.w.org\/{rel}","templated":true}]}}