{"id":2854,"date":"2016-04-07T07:42:39","date_gmt":"2016-04-07T07:42:39","guid":{"rendered":"https:\/\/www.docautomotive.ch\/about-us\/"},"modified":"2026-02-02T23:48:41","modified_gmt":"2026-02-02T23:48:41","slug":"a-propos-de-nous","status":"publish","type":"page","link":"https:\/\/www.docautomotive.ch\/fr\/a-propos-de-nous\/","title":{"rendered":"A propos de nous"},"content":{"rendered":"<div class=\"wpb-content-wrapper\"><p>[vc_row css=&#8221;.vc_custom_1445496852478{margin-top: 40px !important;margin-bottom: 51px !important;}&#8221;][vc_column width=&#8221;6\/12&#8243; el_class=&#8221;stm-col-pad-right&#8221;][vc_single_image image=&#8221;43598&#8243; img_size=&#8221;full&#8221; css=&#8221;.vc_custom_1742768787390{margin-bottom: 35px !important;}&#8221; stm_fancybox=&#8221;yes&#8221;][\/vc_column][vc_column width=&#8221;6\/12&#8243; el_class=&#8221;stm-col-pad-left&#8221;][vc_column_text css=&#8221;.vc_custom_1742897233954{margin-bottom: 23px !important;}&#8221;]<\/p>\n<h3 style=\"margin-bottom: 18px;\">QUI SOMMES-NOUS CHEZ <span style=\"color: #ff2e17;\">DOC AUTOMOTIVE AG<\/span>?<\/h3>\n<p>[\/vc_column_text][vc_separator css=&#8221;.vc_custom_1445496980428{margin-bottom: 19px !important;}&#8221;][vc_column_text css=&#8221;&#8221;]<\/p>\n<p data-start=\"40\" data-end=\"393\">Nous sommes une entit\u00e9 suisse n\u00e9e de l&#8217;union et de l&#8217;exp\u00e9rience de professionnels du secteur automobile. Gr\u00e2ce \u00e0 notre connaissance approfondie et \u00e0 360 degr\u00e9s du march\u00e9 automobile national et international, nous sommes en mesure de r\u00e9pondre \u00e0 tous vos besoins sp\u00e9cifiques, que vous soyez \u00e0 la recherche d&#8217;un v\u00e9hicule haut de gamme ou que vous ayez besoin de services sp\u00e9cialis\u00e9s. <\/p>\n<p data-start=\"395\" data-end=\"925\">Au fil des ann\u00e9es, nous avons consolid\u00e9 notre position de leader dans la vente B2B de v\u00e9hicules haut de gamme. Notre expertise nous permet d&#8217;offrir un service complet et sur mesure qui va au-del\u00e0 de la simple vente. <\/p>\n<p data-start=\"395\" data-end=\"925\">Nous prenons en charge tous les aspects du processus, y compris la paperasserie, les documents juridiques et la logistique du transport, afin d&#8217;assurer une livraison directe et s\u00fbre au concessionnaire. Que vous soyez un concessionnaire cherchant \u00e0 \u00e9largir son stock ou une entreprise ayant besoin de v\u00e9hicules sp\u00e9cifiques, nous vous garantissons une exp\u00e9rience fluide et efficace du d\u00e9but \u00e0 la fin. <\/p>\n<p>[\/vc_column_text][\/vc_column][\/vc_row][vc_row css=&#8221;.vc_custom_1445594570930{margin-bottom: 83px !important;}&#8221;][vc_column width=&#8221;1\/2&#8243; el_class=&#8221;stm-col-pad-right&#8221;][vc_column_text css=&#8221;.vc_custom_1713302835653{margin-bottom: 23px !important;}&#8221;]<\/p>\n<h3>NOS VALEURS FONDAMENTALES<\/h3>\n<p>[\/vc_column_text][vc_separator css=&#8221;.vc_custom_1445496980428{margin-bottom: 19px !important;}&#8221;][vc_column_text css=&#8221;.vc_custom_1713302676119{margin-bottom: 24px !important;}&#8221;]<span class=\"opensans-me\">Nous suivons une formation approfondie en usine afin de pouvoir vous fournir les connaissances dont vous avez besoin pour prendre une d\u00e9cision \u00e9clair\u00e9e dans le choix du v\u00e9hicule qui convient \u00e0 votre style de vie.<\/span>[\/vc_column_text][vc_column_text]<\/p>\n<ul class=\"list-style-1\">\n<li>Service financier sans stress.<\/li>\n<li>S\u00e9lection robuste de v\u00e9hicules populaires.<\/li>\n<li>350 offres sur place, la confiance d&#8217;une communaut\u00e9.<\/li>\n<li>Entretenez votre voiture pour rester en s\u00e9curit\u00e9 sur la route<\/li>\n<li>Nous savons g\u00e9rer un large \u00e9ventail de services automobiles.<\/li>\n<\/ul>\n<p>[\/vc_column_text][\/vc_column][vc_column width=&#8221;1\/2&#8243; el_class=&#8221;stm-col-pad-left&#8221;][vc_single_image image=&#8221;43594&#8243; img_size=&#8221;full&#8221; css=&#8221;.vc_custom_1742768580904{margin-bottom: 35px !important;}&#8221; stm_fancybox=&#8221;yes&#8221;][\/vc_column][\/vc_row][vc_row full_width=&#8221;stretch_row&#8221; css=&#8221;.vc_custom_1713302534182{padding-top: 68px !important;padding-bottom: 30px !important;background-color: #f0f2f5 !important;}&#8221;][vc_column el_class=&#8221;stm-col-pad-right&#8221; css=&#8221;.vc_custom_1445583873131{margin-bottom: 35px !important;}&#8221;][vc_custom_heading text=&#8221;VOICI TOUS NOS AVANTAGES&#8221; font_container=&#8221;tag:h3|text_align:left&#8221; use_theme_fonts=&#8221;yes&#8221; css=&#8221;.vc_custom_1713305893146{margin-bottom: 24px !important;}&#8221;][vc_empty_space][vc_tta_accordion c_icon=&#8221;chevron&#8221; active_section=&#8221;1&#8243;][vc_tta_section i_icon_fontawesome=&#8221;stm-icon-light-circle-check&#8221; add_icon=&#8221;true&#8221; title=&#8221;Des offres personnalis\u00e9es avec plus de flexibilit\u00e9 et des solutions financi\u00e8res sur mesure&#8221; tab_id=&#8221;financial-solutions&#8221;][vc_column_text css=&#8221;&#8221;]Nous proposons des offres personnalis\u00e9es, ce qui permet une plus grande flexibilit\u00e9 pour r\u00e9pondre \u00e0 vos besoins. Nous proposons \u00e9galement des solutions financi\u00e8res sur mesure, afin que vous puissiez trouver la meilleure option pour l&#8217;achat de votre v\u00e9hicule, qu&#8217;il s&#8217;agisse d&#8217;un leasing ou d&#8217;un paiement \u00e9chelonn\u00e9.[\/vc_column_text][\/vc_tta_section][vc_tta_section i_icon_fontawesome=&#8221;stm-icon-light-circle-check&#8221; add_icon=&#8221;true&#8221; title=&#8221;Acc\u00e8s rapide aux v\u00e9hicules rares ou de niche&#8221; tab_id=&#8221;quick-access&#8221;][vc_column_text css=&#8221;&#8221;]Gr\u00e2ce \u00e0 notre vaste r\u00e9seau et \u00e0 nos relations dans le secteur, nous pouvons trouver rapidement des v\u00e9hicules sp\u00e9cifiques ou difficiles \u00e0 trouver. Que vous recherchiez un mod\u00e8le rare ou une voiture avec des caract\u00e9ristiques sp\u00e9ciales, nous pouvons vous aider \u00e0 trouver exactement ce dont vous avez besoin.[\/vc_column_text][\/vc_tta_section][vc_tta_section i_icon_fontawesome=&#8221;stm-icon-light-circle-check&#8221; add_icon=&#8221;true&#8221; title=&#8221;Acc\u00e8s \u00e0 des voitures \u00e0 kilom\u00e9trage z\u00e9ro ou \u00e0 des voitures d&apos;occasion sous garantie officielle \u00e0 des prix comp\u00e9titifs&#8221; tab_id=&#8221;competitive-price&#8221;][vc_column_text css=&#8221;&#8221;]Nous vous offrons la possibilit\u00e9 d&#8217;acheter des voitures d&#8217;occasion, mais toujours sous la garantie officielle du fabricant. Ces voitures sont propos\u00e9es \u00e0 des prix comp\u00e9titifs, offrant un excellent rapport qualit\u00e9-prix tout en vous assurant une tranquillit\u00e9 d&#8217;esprit gr\u00e2ce \u00e0 la couverture de la garantie.[\/vc_column_text][\/vc_tta_section][vc_tta_section i_icon_fontawesome=&#8221;stm-icon-light-circle-check&#8221; add_icon=&#8221;true&#8221; title=&#8221;R\u00e9duction des d\u00e9lais de livraison gr\u00e2ce \u00e0 une gestion optimis\u00e9e du r\u00e9seau de fournisseurs&#8221; tab_id=&#8221;delivery-time&#8221;][vc_column_text css=&#8221;&#8221;]Nous nous engageons \u00e0 fournir des d\u00e9lais de livraison rapides pour votre v\u00e9hicule. Cela est possible gr\u00e2ce \u00e0 notre gestion optimis\u00e9e des fournisseurs, qui garantit que les v\u00e9hicules sont achet\u00e9s et livr\u00e9s dans les plus brefs d\u00e9lais, sans compromis sur la qualit\u00e9.[\/vc_column_text][\/vc_tta_section][vc_tta_section i_icon_fontawesome=&#8221;stm-icon-light-circle-check&#8221; add_icon=&#8221;true&#8221; title=&#8221;Des processus de vente rationalis\u00e9s et rapides&#8221; tab_id=&#8221;sales-processs&#8221;][vc_column_text css=&#8221;&#8221;]Nos processus de vente sont con\u00e7us pour \u00eatre rapides et efficaces, afin de vous permettre d&#8217;obtenir le v\u00e9hicule que vous souhaitez dans les plus brefs d\u00e9lais. De la demande initiale \u00e0 l&#8217;achat final, nous rationalisons chaque \u00e9tape pour vous offrir une exp\u00e9rience transparente et sans tracas.[\/vc_column_text][\/vc_tta_section][vc_tta_section i_icon_fontawesome=&#8221;stm-icon-light-circle-check&#8221; add_icon=&#8221;true&#8221; title=&#8221;Capacit\u00e9 \u00e0 conseiller le bon v\u00e9hicule en fonction des besoins r\u00e9els du client&#8221; tab_id=&#8221;client-need&#8221;][vc_column_text css=&#8221;&#8221;]Nous prenons le temps de comprendre vos besoins sp\u00e9cifiques et vos pr\u00e9f\u00e9rences afin de vous recommander le v\u00e9hicule id\u00e9al. Notre \u00e9quipe fournit des conseils d&#8217;experts, s&#8217;assurant que la voiture que vous choisissez correspond parfaitement \u00e0 votre style de vie ou aux exigences de votre entreprise.[\/vc_column_text][\/vc_tta_section][vc_tta_section i_icon_fontawesome=&#8221;stm-icon-light-circle-check&#8221; add_icon=&#8221;true&#8221; title=&#8221;N\u00e9gociations personnalis\u00e9es et solutions financi\u00e8res sur mesure&#8221; tab_id=&#8221;customised-negotiations&#8221;][vc_column_text css=&#8221;&#8221;]Chaque n\u00e9gociation est personnalis\u00e9e en fonction de votre situation unique. Nous travaillons avec vous pour trouver la meilleure offre, en vous proposant des solutions financi\u00e8res sur mesure qui correspondent \u00e0 votre budget et \u00e0 vos besoins. Qu&#8217;il s&#8217;agisse d&#8217;un plan de financement personnalis\u00e9 ou d&#8217;une structure de paiement sp\u00e9cifique, nous nous adaptons \u00e0 vos besoins.[\/vc_column_text][\/vc_tta_section][\/vc_tta_accordion][vc_empty_space][\/vc_column][\/vc_row]<\/p>\n<\/div>","protected":false},"excerpt":{"rendered":"<p>[vc_row css=&#8221;.vc_custom_1445496852478{margin-top: 40px !important;margin-bottom: 51px !important;}&#8221;][vc_column width=&#8221;6\/12&#8243; el_class=&#8221;stm-col-pad-right&#8221;][vc_single_image image=&#8221;43598&#8243; img_size=&#8221;full&#8221; css=&#8221;.vc_custom_1742768787390{margin-bottom: 35px !important;}&#8221; stm_fancybox=&#8221;yes&#8221;][\/vc_column][vc_column width=&#8221;6\/12&#8243; el_class=&#8221;stm-col-pad-left&#8221;][vc_column_text css=&#8221;.vc_custom_1742897233954{margin-bottom: 23px !important;}&#8221;] QUI SOMMES-NOUS CHEZ DOC AUTOMOTIVE AG? [\/vc_column_text][vc_separator css=&#8221;.vc_custom_1445496980428{margin-bottom: 19px !important;}&#8221;][vc_column_text css=&#8221;&#8221;] Nous sommes une entit\u00e9 suisse n\u00e9e de l&#8217;union et de l&#8217;exp\u00e9rience de professionnels du secteur automobile. Gr\u00e2ce \u00e0 notre connaissance approfondie et \u00e0 360 degr\u00e9s&#8230;<\/p>\n","protected":false},"author":1,"featured_media":0,"parent":0,"menu_order":0,"comment_status":"closed","ping_status":"closed","template":"","meta":{"footnotes":""},"class_list":["post-2854","page","type-page","status-publish","hentry"],"yoast_head":"<!-- This site is optimized with the Yoast SEO plugin v27.4 - https:\/\/yoast.com\/product\/yoast-seo-wordpress\/ -->\n<title>\u00c0 propos de nous - D\u00e9couvrez notre expertise en mati\u00e8re de vente de v\u00e9hicules haut de gamme.<\/title>\n<meta name=\"description\" content=\"Faites connaissance avec Doc Automotive : des experts en vente de v\u00e9hicules haut de gamme B2B. Nous offrons un service personnalis\u00e9 et une large s\u00e9lection de v\u00e9hicules haut de gamme.\" \/>\n<meta name=\"robots\" content=\"index, follow, max-snippet:-1, max-image-preview:large, max-video-preview:-1\" \/>\n<link rel=\"canonical\" href=\"https:\/\/www.docautomotive.ch\/fr\/a-propos-de-nous\/\" \/>\n<meta property=\"og:locale\" content=\"fr_FR\" \/>\n<meta property=\"og:type\" content=\"article\" \/>\n<meta property=\"og:title\" content=\"\u00c0 propos de nous - D\u00e9couvrez notre expertise en mati\u00e8re de vente de v\u00e9hicules haut de gamme.\" \/>\n<meta property=\"og:description\" content=\"Faites connaissance avec Doc Automotive : des experts en vente de v\u00e9hicules haut de gamme B2B. Nous offrons un service personnalis\u00e9 et une large s\u00e9lection de v\u00e9hicules haut de gamme.\" \/>\n<meta property=\"og:url\" content=\"https:\/\/www.docautomotive.ch\/fr\/a-propos-de-nous\/\" \/>\n<meta property=\"og:site_name\" content=\"Doc Automotive AG\" \/>\n<meta property=\"article:modified_time\" content=\"2026-02-02T23:48:41+00:00\" \/>\n<meta property=\"og:image\" content=\"https:\/\/www.docautomotive.ch\/wp-content\/uploads\/2024\/10\/Doc-Garage-Yoast-Thumb.jpg\" \/>\n\t<meta property=\"og:image:width\" content=\"1200\" \/>\n\t<meta property=\"og:image:height\" content=\"675\" \/>\n\t<meta property=\"og:image:type\" content=\"image\/jpeg\" \/>\n<meta name=\"twitter:card\" content=\"summary_large_image\" \/>\n<meta name=\"twitter:label1\" content=\"Dur\u00e9e de lecture estim\u00e9e\" \/>\n\t<meta name=\"twitter:data1\" content=\"5 minutes\" \/>\n<script type=\"application\/ld+json\" class=\"yoast-schema-graph\">{\"@context\":\"https:\\\/\\\/schema.org\",\"@graph\":[{\"@type\":\"WebPage\",\"@id\":\"https:\\\/\\\/www.docautomotive.ch\\\/fr\\\/a-propos-de-nous\\\/\",\"url\":\"https:\\\/\\\/www.docautomotive.ch\\\/fr\\\/a-propos-de-nous\\\/\",\"name\":\"\u00c0 propos de nous - D\u00e9couvrez notre expertise en mati\u00e8re de vente de v\u00e9hicules haut de gamme.\",\"isPartOf\":{\"@id\":\"https:\\\/\\\/www.docautomotive.ch\\\/fr\\\/#website\"},\"datePublished\":\"2016-04-07T07:42:39+00:00\",\"dateModified\":\"2026-02-02T23:48:41+00:00\",\"description\":\"Faites connaissance avec Doc Automotive : des experts en vente de v\u00e9hicules haut de gamme B2B. Nous offrons un service personnalis\u00e9 et une large s\u00e9lection de v\u00e9hicules haut de gamme.\",\"breadcrumb\":{\"@id\":\"https:\\\/\\\/www.docautomotive.ch\\\/fr\\\/a-propos-de-nous\\\/#breadcrumb\"},\"inLanguage\":\"fr-FR\",\"potentialAction\":[{\"@type\":\"ReadAction\",\"target\":[\"https:\\\/\\\/www.docautomotive.ch\\\/fr\\\/a-propos-de-nous\\\/\"]}]},{\"@type\":\"BreadcrumbList\",\"@id\":\"https:\\\/\\\/www.docautomotive.ch\\\/fr\\\/a-propos-de-nous\\\/#breadcrumb\",\"itemListElement\":[{\"@type\":\"ListItem\",\"position\":1,\"name\":\"Home\",\"item\":\"https:\\\/\\\/www.docautomotive.ch\\\/fr\\\/\"},{\"@type\":\"ListItem\",\"position\":2,\"name\":\"A propos de nous\"}]},{\"@type\":\"WebSite\",\"@id\":\"https:\\\/\\\/www.docautomotive.ch\\\/fr\\\/#website\",\"url\":\"https:\\\/\\\/www.docautomotive.ch\\\/fr\\\/\",\"name\":\"Doc Automotive AG\",\"description\":\"Your Best B2B Car Dealer\",\"publisher\":{\"@id\":\"https:\\\/\\\/www.docautomotive.ch\\\/fr\\\/#organization\"},\"alternateName\":\"Doc Automotive\",\"potentialAction\":[{\"@type\":\"SearchAction\",\"target\":{\"@type\":\"EntryPoint\",\"urlTemplate\":\"https:\\\/\\\/www.docautomotive.ch\\\/fr\\\/?s={search_term_string}\"},\"query-input\":{\"@type\":\"PropertyValueSpecification\",\"valueRequired\":true,\"valueName\":\"search_term_string\"}}],\"inLanguage\":\"fr-FR\"},{\"@type\":\"Organization\",\"@id\":\"https:\\\/\\\/www.docautomotive.ch\\\/fr\\\/#organization\",\"name\":\"Doc Automotive AG\",\"alternateName\":\"Doc Automotive\",\"url\":\"https:\\\/\\\/www.docautomotive.ch\\\/fr\\\/\",\"logo\":{\"@type\":\"ImageObject\",\"inLanguage\":\"fr-FR\",\"@id\":\"https:\\\/\\\/www.docautomotive.ch\\\/fr\\\/#\\\/schema\\\/logo\\\/image\\\/\",\"url\":\"https:\\\/\\\/www.docautomotive.ch\\\/wp-content\\\/uploads\\\/2024\\\/10\\\/Doc-Garage-Yoast-Thumb-Squared.jpg\",\"contentUrl\":\"https:\\\/\\\/www.docautomotive.ch\\\/wp-content\\\/uploads\\\/2024\\\/10\\\/Doc-Garage-Yoast-Thumb-Squared.jpg\",\"width\":696,\"height\":696,\"caption\":\"Doc Automotive AG\"},\"image\":{\"@id\":\"https:\\\/\\\/www.docautomotive.ch\\\/fr\\\/#\\\/schema\\\/logo\\\/image\\\/\"},\"sameAs\":[\"https:\\\/\\\/www.instagram.com\\\/docautomotive\\\/\"]}]}<\/script>\n<!-- \/ Yoast SEO plugin. -->","yoast_head_json":{"title":"\u00c0 propos de nous - D\u00e9couvrez notre expertise en mati\u00e8re de vente de v\u00e9hicules haut de gamme.","description":"Faites connaissance avec Doc Automotive : des experts en vente de v\u00e9hicules haut de gamme B2B. Nous offrons un service personnalis\u00e9 et une large s\u00e9lection de v\u00e9hicules haut de gamme.","robots":{"index":"index","follow":"follow","max-snippet":"max-snippet:-1","max-image-preview":"max-image-preview:large","max-video-preview":"max-video-preview:-1"},"canonical":"https:\/\/www.docautomotive.ch\/fr\/a-propos-de-nous\/","og_locale":"fr_FR","og_type":"article","og_title":"\u00c0 propos de nous - D\u00e9couvrez notre expertise en mati\u00e8re de vente de v\u00e9hicules haut de gamme.","og_description":"Faites connaissance avec Doc Automotive : des experts en vente de v\u00e9hicules haut de gamme B2B. Nous offrons un service personnalis\u00e9 et une large s\u00e9lection de v\u00e9hicules haut de gamme.","og_url":"https:\/\/www.docautomotive.ch\/fr\/a-propos-de-nous\/","og_site_name":"Doc Automotive AG","article_modified_time":"2026-02-02T23:48:41+00:00","og_image":[{"width":1200,"height":675,"url":"https:\/\/www.docautomotive.ch\/wp-content\/uploads\/2024\/10\/Doc-Garage-Yoast-Thumb.jpg","type":"image\/jpeg"}],"twitter_card":"summary_large_image","twitter_misc":{"Dur\u00e9e de lecture estim\u00e9e":"5 minutes"},"schema":{"@context":"https:\/\/schema.org","@graph":[{"@type":"WebPage","@id":"https:\/\/www.docautomotive.ch\/fr\/a-propos-de-nous\/","url":"https:\/\/www.docautomotive.ch\/fr\/a-propos-de-nous\/","name":"\u00c0 propos de nous - D\u00e9couvrez notre expertise en mati\u00e8re de vente de v\u00e9hicules haut de gamme.","isPartOf":{"@id":"https:\/\/www.docautomotive.ch\/fr\/#website"},"datePublished":"2016-04-07T07:42:39+00:00","dateModified":"2026-02-02T23:48:41+00:00","description":"Faites connaissance avec Doc Automotive : des experts en vente de v\u00e9hicules haut de gamme B2B. Nous offrons un service personnalis\u00e9 et une large s\u00e9lection de v\u00e9hicules haut de gamme.","breadcrumb":{"@id":"https:\/\/www.docautomotive.ch\/fr\/a-propos-de-nous\/#breadcrumb"},"inLanguage":"fr-FR","potentialAction":[{"@type":"ReadAction","target":["https:\/\/www.docautomotive.ch\/fr\/a-propos-de-nous\/"]}]},{"@type":"BreadcrumbList","@id":"https:\/\/www.docautomotive.ch\/fr\/a-propos-de-nous\/#breadcrumb","itemListElement":[{"@type":"ListItem","position":1,"name":"Home","item":"https:\/\/www.docautomotive.ch\/fr\/"},{"@type":"ListItem","position":2,"name":"A propos de nous"}]},{"@type":"WebSite","@id":"https:\/\/www.docautomotive.ch\/fr\/#website","url":"https:\/\/www.docautomotive.ch\/fr\/","name":"Doc Automotive AG","description":"Your Best B2B Car Dealer","publisher":{"@id":"https:\/\/www.docautomotive.ch\/fr\/#organization"},"alternateName":"Doc Automotive","potentialAction":[{"@type":"SearchAction","target":{"@type":"EntryPoint","urlTemplate":"https:\/\/www.docautomotive.ch\/fr\/?s={search_term_string}"},"query-input":{"@type":"PropertyValueSpecification","valueRequired":true,"valueName":"search_term_string"}}],"inLanguage":"fr-FR"},{"@type":"Organization","@id":"https:\/\/www.docautomotive.ch\/fr\/#organization","name":"Doc Automotive AG","alternateName":"Doc Automotive","url":"https:\/\/www.docautomotive.ch\/fr\/","logo":{"@type":"ImageObject","inLanguage":"fr-FR","@id":"https:\/\/www.docautomotive.ch\/fr\/#\/schema\/logo\/image\/","url":"https:\/\/www.docautomotive.ch\/wp-content\/uploads\/2024\/10\/Doc-Garage-Yoast-Thumb-Squared.jpg","contentUrl":"https:\/\/www.docautomotive.ch\/wp-content\/uploads\/2024\/10\/Doc-Garage-Yoast-Thumb-Squared.jpg","width":696,"height":696,"caption":"Doc Automotive AG"},"image":{"@id":"https:\/\/www.docautomotive.ch\/fr\/#\/schema\/logo\/image\/"},"sameAs":["https:\/\/www.instagram.com\/docautomotive\/"]}]}},"_links":{"self":[{"href":"https:\/\/www.docautomotive.ch\/fr\/wp-json\/wp\/v2\/pages\/2854","targetHints":{"allow":["GET"]}}],"collection":[{"href":"https:\/\/www.docautomotive.ch\/fr\/wp-json\/wp\/v2\/pages"}],"about":[{"href":"https:\/\/www.docautomotive.ch\/fr\/wp-json\/wp\/v2\/types\/page"}],"author":[{"embeddable":true,"href":"https:\/\/www.docautomotive.ch\/fr\/wp-json\/wp\/v2\/users\/1"}],"replies":[{"embeddable":true,"href":"https:\/\/www.docautomotive.ch\/fr\/wp-json\/wp\/v2\/comments?post=2854"}],"version-history":[{"count":13,"href":"https:\/\/www.docautomotive.ch\/fr\/wp-json\/wp\/v2\/pages\/2854\/revisions"}],"predecessor-version":[{"id":94121,"href":"https:\/\/www.docautomotive.ch\/fr\/wp-json\/wp\/v2\/pages\/2854\/revisions\/94121"}],"wp:attachment":[{"href":"https:\/\/www.docautomotive.ch\/fr\/wp-json\/wp\/v2\/media?parent=2854"}],"curies":[{"name":"wp","href":"https:\/\/api.w.org\/{rel}","templated":true}]}}