{"id":27092,"date":"2019-12-13T10:39:11","date_gmt":"2019-12-13T10:39:11","guid":{"rendered":"https:\/\/www.docautomotive.ch\/politique-de-confidentialite\/"},"modified":"2024-12-26T10:56:14","modified_gmt":"2024-12-26T10:56:14","slug":"politique-de-confidentialite","status":"publish","type":"page","link":"https:\/\/www.docautomotive.ch\/fr\/politique-de-confidentialite\/","title":{"rendered":"Politique de confidentialit\u00e9"},"content":{"rendered":"<div class=\"wpb-content-wrapper\"><p>[vc_row][vc_column][vc_empty_space][vc_custom_heading text=&#8221;POLITIQUE DE CONFIDENTIALIT\u00c9&#8221; font_container=&#8221;tag:h1|text_align:center&#8221; use_theme_fonts=&#8221;yes&#8221; css=&#8221;&#8221;][vc_empty_space][vc_column_text css=&#8221;&#8221;]<\/p>\n&#13;\n<h3 class=\"wp-block-heading\">1. Qui sommes-nous ?<\/h3>&#13;\n<p>\nOur website address is: <a href=\"http:\/\/docautomotive.ch\/\">http:\/\/docautomotive.ch\/<\/a>&#13;\n<p>\u00a0<\/p>&#13;\n<h3>2. Principles followed regarding data protection<\/h3>&#13;\n<p>Nous nous engageons \u00e0 respecter les principes suivants en mati\u00e8re de protection des donn\u00e9es :<\/p>&#13;\n<ul>&#13;\n<li>Lawful, fair and transparent processing. Our processing activities have legitimate grounds and we always consider your rights before processing your personal data.<\/li>&#13;\n<li>Processing limited to purpose. Our processing activities correspond to the purpose for which the personal data was collected.<\/li>&#13;\n<li>Processing performed with minimal data. We collect and process only the minimum amount of Personal Data required for any purpose.<\/li>&#13;\n<li>Time-limited processing. We will not store your personal data for longer than necessary.<\/li>&#13;\n<li>We will do our best to ensure the accuracy of the data.<\/li>&#13;\n<li>We will do our best to ensure the integrity and confidentiality of your data.<\/li>&#13;\n<\/ul>&#13;\n<p>\u00a0<\/p>&#13;\n<h3>3. How the data is collected<\/h3>&#13;\n<h4>3.1 Personal Data freely provided by the User<\/h4>&#13;\n<p>Il s&#8217;agit principalement de toutes les informations fournies volontairement par un utilisateur du site n\u00e9cessaires pour vous fournir un produit \/ service \/ devis, un retour d&#8217;information commercial. Nous enregistrons les informations que vous nous fournissez afin de commenter ou d&#8217;effectuer d&#8217;autres activit\u00e9s sur le site web. Ces informations comprennent, par exemple, votre pr\u00e9nom, votre nom, votre adresse \u00e9lectronique et votre num\u00e9ro de t\u00e9l\u00e9phone. Si vous ne fournissez pas ces donn\u00e9es, il se peut que nous soyons dans l&#8217;impossibilit\u00e9 de fournir le service demand\u00e9. Dans les cas o\u00f9 certaines donn\u00e9es sont indiqu\u00e9es comme \u00e9tant facultatives, les utilisateurs sont libres de ne pas les communiquer, sans que cela ait une quelconque cons\u00e9quence sur la disponibilit\u00e9 du service ou son fonctionnement.    <\/p>&#13;\n<h4>3.2 Usage Data, collected automatically when using this website<\/h4>&#13;\n<p>Lorsque vous naviguez sur le contenu de notre site web, vos activit\u00e9s peuvent \u00eatre enregistr\u00e9es. Il s&#8217;agit notamment d&#8217;informations qui sont automatiquement stock\u00e9es par des cookies et d&#8217;autres outils de session. Par exemple, des informations sur votre adresse IP. Ces informations sont utilis\u00e9es pour am\u00e9liorer l&#8217;exp\u00e9rience du client. L&#8217;utilisation de cookies par ce site web ou par des services tiers utilis\u00e9s, sauf indication contraire, a pour but de fournir le service demand\u00e9 par l&#8217;utilisateur, en plus des autres objectifs d\u00e9crits dans le pr\u00e9sent document et dans la politique relative aux cookies.    <\/p>&#13;\n<h4>3.3 Publicly Available Information<\/h4>&#13;\n<p>Nous pouvons collecter des informations vous concernant qui sont accessibles au public.<\/p>&#13;\n<p>\u00a0<\/p>&#13;\n<p><\/p><\/p>\n&#13;\n<h3 class=\"wp-block-heading\">4. Quelles sont les donn\u00e9es \u00e0 caract\u00e8re personnel que nous recueillons et pourquoi nous les recueillons ?<\/h3>&#13;\n<p><\/p><\/p>\n&#13;\n<h4 class=\"wp-block-heading\">4.1 Commentaires<\/h4>&#13;\n<p>\nWhen visitors leave comments on the site we collect the data shown in the comments form, and also the visitor\u2019s IP address and browser user agent string to help spam detection.\r\n<p>\nAn anonymized string created from your email address (also called a hash) may be provided to the Gravatar service to see if you are using it. The Gravatar service privacy policy is available here: https:\/\/automattic.com\/privacy\/. After approval of your comment, your profile picture is visible to the public in the context of your comment.&#13;\n<p><\/p><\/p>\n&#13;\n<h4 class=\"wp-block-heading\">4.2 Les m\u00e9dias<\/h4>&#13;\n<p>\nIf you upload images to the website, you should avoid uploading images with embedded location data (EXIF GPS) included. Visitors to the website can download and extract any location data from images on the website.&#13;\n<p><\/p><\/p>\n&#13;\n<h4 class=\"wp-block-heading\">4.3 Formulaires de contact<\/h4>&#13;\n<p>The provision of data of this type is optional: the user can therefore provide us with his data only if actually interested in receiving the requested information, to be in line with the new regulation on each of our forms we have inserted the box in which it is mandatory give your consent to be able to send the contact request. Fioravanti Motors srl will use the information provided in the forms (Name, Surname, telephone number, email address) for the purposes set out in the form.<\/p>&#13;\n<p><\/p><\/p>\n&#13;\n<h4 class=\"wp-block-heading\">4.4 Cookies<\/h4>&#13;\n<p>A cookie is a small text file stored on your computer. Cookies store information that is used to help make sites work. Only we can access the cookies created by our website. You can control your cookies at the browser level. Choosing to disable cookies may hinder the use of certain functions.<\/p>&#13;\n<p>We use cookies to analyze customer behavior, administer the website, track users&#8217; movements and collect information about browsing behavior. We use cookies for the following purposes:<\/p>&#13;\n<ul>&#13;\n<li><strong>Necessary cookies<\/strong>: These cookies are necessary for you to use some important features on our website, such as logging in. These cookies do not collect any personal information.<\/li>&#13;\n<li><strong>Functionality cookies<\/strong>: these cookies provide features that make using the service more convenient and enable more personalized features. For example, they might remember your name and email in the comment forms so you don&#8217;t have to re-enter this information the next time when they comment.<\/li>&#13;\n<li><strong>Analytics cookies<\/strong>: These cookies are used to track the use and performance of our website and services.<\/li>&#13;\n<\/ul>&#13;\n<p>If you leave a comment on our site you may choose to save your name, email address and website in cookies. These are there to help you navigate our site, for your convenience so that you don&#8217;t have to fill in your details again when you leave another comment. These cookies will last for one year.<\/p>&#13;\n<p>If you have an account and log in to this site, we will set a temporary cookie to determine whether your browser accepts cookies. This cookie contains no personal data and is deleted when you close your browser.<\/p>&#13;\n<p>When you log in, we will also set up several cookies to save your login information and your screen display choices. Login cookies last for two days, and screen options cookies last for a year. If you select &#8220;Remember Me&#8221;, your login will persist for two weeks. If you log out of your account, the login cookies will be removed.<\/p>&#13;\n<p>If you log out of your account, the login cookies will be removed. If you edit or publish an article, an additional cookie will be saved in your browser. This cookie does not include personal data and simply indicates the post ID of the article you just edited. Expires after 1 day.<\/p>&#13;\n<p>\nIf you edit or publish an article, an additional cookie will be saved in your browser. This cookie includes no personal data and simply indicates the post ID of the article you just edited. It expires after 1 day.&#13;\n<p>Vous pouvez supprimer les cookies stock\u00e9s sur votre ordinateur via les param\u00e8tres de votre navigateur. Vous pouvez \u00e9galement contr\u00f4ler certains cookies de tiers en utilisant une plateforme d&#8217;am\u00e9lioration de la confidentialit\u00e9 telle que <a href=\"http:\/\/optout.aboutads.info\/\">optout.aboutads.info<\/a> ou <a href=\"http:\/\/www.youronlinechoices.com\/\">youronlinechoices.com<\/a>. Pour plus d&#8217;informations sur les cookies, consultez le site <a href=\"http:\/\/allaboutcookies.org\">allaboutcookies.org<\/a>. Nous utilisons Google Analytics pour mesurer le trafic sur notre site web. Google a sa propre politique de confidentialit\u00e9 que vous pouvez consulter <a href=\"https:\/\/support.google.com\/analytics\/answer\/6004245\">ici<\/a>. Si vous souhaitez d\u00e9sactiver le suivi de Google Analytics, veuillez consulter la <a href=\"https:\/\/tools.google.com\/dlpage\/gaoptout\">page de d\u00e9sactivation de Google Analytics<\/a>.     <\/p>&#13;\n<p><\/p><\/p>\n&#13;\n<h4 class=\"wp-block-heading\">4.5 Contenu int\u00e9gr\u00e9 d&#8217;autres sites web<\/h4>&#13;\n<p>\nArticles on this site may include embedded content (e.g. videos, images, articles, etc.). Embedded content from other websites behaves in the exact same way as if the visitor has visited the other website.\r\n<p>\nThese websites may collect data about you, use cookies, embed additional third-party tracking, and monitor your interaction with that embedded content, including tracking your interaction with the embedded content if you have an account and are logged in to that website.&#13;\n<p><\/p><\/p>\n&#13;\n<h4 class=\"wp-block-heading\">4.6 Analyse<\/h4>&#13;\n<p>\nThe data provided by subscribing to our newsletter or requesting quotes will be processed solely to allow us to send you, via e-mail or direct phone calls from our sales representatives, the requested information.&#13;\n<p>We ask all our users to express their consent and preferences regarding which methods we will be allowed to send communications by email in accordance with the new regulation.<\/p>&#13;\n<p>For this reason, users who receive our newsletter will be able to change their preferences and\/or unsubscribe from the service at any time by clicking on the unsubscribe link in the footer of every email they receive from us or by contacting us at <a href=\"mailto:info@docautomotive.ch\">info@docautomotive.ch<\/a>. We will treat their information with respect.<\/p>&#13;\n<h2 class=\"wp-block-heading\">\u00a0<\/h2>&#13;\n<h3>5. Avec qui nous partageons vos donn\u00e9es<\/h3>&#13;\n<p><\/p><\/p>\n&#13;\n<h2 class=\"wp-block-heading\">\u00a0<\/h2>&#13;\n<h3>4. Dur\u00e9e de conservation de vos donn\u00e9es<\/h3>&#13;\n<p>\nIf you leave a comment, the comment and its metadata are retained indefinitely. This is so we can recognize and approve any follow-up comments automatically instead of holding them in a moderation queue.\r\n<p>\nFor users that register on our website (if any), we also store the personal information they provide in their user profile. All users can see, edit, or delete their personal information at any time (except they cannot change their username). Website administrators can also see and edit that information.&#13;\n<p><\/p><\/p>\n&#13;\n<h2 class=\"wp-block-heading\">\u00a0<\/h2>&#13;\n<h3>5. Quels sont vos droits sur vos donn\u00e9es ?<\/h3>&#13;\n<p>\nIf you have an account on this site, or have left comments, you can request to receive an exported file of the personal data we hold about you, including any data you have provided to us. You can also request that we erase any personal data we hold about you. This does not include any data we are obliged to keep for administrative, legal, or security purposes.&#13;\n<p><\/p><\/p>\n&#13;\n<h2 class=\"wp-block-heading\">\u00a0<\/h2>&#13;\n<h3>6. O\u00f9 nous envoyons vos donn\u00e9es<\/h3>&#13;\n<p>\nVisitor comments may be checked through an automated spam detection service.&#13;\n<p><\/p><\/p>\n&#13;\n<h2 class=\"wp-block-heading\">\u00a0<\/h2>&#13;\n<h3>7. Vos coordonn\u00e9es<\/h3>&#13;\n<p><\/p><\/p>\n&#13;\n<h2 class=\"wp-block-heading\">\u00a0<\/h2>&#13;\n<h3>8. Informations compl\u00e9mentaires<\/h3>&#13;\n<p><\/p><\/p>\n&#13;\n<h3 class=\"wp-block-heading\">Comment nous prot\u00e9geons vos donn\u00e9es<\/h3>&#13;\n<p><\/p><\/p>\n&#13;\n<h3 class=\"wp-block-heading\">Quelles sont les proc\u00e9dures mises en place en cas de violation des donn\u00e9es ?<\/h3>&#13;\n<p><\/p><\/p>\n&#13;\n<h3 class=\"wp-block-heading\">Quels sont les tiers dont nous recevons des donn\u00e9es ?<\/h3>&#13;\n<p><\/p><\/p>\n&#13;\n<h3 class=\"wp-block-heading\">Quelles sont les d\u00e9cisions automatis\u00e9es et\/ou le profilage que nous effectuons avec les donn\u00e9es des utilisateurs ?<\/h3>&#13;\n<p><\/p><\/p>\n&#13;\n<h3 class=\"wp-block-heading\">Exigences r\u00e9glementaires en mati\u00e8re d&#8217;information de l&#8217;industrie<\/h3>&#13;\n<p>&nbsp;<\/p>\n<p>[\/vc_column_text][\/vc_column][\/vc_row]<\/p>\n<\/div>","protected":false},"excerpt":{"rendered":"<p>[vc_row][vc_column][vc_empty_space][vc_custom_heading text=&#8221;POLITIQUE DE CONFIDENTIALIT\u00c9&#8221; font_container=&#8221;tag:h1|text_align:center&#8221; use_theme_fonts=&#8221;yes&#8221; css=&#8221;&#8221;][vc_empty_space][vc_column_text css=&#8221;&#8221;] &#13; 1. Qui sommes-nous ? &#13; Our website address is: http:\/\/docautomotive.ch\/&#13; \u00a0 &#13; 2. Principles followed regarding data protection &#13; Nous nous engageons \u00e0 respecter les principes suivants en mati\u00e8re de protection des donn\u00e9es : &#13; &#13; Lawful, fair and transparent processing. Our processing activities have legitimate&#8230;<\/p>\n","protected":false},"author":1,"featured_media":0,"parent":0,"menu_order":0,"comment_status":"closed","ping_status":"closed","template":"","meta":{"footnotes":""},"class_list":["post-27092","page","type-page","status-publish","hentry"],"yoast_head":"<!-- This site is optimized with the Yoast SEO plugin v27.4 - https:\/\/yoast.com\/product\/yoast-seo-wordpress\/ -->\n<title>Politique de confidentialit\u00e9 | Doc Automotive AG<\/title>\n<meta name=\"robots\" content=\"index, follow, max-snippet:-1, max-image-preview:large, max-video-preview:-1\" \/>\n<link rel=\"canonical\" href=\"https:\/\/www.docautomotive.ch\/fr\/politique-de-confidentialite\/\" \/>\n<meta property=\"og:locale\" content=\"fr_FR\" \/>\n<meta property=\"og:type\" content=\"article\" \/>\n<meta property=\"og:title\" content=\"Politique de confidentialit\u00e9 | Doc Automotive AG\" \/>\n<meta property=\"og:description\" content=\"[vc_row][vc_column][vc_empty_space][vc_custom_heading text=&#8221;POLITIQUE DE CONFIDENTIALIT\u00c9&#8221; font_container=&#8221;tag:h1|text_align:center&#8221; use_theme_fonts=&#8221;yes&#8221; css=&#8221;&#8221;][vc_empty_space][vc_column_text css=&#8221;&#8221;] &#013; 1. Qui sommes-nous ? &#013; Our website address is: http:\/\/docautomotive.ch\/&#013; \u00a0 &#013; 2. Principles followed regarding data protection &#013; Nous nous engageons \u00e0 respecter les principes suivants en mati\u00e8re de protection des donn\u00e9es : &#013; &#013; Lawful, fair and transparent processing. Our processing activities have legitimate...\" \/>\n<meta property=\"og:url\" content=\"https:\/\/www.docautomotive.ch\/fr\/politique-de-confidentialite\/\" \/>\n<meta property=\"og:site_name\" content=\"Doc Automotive AG\" \/>\n<meta property=\"article:modified_time\" content=\"2024-12-26T10:56:14+00:00\" \/>\n<meta property=\"og:image\" content=\"https:\/\/www.docautomotive.ch\/wp-content\/uploads\/2024\/10\/Doc-Garage-Yoast-Thumb.jpg\" \/>\n\t<meta property=\"og:image:width\" content=\"1200\" \/>\n\t<meta property=\"og:image:height\" content=\"675\" \/>\n\t<meta property=\"og:image:type\" content=\"image\/jpeg\" \/>\n<meta name=\"twitter:card\" content=\"summary_large_image\" \/>\n<meta name=\"twitter:label1\" content=\"Dur\u00e9e de lecture estim\u00e9e\" \/>\n\t<meta name=\"twitter:data1\" content=\"8 minutes\" \/>\n<script type=\"application\/ld+json\" class=\"yoast-schema-graph\">{\"@context\":\"https:\\\/\\\/schema.org\",\"@graph\":[{\"@type\":\"WebPage\",\"@id\":\"https:\\\/\\\/www.docautomotive.ch\\\/fr\\\/politique-de-confidentialite\\\/\",\"url\":\"https:\\\/\\\/www.docautomotive.ch\\\/fr\\\/politique-de-confidentialite\\\/\",\"name\":\"Politique de confidentialit\u00e9 | Doc Automotive AG\",\"isPartOf\":{\"@id\":\"https:\\\/\\\/www.docautomotive.ch\\\/fr\\\/#website\"},\"datePublished\":\"2019-12-13T10:39:11+00:00\",\"dateModified\":\"2024-12-26T10:56:14+00:00\",\"breadcrumb\":{\"@id\":\"https:\\\/\\\/www.docautomotive.ch\\\/fr\\\/politique-de-confidentialite\\\/#breadcrumb\"},\"inLanguage\":\"fr-FR\",\"potentialAction\":[{\"@type\":\"ReadAction\",\"target\":[\"https:\\\/\\\/www.docautomotive.ch\\\/fr\\\/politique-de-confidentialite\\\/\"]}]},{\"@type\":\"BreadcrumbList\",\"@id\":\"https:\\\/\\\/www.docautomotive.ch\\\/fr\\\/politique-de-confidentialite\\\/#breadcrumb\",\"itemListElement\":[{\"@type\":\"ListItem\",\"position\":1,\"name\":\"Home\",\"item\":\"https:\\\/\\\/www.docautomotive.ch\\\/fr\\\/\"},{\"@type\":\"ListItem\",\"position\":2,\"name\":\"Politique de confidentialit\u00e9\"}]},{\"@type\":\"WebSite\",\"@id\":\"https:\\\/\\\/www.docautomotive.ch\\\/fr\\\/#website\",\"url\":\"https:\\\/\\\/www.docautomotive.ch\\\/fr\\\/\",\"name\":\"Doc Automotive AG\",\"description\":\"Your Best B2B Car Dealer\",\"publisher\":{\"@id\":\"https:\\\/\\\/www.docautomotive.ch\\\/fr\\\/#organization\"},\"alternateName\":\"Doc Automotive\",\"potentialAction\":[{\"@type\":\"SearchAction\",\"target\":{\"@type\":\"EntryPoint\",\"urlTemplate\":\"https:\\\/\\\/www.docautomotive.ch\\\/fr\\\/?s={search_term_string}\"},\"query-input\":{\"@type\":\"PropertyValueSpecification\",\"valueRequired\":true,\"valueName\":\"search_term_string\"}}],\"inLanguage\":\"fr-FR\"},{\"@type\":\"Organization\",\"@id\":\"https:\\\/\\\/www.docautomotive.ch\\\/fr\\\/#organization\",\"name\":\"Doc Automotive AG\",\"alternateName\":\"Doc Automotive\",\"url\":\"https:\\\/\\\/www.docautomotive.ch\\\/fr\\\/\",\"logo\":{\"@type\":\"ImageObject\",\"inLanguage\":\"fr-FR\",\"@id\":\"https:\\\/\\\/www.docautomotive.ch\\\/fr\\\/#\\\/schema\\\/logo\\\/image\\\/\",\"url\":\"https:\\\/\\\/www.docautomotive.ch\\\/wp-content\\\/uploads\\\/2024\\\/10\\\/Doc-Garage-Yoast-Thumb-Squared.jpg\",\"contentUrl\":\"https:\\\/\\\/www.docautomotive.ch\\\/wp-content\\\/uploads\\\/2024\\\/10\\\/Doc-Garage-Yoast-Thumb-Squared.jpg\",\"width\":696,\"height\":696,\"caption\":\"Doc Automotive AG\"},\"image\":{\"@id\":\"https:\\\/\\\/www.docautomotive.ch\\\/fr\\\/#\\\/schema\\\/logo\\\/image\\\/\"},\"sameAs\":[\"https:\\\/\\\/www.instagram.com\\\/docautomotive\\\/\"]}]}<\/script>\n<!-- \/ Yoast SEO plugin. -->","yoast_head_json":{"title":"Politique de confidentialit\u00e9 | Doc Automotive AG","robots":{"index":"index","follow":"follow","max-snippet":"max-snippet:-1","max-image-preview":"max-image-preview:large","max-video-preview":"max-video-preview:-1"},"canonical":"https:\/\/www.docautomotive.ch\/fr\/politique-de-confidentialite\/","og_locale":"fr_FR","og_type":"article","og_title":"Politique de confidentialit\u00e9 | Doc Automotive AG","og_description":"[vc_row][vc_column][vc_empty_space][vc_custom_heading text=&#8221;POLITIQUE DE CONFIDENTIALIT\u00c9&#8221; font_container=&#8221;tag:h1|text_align:center&#8221; use_theme_fonts=&#8221;yes&#8221; css=&#8221;&#8221;][vc_empty_space][vc_column_text css=&#8221;&#8221;] &#13; 1. Qui sommes-nous ? &#13; Our website address is: http:\/\/docautomotive.ch\/&#13; \u00a0 &#13; 2. Principles followed regarding data protection &#13; Nous nous engageons \u00e0 respecter les principes suivants en mati\u00e8re de protection des donn\u00e9es : &#13; &#13; Lawful, fair and transparent processing. Our processing activities have legitimate...","og_url":"https:\/\/www.docautomotive.ch\/fr\/politique-de-confidentialite\/","og_site_name":"Doc Automotive AG","article_modified_time":"2024-12-26T10:56:14+00:00","og_image":[{"width":1200,"height":675,"url":"https:\/\/www.docautomotive.ch\/wp-content\/uploads\/2024\/10\/Doc-Garage-Yoast-Thumb.jpg","type":"image\/jpeg"}],"twitter_card":"summary_large_image","twitter_misc":{"Dur\u00e9e de lecture estim\u00e9e":"8 minutes"},"schema":{"@context":"https:\/\/schema.org","@graph":[{"@type":"WebPage","@id":"https:\/\/www.docautomotive.ch\/fr\/politique-de-confidentialite\/","url":"https:\/\/www.docautomotive.ch\/fr\/politique-de-confidentialite\/","name":"Politique de confidentialit\u00e9 | Doc Automotive AG","isPartOf":{"@id":"https:\/\/www.docautomotive.ch\/fr\/#website"},"datePublished":"2019-12-13T10:39:11+00:00","dateModified":"2024-12-26T10:56:14+00:00","breadcrumb":{"@id":"https:\/\/www.docautomotive.ch\/fr\/politique-de-confidentialite\/#breadcrumb"},"inLanguage":"fr-FR","potentialAction":[{"@type":"ReadAction","target":["https:\/\/www.docautomotive.ch\/fr\/politique-de-confidentialite\/"]}]},{"@type":"BreadcrumbList","@id":"https:\/\/www.docautomotive.ch\/fr\/politique-de-confidentialite\/#breadcrumb","itemListElement":[{"@type":"ListItem","position":1,"name":"Home","item":"https:\/\/www.docautomotive.ch\/fr\/"},{"@type":"ListItem","position":2,"name":"Politique de confidentialit\u00e9"}]},{"@type":"WebSite","@id":"https:\/\/www.docautomotive.ch\/fr\/#website","url":"https:\/\/www.docautomotive.ch\/fr\/","name":"Doc Automotive AG","description":"Your Best B2B Car Dealer","publisher":{"@id":"https:\/\/www.docautomotive.ch\/fr\/#organization"},"alternateName":"Doc Automotive","potentialAction":[{"@type":"SearchAction","target":{"@type":"EntryPoint","urlTemplate":"https:\/\/www.docautomotive.ch\/fr\/?s={search_term_string}"},"query-input":{"@type":"PropertyValueSpecification","valueRequired":true,"valueName":"search_term_string"}}],"inLanguage":"fr-FR"},{"@type":"Organization","@id":"https:\/\/www.docautomotive.ch\/fr\/#organization","name":"Doc Automotive AG","alternateName":"Doc Automotive","url":"https:\/\/www.docautomotive.ch\/fr\/","logo":{"@type":"ImageObject","inLanguage":"fr-FR","@id":"https:\/\/www.docautomotive.ch\/fr\/#\/schema\/logo\/image\/","url":"https:\/\/www.docautomotive.ch\/wp-content\/uploads\/2024\/10\/Doc-Garage-Yoast-Thumb-Squared.jpg","contentUrl":"https:\/\/www.docautomotive.ch\/wp-content\/uploads\/2024\/10\/Doc-Garage-Yoast-Thumb-Squared.jpg","width":696,"height":696,"caption":"Doc Automotive AG"},"image":{"@id":"https:\/\/www.docautomotive.ch\/fr\/#\/schema\/logo\/image\/"},"sameAs":["https:\/\/www.instagram.com\/docautomotive\/"]}]}},"_links":{"self":[{"href":"https:\/\/www.docautomotive.ch\/fr\/wp-json\/wp\/v2\/pages\/27092","targetHints":{"allow":["GET"]}}],"collection":[{"href":"https:\/\/www.docautomotive.ch\/fr\/wp-json\/wp\/v2\/pages"}],"about":[{"href":"https:\/\/www.docautomotive.ch\/fr\/wp-json\/wp\/v2\/types\/page"}],"author":[{"embeddable":true,"href":"https:\/\/www.docautomotive.ch\/fr\/wp-json\/wp\/v2\/users\/1"}],"replies":[{"embeddable":true,"href":"https:\/\/www.docautomotive.ch\/fr\/wp-json\/wp\/v2\/comments?post=27092"}],"version-history":[{"count":0,"href":"https:\/\/www.docautomotive.ch\/fr\/wp-json\/wp\/v2\/pages\/27092\/revisions"}],"wp:attachment":[{"href":"https:\/\/www.docautomotive.ch\/fr\/wp-json\/wp\/v2\/media?parent=27092"}],"curies":[{"name":"wp","href":"https:\/\/api.w.org\/{rel}","templated":true}]}}