{"id":27062,"date":"2024-04-19T13:41:31","date_gmt":"2024-04-19T13:41:31","guid":{"rendered":"https:\/\/www.docautomotive.ch\/conditions-dutilisation\/"},"modified":"2025-01-28T22:16:34","modified_gmt":"2025-01-28T22:16:34","slug":"conditions-dutilisation","status":"publish","type":"page","link":"https:\/\/www.docautomotive.ch\/fr\/conditions-dutilisation\/","title":{"rendered":"Conditions d&#8217;utilisation"},"content":{"rendered":"<div class=\"wpb-content-wrapper\"><p>[vc_row][vc_column][vc_empty_space][vc_custom_heading text=&#8221;CONDITIONS D&apos;UTILISATION&#8221; font_container=&#8221;tag:h1|text_align:center&#8221; css=&#8221;&#8221; el_class=&#8221;monospace&#8221;][vc_column_text css=&#8221;&#8221;]<\/p>\n<h2>1. Acceptation<\/h2>\n<p>Le site Internet docautomotive.ch (&#8220;Plate-forme&#8221;) est mis \u00e0 disposition par Doc Automotive AG, soci\u00e9t\u00e9 de droit suisse, dont le si\u00e8ge social est situ\u00e9 <strong>Grundstra\u00dfe 36a, 6430, Schweiz<\/strong> et dont le num\u00e9ro de TVA\/Ust-ID est <strong>CHE-232.196.871<\/strong> (&#8220;Nous&#8221;). L&#8217;utilisateur de la plate-forme peut nous contacter en envoyant un courriel \u00e0 info@docautomotive.ch ou \u00e0 l&#8217;adresse ci-dessus. <\/p>\n<p>En acc\u00e9dant \u00e0 la plate-forme ou en cr\u00e9ant un compte, vous acceptez les pr\u00e9sentes conditions d&#8217;utilisation. Si vous ne souhaitez pas accepter ces conditions d&#8217;utilisation, veuillez ne plus visiter ou utiliser la plateforme. Nous ne pourrons pas non plus cr\u00e9er de compte pour vous.  <\/p>\n<p>Les pr\u00e9sentes conditions d&#8217;utilisation s&#8217;appliquent \u00e0 l&#8217;utilisation de la plate-forme de Doc Automotive AG. Ces conditions d&#8217;utilisation doivent \u00eatre lues conjointement avec d&#8217;autres conditions applicables \u00e0 l&#8217;utilisation de la plate-forme, telles que notre politique de confidentialit\u00e9 (ou d\u00e9claration de confidentialit\u00e9) et notre politique en mati\u00e8re de cookies (ou d\u00e9claration sur les cookies). <\/p>\n<p>&nbsp;<\/p>\n<h2>2. Services offerts par le site web<\/h2>\n<p>2.1. Vous pouvez acc\u00e9der au site web pour plusieurs raisons, notamment pour consulter nos coordonn\u00e9es et demander un compte. Pour conna\u00eetre les produits\/services r\u00e9els de Doc Automotive AG (voitures neuves en stock \u00e0 des prix de march\u00e9 comp\u00e9titifs), vous devez cr\u00e9er un compte.  <\/p>\n<p>2.2. You do need to register to the Website to access the company inventory. Creating an Account is free of charge but must be accepted by Doc Automotive AG.  <\/p>\n<p>2.3. The equipment you need to use the Website and to create an Account on it are laptop\/PC and an internet connection. <\/p>\n<p>2.4. Doc Automotive AG wishes to point out that using certain configurations could result in a different experience. However, we try to keep these differences to a minimum.  <\/p>\n<p>2.5. If you wish to contact Doc Automotive AG using the Website\u2019s contact form, your personal data will be processed. For the purpose of this processing, we expressly refer to our privacy policy published on the Website, where you can consult all information about processing in a clear and transparent manner.  <\/p>\n<p>&nbsp;<\/p>\n<h2>3. Protection des donn\u00e9es \u00e0 caract\u00e8re personnel<\/h2>\n<p>Lorsque vous utilisez le site web ou cr\u00e9ez un compte, vos donn\u00e9es personnelles peuvent \u00eatre collect\u00e9es et trait\u00e9es. Nous attachons une grande valeur et une grande importance \u00e0 votre vie priv\u00e9e et au traitement s\u00e9curis\u00e9 de vos donn\u00e9es \u00e0 caract\u00e8re personnel. Aux fins de ce traitement, nous nous r\u00e9f\u00e9rons express\u00e9ment \u00e0 notre politique de confidentialit\u00e9 publi\u00e9e sur la Plateforme, o\u00f9 vous pouvez consulter toutes les informations relatives au traitement de mani\u00e8re claire et transparente, ainsi qu&#8217;\u00e0 notre politique en mati\u00e8re de cookies.  <\/p>\n<p>&nbsp;<\/p>\n<h2>4. La propri\u00e9t\u00e9 intellectuelle<\/h2>\n<p>Tous les droits de propri\u00e9t\u00e9 intellectuelle, y compris les droits d&#8217;auteur et les droits de marque, sur tous les textes, images, films, sons, logiciels et autres mat\u00e9riels figurant sur ce site web nous appartiennent ou appartiennent exclusivement \u00e0 des tiers. L&#8217;utilisation non autoris\u00e9e de toute information fournie est strictement interdite. Vous n&#8217;acqu\u00e9rez aucun droit de propri\u00e9t\u00e9 intellectuelle sur les informations contenues dans la plate-forme.  <\/p>\n<p>En utilisant le site web, vous vous engagez \u00e0 certaines choses, notamment :<\/p>\n<ul>\n<li>ne pas utiliser les informations de mani\u00e8re ill\u00e9gale ou illicite ;<\/li>\n<li>\u00e0 ne pas utiliser les informations contenues dans le site Web \u00e0 d&#8217;autres fins que vos besoins internes et donc \u00e0 ne pas les exploiter commercialement (par exemple, en utilisant des photographies pour votre entreprise) ;<\/li>\n<li>ne pas utiliser le site web de mani\u00e8re \u00e0 endommager, d\u00e9former, interrompre, arr\u00eater ou rendre moins efficace le site web ou la plate-forme ;<\/li>\n<li>ne pas utiliser le site web dans le but d&#8217;introduire des virus informatiques ou de transmettre ou d&#8217;afficher du mat\u00e9riel ill\u00e9gal ou illicite ou du mat\u00e9riel inappropri\u00e9 de quelque mani\u00e8re que ce soit (y compris, mais sans s&#8217;y limiter, du mat\u00e9riel diffamatoire, obsc\u00e8ne ou mena\u00e7ant) ;<\/li>\n<li>ne pas utiliser le site web d&#8217;une mani\u00e8re qui porte atteinte aux droits d&#8217;une personne physique, d&#8217;une entit\u00e9 juridique ou d&#8217;une association, y compris, mais sans s&#8217;y limiter, aux droits \u00e0 la vie priv\u00e9e et aux droits de propri\u00e9t\u00e9 intellectuelle.<\/li>\n<\/ul>\n<p>Nous nous r\u00e9servons le droit de prendre des mesures (y compris des mesures juridiques) \u00e0 l&#8217;encontre de toute personne qui enfreint les dispositions ci-dessus ou toute autre partie des conditions d&#8217;utilisation.<\/p>\n<p>&nbsp;<\/p>\n<h2>5. Liens avec des tiers<\/h2>\n<p>Le site web peut contenir des r\u00e9f\u00e9rences \u00e0 d&#8217;autres sites web qui ne nous appartiennent pas. Doc Automotive AG n&#8217;est donc pas responsable de ces autres sites web, y compris des informations qu&#8217;ils contiennent et de la protection de la vie priv\u00e9e et des donn\u00e9es personnelles. <\/p>\n<h2> <\/h2>\n<h2>6. Nature de nos services<\/h2>\n<p>Bien que nous nous efforcions de maintenir les informations fournies aussi \u00e0 jour que possible, nous ne pouvons garantir qu&#8217;elles sont toujours correctes, compl\u00e8tes et exactes. Si les informations affich\u00e9es ne sont plus correctes, compl\u00e8tes ou exactes, nous ne pouvons en aucun cas \u00eatre tenus responsables \u00e0 cet \u00e9gard. Il en va de m\u00eame pour les informations provenant de tiers. Les informations sont fournies &#8220;en l&#8217;\u00e9tat&#8221; sans aucune garantie quant \u00e0 leur exactitude ou leur utilit\u00e9.   <\/p>\n<p>Bien que nous mettions en \u0153uvre les mesures n\u00e9cessaires pour limiter les inconv\u00e9nients caus\u00e9s par des erreurs techniques, nous ne sommes pas responsables des d\u00e9faillances, interruptions ou erreurs dans la fourniture \u00e9lectronique de nos services.<\/p>\n<p>Nous prenons \u00e9galement toutes les mesures raisonnables pour prot\u00e9ger Doc Automotive AG contre les virus informatiques et autres logiciels malveillants. Compte tenu de la nature de ces dangers, vous reconnaissez que nous ne pouvons pas offrir une protection absolue. <\/p>\n<p>&nbsp;<\/p>\n<h2>7. Limitation de la responsabilit\u00e9<\/h2>\n<p>Dans la mesure o\u00f9 la l\u00e9gislation applicable le permet, nous ne sommes pas responsables des dommages de toute nature, directs ou indirects, li\u00e9s \u00e0 l&#8217;utilisation du site web, sauf en cas de fraude ou d&#8217;erreur d\u00e9lib\u00e9r\u00e9e. Ceci s&#8217;applique \u00e9galement, par exemple, aux dommages qui auraient pu \u00eatre caus\u00e9s par des interruptions du site web, des erreurs techniques, des virus ou d&#8217;autres dysfonctionnements. <\/p>\n<p>&nbsp;<\/p>\n<h2>8. Droit applicable et juridiction comp\u00e9tente<\/h2>\n<p>Le droit suisse r\u00e9git l&#8217;utilisation du site web. Tout litige r\u00e9sultant de l&#8217;utilisation de la Plateforme rel\u00e8ve de la comp\u00e9tence des tribunaux comp\u00e9tents pour la r\u00e9gion dans laquelle nous avons notre si\u00e8ge social. <\/p>\n<p>&nbsp;<\/p>\n<h2>Besoin d&#8217;aide ?<\/h2>\n<p><!-- \/wp:post-content --><\/p>\n<p><!-- wp:paragraph -->Contactez-nous \u00e0 l&#8217;adresse <a href=\"mailto:info@docautomotive.ch\">info@docautomotive.ch<\/a> pour toute question relative aux conditions d&#8217;utilisation.<\/p>\n<p>[\/vc_column_text][vc_empty_space height=&#8221;64px&#8221;][\/vc_column][\/vc_row]<\/p>\n<\/div>","protected":false},"excerpt":{"rendered":"<p>[vc_row][vc_column][vc_empty_space][vc_custom_heading text=&#8221;CONDITIONS D&apos;UTILISATION&#8221; font_container=&#8221;tag:h1|text_align:center&#8221; css=&#8221;&#8221; el_class=&#8221;monospace&#8221;][vc_column_text css=&#8221;&#8221;] 1. Acceptation Le site Internet docautomotive.ch (&#8220;Plate-forme&#8221;) est mis \u00e0 disposition par Doc Automotive AG, soci\u00e9t\u00e9 de droit suisse, dont le si\u00e8ge social est situ\u00e9 Grundstra\u00dfe 36a, 6430, Schweiz et dont le num\u00e9ro de TVA\/Ust-ID est CHE-232.196.871 (&#8220;Nous&#8221;). L&#8217;utilisateur de la plate-forme peut nous contacter en envoyant un&#8230;<\/p>\n","protected":false},"author":1,"featured_media":0,"parent":0,"menu_order":0,"comment_status":"closed","ping_status":"closed","template":"","meta":{"footnotes":""},"class_list":["post-27062","page","type-page","status-publish","hentry"],"yoast_head":"<!-- This site is optimized with the Yoast SEO plugin v27.4 - https:\/\/yoast.com\/product\/yoast-seo-wordpress\/ -->\n<title>Conditions d&#039;utilisation | Doc Automotive AG<\/title>\n<meta name=\"robots\" content=\"index, follow, max-snippet:-1, max-image-preview:large, max-video-preview:-1\" \/>\n<link rel=\"canonical\" href=\"https:\/\/www.docautomotive.ch\/fr\/conditions-dutilisation\/\" \/>\n<meta property=\"og:locale\" content=\"fr_FR\" \/>\n<meta property=\"og:type\" content=\"article\" \/>\n<meta property=\"og:title\" content=\"Conditions d&#039;utilisation | Doc Automotive AG\" \/>\n<meta property=\"og:description\" content=\"[vc_row][vc_column][vc_empty_space][vc_custom_heading text=&#8221;CONDITIONS D&amp;apos;UTILISATION&#8221; font_container=&#8221;tag:h1|text_align:center&#8221; css=&#8221;&#8221; el_class=&#8221;monospace&#8221;][vc_column_text css=&#8221;&#8221;] 1. Acceptation Le site Internet docautomotive.ch (&#8220;Plate-forme&#8221;) est mis \u00e0 disposition par Doc Automotive AG, soci\u00e9t\u00e9 de droit suisse, dont le si\u00e8ge social est situ\u00e9 Grundstra\u00dfe 36a, 6430, Schweiz et dont le num\u00e9ro de TVA\/Ust-ID est CHE-232.196.871 (&#8220;Nous&#8221;). L&#8217;utilisateur de la plate-forme peut nous contacter en envoyant un...\" \/>\n<meta property=\"og:url\" content=\"https:\/\/www.docautomotive.ch\/fr\/conditions-dutilisation\/\" \/>\n<meta property=\"og:site_name\" content=\"Doc Automotive AG\" \/>\n<meta property=\"article:modified_time\" content=\"2025-01-28T22:16:34+00:00\" \/>\n<meta property=\"og:image\" content=\"https:\/\/www.docautomotive.ch\/wp-content\/uploads\/2024\/10\/Doc-Garage-Yoast-Thumb.jpg\" \/>\n\t<meta property=\"og:image:width\" content=\"1200\" \/>\n\t<meta property=\"og:image:height\" content=\"675\" \/>\n\t<meta property=\"og:image:type\" content=\"image\/jpeg\" \/>\n<meta name=\"twitter:card\" content=\"summary_large_image\" \/>\n<meta name=\"twitter:label1\" content=\"Dur\u00e9e de lecture estim\u00e9e\" \/>\n\t<meta name=\"twitter:data1\" content=\"6 minutes\" \/>\n<script type=\"application\/ld+json\" class=\"yoast-schema-graph\">{\"@context\":\"https:\\\/\\\/schema.org\",\"@graph\":[{\"@type\":\"WebPage\",\"@id\":\"https:\\\/\\\/www.docautomotive.ch\\\/fr\\\/conditions-dutilisation\\\/\",\"url\":\"https:\\\/\\\/www.docautomotive.ch\\\/fr\\\/conditions-dutilisation\\\/\",\"name\":\"Conditions d'utilisation | Doc Automotive AG\",\"isPartOf\":{\"@id\":\"https:\\\/\\\/www.docautomotive.ch\\\/fr\\\/#website\"},\"datePublished\":\"2024-04-19T13:41:31+00:00\",\"dateModified\":\"2025-01-28T22:16:34+00:00\",\"breadcrumb\":{\"@id\":\"https:\\\/\\\/www.docautomotive.ch\\\/fr\\\/conditions-dutilisation\\\/#breadcrumb\"},\"inLanguage\":\"fr-FR\",\"potentialAction\":[{\"@type\":\"ReadAction\",\"target\":[\"https:\\\/\\\/www.docautomotive.ch\\\/fr\\\/conditions-dutilisation\\\/\"]}]},{\"@type\":\"BreadcrumbList\",\"@id\":\"https:\\\/\\\/www.docautomotive.ch\\\/fr\\\/conditions-dutilisation\\\/#breadcrumb\",\"itemListElement\":[{\"@type\":\"ListItem\",\"position\":1,\"name\":\"Home\",\"item\":\"https:\\\/\\\/www.docautomotive.ch\\\/fr\\\/\"},{\"@type\":\"ListItem\",\"position\":2,\"name\":\"Conditions d&#8217;utilisation\"}]},{\"@type\":\"WebSite\",\"@id\":\"https:\\\/\\\/www.docautomotive.ch\\\/fr\\\/#website\",\"url\":\"https:\\\/\\\/www.docautomotive.ch\\\/fr\\\/\",\"name\":\"Doc Automotive AG\",\"description\":\"Your Best B2B Car Dealer\",\"publisher\":{\"@id\":\"https:\\\/\\\/www.docautomotive.ch\\\/fr\\\/#organization\"},\"alternateName\":\"Doc Automotive\",\"potentialAction\":[{\"@type\":\"SearchAction\",\"target\":{\"@type\":\"EntryPoint\",\"urlTemplate\":\"https:\\\/\\\/www.docautomotive.ch\\\/fr\\\/?s={search_term_string}\"},\"query-input\":{\"@type\":\"PropertyValueSpecification\",\"valueRequired\":true,\"valueName\":\"search_term_string\"}}],\"inLanguage\":\"fr-FR\"},{\"@type\":\"Organization\",\"@id\":\"https:\\\/\\\/www.docautomotive.ch\\\/fr\\\/#organization\",\"name\":\"Doc Automotive AG\",\"alternateName\":\"Doc Automotive\",\"url\":\"https:\\\/\\\/www.docautomotive.ch\\\/fr\\\/\",\"logo\":{\"@type\":\"ImageObject\",\"inLanguage\":\"fr-FR\",\"@id\":\"https:\\\/\\\/www.docautomotive.ch\\\/fr\\\/#\\\/schema\\\/logo\\\/image\\\/\",\"url\":\"https:\\\/\\\/www.docautomotive.ch\\\/wp-content\\\/uploads\\\/2024\\\/10\\\/Doc-Garage-Yoast-Thumb-Squared.jpg\",\"contentUrl\":\"https:\\\/\\\/www.docautomotive.ch\\\/wp-content\\\/uploads\\\/2024\\\/10\\\/Doc-Garage-Yoast-Thumb-Squared.jpg\",\"width\":696,\"height\":696,\"caption\":\"Doc Automotive AG\"},\"image\":{\"@id\":\"https:\\\/\\\/www.docautomotive.ch\\\/fr\\\/#\\\/schema\\\/logo\\\/image\\\/\"},\"sameAs\":[\"https:\\\/\\\/www.instagram.com\\\/docautomotive\\\/\"]}]}<\/script>\n<!-- \/ Yoast SEO plugin. -->","yoast_head_json":{"title":"Conditions d'utilisation | Doc Automotive AG","robots":{"index":"index","follow":"follow","max-snippet":"max-snippet:-1","max-image-preview":"max-image-preview:large","max-video-preview":"max-video-preview:-1"},"canonical":"https:\/\/www.docautomotive.ch\/fr\/conditions-dutilisation\/","og_locale":"fr_FR","og_type":"article","og_title":"Conditions d'utilisation | Doc Automotive AG","og_description":"[vc_row][vc_column][vc_empty_space][vc_custom_heading text=&#8221;CONDITIONS D&apos;UTILISATION&#8221; font_container=&#8221;tag:h1|text_align:center&#8221; css=&#8221;&#8221; el_class=&#8221;monospace&#8221;][vc_column_text css=&#8221;&#8221;] 1. Acceptation Le site Internet docautomotive.ch (&#8220;Plate-forme&#8221;) est mis \u00e0 disposition par Doc Automotive AG, soci\u00e9t\u00e9 de droit suisse, dont le si\u00e8ge social est situ\u00e9 Grundstra\u00dfe 36a, 6430, Schweiz et dont le num\u00e9ro de TVA\/Ust-ID est CHE-232.196.871 (&#8220;Nous&#8221;). L&#8217;utilisateur de la plate-forme peut nous contacter en envoyant un...","og_url":"https:\/\/www.docautomotive.ch\/fr\/conditions-dutilisation\/","og_site_name":"Doc Automotive AG","article_modified_time":"2025-01-28T22:16:34+00:00","og_image":[{"width":1200,"height":675,"url":"https:\/\/www.docautomotive.ch\/wp-content\/uploads\/2024\/10\/Doc-Garage-Yoast-Thumb.jpg","type":"image\/jpeg"}],"twitter_card":"summary_large_image","twitter_misc":{"Dur\u00e9e de lecture estim\u00e9e":"6 minutes"},"schema":{"@context":"https:\/\/schema.org","@graph":[{"@type":"WebPage","@id":"https:\/\/www.docautomotive.ch\/fr\/conditions-dutilisation\/","url":"https:\/\/www.docautomotive.ch\/fr\/conditions-dutilisation\/","name":"Conditions d'utilisation | Doc Automotive AG","isPartOf":{"@id":"https:\/\/www.docautomotive.ch\/fr\/#website"},"datePublished":"2024-04-19T13:41:31+00:00","dateModified":"2025-01-28T22:16:34+00:00","breadcrumb":{"@id":"https:\/\/www.docautomotive.ch\/fr\/conditions-dutilisation\/#breadcrumb"},"inLanguage":"fr-FR","potentialAction":[{"@type":"ReadAction","target":["https:\/\/www.docautomotive.ch\/fr\/conditions-dutilisation\/"]}]},{"@type":"BreadcrumbList","@id":"https:\/\/www.docautomotive.ch\/fr\/conditions-dutilisation\/#breadcrumb","itemListElement":[{"@type":"ListItem","position":1,"name":"Home","item":"https:\/\/www.docautomotive.ch\/fr\/"},{"@type":"ListItem","position":2,"name":"Conditions d&#8217;utilisation"}]},{"@type":"WebSite","@id":"https:\/\/www.docautomotive.ch\/fr\/#website","url":"https:\/\/www.docautomotive.ch\/fr\/","name":"Doc Automotive AG","description":"Your Best B2B Car Dealer","publisher":{"@id":"https:\/\/www.docautomotive.ch\/fr\/#organization"},"alternateName":"Doc Automotive","potentialAction":[{"@type":"SearchAction","target":{"@type":"EntryPoint","urlTemplate":"https:\/\/www.docautomotive.ch\/fr\/?s={search_term_string}"},"query-input":{"@type":"PropertyValueSpecification","valueRequired":true,"valueName":"search_term_string"}}],"inLanguage":"fr-FR"},{"@type":"Organization","@id":"https:\/\/www.docautomotive.ch\/fr\/#organization","name":"Doc Automotive AG","alternateName":"Doc Automotive","url":"https:\/\/www.docautomotive.ch\/fr\/","logo":{"@type":"ImageObject","inLanguage":"fr-FR","@id":"https:\/\/www.docautomotive.ch\/fr\/#\/schema\/logo\/image\/","url":"https:\/\/www.docautomotive.ch\/wp-content\/uploads\/2024\/10\/Doc-Garage-Yoast-Thumb-Squared.jpg","contentUrl":"https:\/\/www.docautomotive.ch\/wp-content\/uploads\/2024\/10\/Doc-Garage-Yoast-Thumb-Squared.jpg","width":696,"height":696,"caption":"Doc Automotive AG"},"image":{"@id":"https:\/\/www.docautomotive.ch\/fr\/#\/schema\/logo\/image\/"},"sameAs":["https:\/\/www.instagram.com\/docautomotive\/"]}]}},"_links":{"self":[{"href":"https:\/\/www.docautomotive.ch\/fr\/wp-json\/wp\/v2\/pages\/27062","targetHints":{"allow":["GET"]}}],"collection":[{"href":"https:\/\/www.docautomotive.ch\/fr\/wp-json\/wp\/v2\/pages"}],"about":[{"href":"https:\/\/www.docautomotive.ch\/fr\/wp-json\/wp\/v2\/types\/page"}],"author":[{"embeddable":true,"href":"https:\/\/www.docautomotive.ch\/fr\/wp-json\/wp\/v2\/users\/1"}],"replies":[{"embeddable":true,"href":"https:\/\/www.docautomotive.ch\/fr\/wp-json\/wp\/v2\/comments?post=27062"}],"version-history":[{"count":0,"href":"https:\/\/www.docautomotive.ch\/fr\/wp-json\/wp\/v2\/pages\/27062\/revisions"}],"wp:attachment":[{"href":"https:\/\/www.docautomotive.ch\/fr\/wp-json\/wp\/v2\/media?parent=27062"}],"curies":[{"name":"wp","href":"https:\/\/api.w.org\/{rel}","templated":true}]}}