{"id":2970,"date":"2016-03-21T04:44:34","date_gmt":"2016-03-21T04:44:34","guid":{"rendered":"https:\/\/www.docautomotive.ch\/ein-auto-hinzufuegen\/"},"modified":"2024-11-03T00:07:46","modified_gmt":"2024-11-03T00:07:46","slug":"ein-auto-hinzufuegen","status":"publish","type":"page","link":"https:\/\/www.docautomotive.ch\/de\/ein-auto-hinzufuegen\/","title":{"rendered":"Ein Auto hinzuf\u00fcgen"},"content":{"rendered":"<div class=\"wpb-content-wrapper\"><p>[vc_row css=&#8221;.vc_custom_1458638182050{margin-bottom: 40px !important;}&#8221;][vc_column width=&#8221;2\/3&#8243;][vc_custom_heading text=&#8221;Erstellen Sie Ihre Anzeige&#8221; font_container=&#8221;tag:h3|font_size:28|text_align:left|line_height:34px&#8221; use_theme_fonts=&#8221;yes&#8221; css=&#8221;.vc_custom_1458638330419{margin-top: 16px !important;margin-bottom: 12px !important;}&#8221;][vc_column_text css=&#8221;.vc_custom_1458638145822{margin-bottom: 0px !important;}&#8221;]<span style=\"color: #888888; font-size: 13px;\">Sie erstellen gerade eine kostenlose Anzeige.<\/span>[\/vc_column_text][vc_column_text]<strong style=\"font-size: 13px;\">Die mit * gekennzeichneten Felder sind Pflichtfelder.<\/strong>[\/vc_column_text][\/vc_column][vc_column width=&#8221;1\/3&#8243;][stm_posts_available][\/vc_column][\/vc_row][vc_row][vc_column][stm_add_a_car items=&#8221;%5B%7B%22tab_title_single%22%3A%22Comfort%22%2C%22tab_title_labels%22%3A%22A%2FC%3A%20Front%2CA%2FC%3A%20Rear%2CBackup%20Camera%2CCruise%20Control%2CNavigation%2CPower%20Locks%2CPower%20Steering%22%7D%2C%7B%22tab_title_single%22%3A%22Entertainment%22%2C%22tab_title_labels%22%3A%22A%2FC%3A%20Front%2CA%2FC%3A%20Rear%2CBackup%20Camera%2CCruise%20Control%2CNavigation%2CPower%20Locks%2CPower%20Steering%22%7D%2C%7B%22tab_title_single%22%3A%22Safety%22%2C%22tab_title_labels%22%3A%22A%2FC%3A%20Front%2CA%2FC%3A%20Rear%2CBackup%20Camera%2CCruise%20Control%2CNavigation%2CPower%20Locks%2CPower%20Steering%22%7D%2C%7B%22tab_title_single%22%3A%22Seats%22%2C%22tab_title_labels%22%3A%22A%2FC%3A%20Front%2CA%2FC%3A%20Rear%2CBackup%20Camera%2CCruise%20Control%2CNavigation%2CPower%20Locks%2CPower%20Steering%22%7D%2C%7B%22tab_title_single%22%3A%22Windows%22%2C%22tab_title_labels%22%3A%22A%2FC%3A%20Front%2CA%2FC%3A%20Rear%2CBackup%20Camera%2CCruise%20Control%2CNavigation%2CPower%20Locks%2CPower%20Steering%22%7D%2C%7B%22tab_title_single%22%3A%22Other%22%2C%22tab_title_labels%22%3A%22A%2FC%3A%20Front%2CA%2FC%3A%20Rear%2CBackup%20Camera%2CCruise%20Control%2CNavigation%2CPower%20Locks%2CPower%20Steering%22%7D%5D&#8221; taxonomy=&#8221;condition, make, serie, ca-year,&#8221; stm_phrases=&#8221;Excellent condition, Always garaged, No accidents, Satellite radio, Must see, Factory GPS system&#8221; stm_title_user=&#8221;Empfehlungen &amp; Leitf\u00e4den&#8221; stm_text_user=&#8221;Indem Sie uns Ihre Telefonnummer zur Verf\u00fcgung stellen, erkl\u00e4ren Sie sich damit einverstanden, dass wir (und\/oder unsere Dienstleister) Sie unter der von Ihnen angegebenen Mobiltelefon- oder anderen Telefonnummer kontaktieren d\u00fcrfen, um Ihnen zus\u00e4tzliche Informationen oder Angebote zu unseren Diensten zukommen zu lassen, und dass wir dabei automatische W\u00e4hldienste einsetzen d\u00fcrfen.&#8221; stm_histories=&#8221;Carfax, AutoCheck, Carfax 1 Owner, Other&#8221; stm_title_price=&#8221;Machen Sie Ihr Fahrzeug zu einem wettbewerbsf\u00e4higen Preis.&#8221; stm_title_desc=&#8221;Ermitteln Sie einen wettbewerbsf\u00e4higen Preis, indem Sie die Daten und den Kilometerstand Ihres Fahrzeugs mit \u00e4hnlichen Fahrzeugen vergleichen, die von H\u00e4ndlern und Privatverk\u00e4ufern in Ihrer Gegend zum Verkauf angeboten werden. \u00dcberlegen Sie dann, ob Ihr Fahrzeug in Reichweite ist. Stellen Sie sicher, dass Sie Kommentare des Verk\u00e4ufers und Fotos zur Verf\u00fcgung stellen, um die besten Eigenschaften Ihres Fahrzeugs hervorzuheben, insbesondere wenn Ihre Preisvorstellung \u00fcber dem Durchschnitt liegt.&#8221;]<\/p>\n<h4 style=\"font-size: 14px;\">EMPFEHLUNG &amp; RATGEBER<\/h4>\n<p><span style=\"color: #222222;\">Lorem ipsum dolor sit amet, consectetur adipiscing elit. Aliquam mollis convallis semper. Proin risus felis, mollis at augue non, tincidunt eleifend ipsum.<\/span><\/p>\n<p><strong>Empfohlene Bildaufl\u00f6sung: 800 x 470 px oder h\u00f6her<\/strong><\/p>\n<p><span style=\"color: #888888;\">Pellentesque non lorem auctor sem commodo blandit. Vestibulum posuere sit amet mi quis luctus. Proin placerat purus metus, vel consequat tellus efficitur ve<\/span>l.<\/p>\n<p><strong>Benutzer k\u00f6nnen bis zu 5 Fotos hochladen, aber H\u00e4ndler k\u00f6nnen bis zu 10 Fotos hochladen.<\/strong><\/p>\n<p><span style=\"color: #888888;\">elementum, in vulputate nunc maximus. Nulla egestas blandit laoreet. Nam egestas odio non nisi ullamcorper convallis. Sed eu consectetur orci. Cras vulputate nisl sapien, vitae rhoncus est aliquet sit amet.<\/span>[\/stm_add_a_car][\/vc_column][\/vc_row]<\/p>\n<\/div>","protected":false},"excerpt":{"rendered":"<p>[vc_row css=&#8221;.vc_custom_1458638182050{margin-bottom: 40px !important;}&#8221;][vc_column width=&#8221;2\/3&#8243;][vc_custom_heading text=&#8221;Erstellen Sie Ihre Anzeige&#8221; font_container=&#8221;tag:h3|font_size:28|text_align:left|line_height:34px&#8221; use_theme_fonts=&#8221;yes&#8221; css=&#8221;.vc_custom_1458638330419{margin-top: 16px !important;margin-bottom: 12px !important;}&#8221;][vc_column_text css=&#8221;.vc_custom_1458638145822{margin-bottom: 0px !important;}&#8221;]Sie erstellen gerade eine kostenlose Anzeige.[\/vc_column_text][vc_column_text]Die mit * gekennzeichneten Felder sind Pflichtfelder.[\/vc_column_text][\/vc_column][vc_column width=&#8221;1\/3&#8243;][stm_posts_available][\/vc_column][\/vc_row][vc_row][vc_column][stm_add_a_car items=&#8221;%5B%7B%22tab_title_single%22%3A%22Comfort%22%2C%22tab_title_labels%22%3A%22A%2FC%3A%20Front%2CA%2FC%3A%20Rear%2CBackup%20Camera%2CCruise%20Control%2CNavigation%2CPower%20Locks%2CPower%20Steering%22%7D%2C%7B%22tab_title_single%22%3A%22Entertainment%22%2C%22tab_title_labels%22%3A%22A%2FC%3A%20Front%2CA%2FC%3A%20Rear%2CBackup%20Camera%2CCruise%20Control%2CNavigation%2CPower%20Locks%2CPower%20Steering%22%7D%2C%7B%22tab_title_single%22%3A%22Safety%22%2C%22tab_title_labels%22%3A%22A%2FC%3A%20Front%2CA%2FC%3A%20Rear%2CBackup%20Camera%2CCruise%20Control%2CNavigation%2CPower%20Locks%2CPower%20Steering%22%7D%2C%7B%22tab_title_single%22%3A%22Seats%22%2C%22tab_title_labels%22%3A%22A%2FC%3A%20Front%2CA%2FC%3A%20Rear%2CBackup%20Camera%2CCruise%20Control%2CNavigation%2CPower%20Locks%2CPower%20Steering%22%7D%2C%7B%22tab_title_single%22%3A%22Windows%22%2C%22tab_title_labels%22%3A%22A%2FC%3A%20Front%2CA%2FC%3A%20Rear%2CBackup%20Camera%2CCruise%20Control%2CNavigation%2CPower%20Locks%2CPower%20Steering%22%7D%2C%7B%22tab_title_single%22%3A%22Other%22%2C%22tab_title_labels%22%3A%22A%2FC%3A%20Front%2CA%2FC%3A%20Rear%2CBackup%20Camera%2CCruise%20Control%2CNavigation%2CPower%20Locks%2CPower%20Steering%22%7D%5D&#8221; taxonomy=&#8221;condition, make, serie, ca-year,&#8221; stm_phrases=&#8221;Excellent condition, Always garaged, No accidents, Satellite radio, Must see, Factory GPS system&#8221; stm_title_user=&#8221;Empfehlungen &amp; Leitf\u00e4den&#8221; stm_text_user=&#8221;Indem Sie uns&#8230;<\/p>\n","protected":false},"author":1,"featured_media":0,"parent":0,"menu_order":0,"comment_status":"closed","ping_status":"closed","template":"","meta":{"footnotes":""},"class_list":["post-2970","page","type-page","status-publish","hentry"],"yoast_head":"<!-- This site is optimized with the Yoast SEO plugin v27.4 - https:\/\/yoast.com\/product\/yoast-seo-wordpress\/ -->\n<title>Ein Auto hinzuf\u00fcgen | Doc Automotive AG<\/title>\n<meta name=\"robots\" content=\"index, follow, max-snippet:-1, max-image-preview:large, max-video-preview:-1\" \/>\n<link rel=\"canonical\" href=\"https:\/\/www.docautomotive.ch\/de\/ein-auto-hinzufuegen\/\" \/>\n<meta property=\"og:locale\" content=\"de_DE\" \/>\n<meta property=\"og:type\" content=\"article\" \/>\n<meta property=\"og:title\" content=\"Ein Auto hinzuf\u00fcgen | Doc Automotive AG\" \/>\n<meta property=\"og:description\" content=\"[vc_row css=&#8221;.vc_custom_1458638182050{margin-bottom: 40px !important;}&#8221;][vc_column width=&#8221;2\/3&#8243;][vc_custom_heading text=&#8221;Erstellen Sie Ihre Anzeige&#8221; font_container=&#8221;tag:h3|font_size:28|text_align:left|line_height:34px&#8221; use_theme_fonts=&#8221;yes&#8221; css=&#8221;.vc_custom_1458638330419{margin-top: 16px !important;margin-bottom: 12px !important;}&#8221;][vc_column_text css=&#8221;.vc_custom_1458638145822{margin-bottom: 0px !important;}&#8221;]Sie erstellen gerade eine kostenlose Anzeige.[\/vc_column_text][vc_column_text]Die mit * gekennzeichneten Felder sind Pflichtfelder.[\/vc_column_text][\/vc_column][vc_column width=&#8221;1\/3&#8243;][stm_posts_available][\/vc_column][\/vc_row][vc_row][vc_column][stm_add_a_car items=&#8221;%5B%7B%22tab_title_single%22%3A%22Comfort%22%2C%22tab_title_labels%22%3A%22A%2FC%3A%20Front%2CA%2FC%3A%20Rear%2CBackup%20Camera%2CCruise%20Control%2CNavigation%2CPower%20Locks%2CPower%20Steering%22%7D%2C%7B%22tab_title_single%22%3A%22Entertainment%22%2C%22tab_title_labels%22%3A%22A%2FC%3A%20Front%2CA%2FC%3A%20Rear%2CBackup%20Camera%2CCruise%20Control%2CNavigation%2CPower%20Locks%2CPower%20Steering%22%7D%2C%7B%22tab_title_single%22%3A%22Safety%22%2C%22tab_title_labels%22%3A%22A%2FC%3A%20Front%2CA%2FC%3A%20Rear%2CBackup%20Camera%2CCruise%20Control%2CNavigation%2CPower%20Locks%2CPower%20Steering%22%7D%2C%7B%22tab_title_single%22%3A%22Seats%22%2C%22tab_title_labels%22%3A%22A%2FC%3A%20Front%2CA%2FC%3A%20Rear%2CBackup%20Camera%2CCruise%20Control%2CNavigation%2CPower%20Locks%2CPower%20Steering%22%7D%2C%7B%22tab_title_single%22%3A%22Windows%22%2C%22tab_title_labels%22%3A%22A%2FC%3A%20Front%2CA%2FC%3A%20Rear%2CBackup%20Camera%2CCruise%20Control%2CNavigation%2CPower%20Locks%2CPower%20Steering%22%7D%2C%7B%22tab_title_single%22%3A%22Other%22%2C%22tab_title_labels%22%3A%22A%2FC%3A%20Front%2CA%2FC%3A%20Rear%2CBackup%20Camera%2CCruise%20Control%2CNavigation%2CPower%20Locks%2CPower%20Steering%22%7D%5D&#8221; taxonomy=&#8221;condition, make, serie, ca-year,&#8221; stm_phrases=&#8221;Excellent condition, Always garaged, No accidents, Satellite radio, Must see, Factory GPS system&#8221; stm_title_user=&#8221;Empfehlungen &amp; Leitf\u00e4den&#8221; stm_text_user=&#8221;Indem Sie uns...\" \/>\n<meta property=\"og:url\" content=\"https:\/\/www.docautomotive.ch\/de\/ein-auto-hinzufuegen\/\" \/>\n<meta property=\"og:site_name\" content=\"Doc Automotive AG\" \/>\n<meta property=\"article:modified_time\" content=\"2024-11-03T00:07:46+00:00\" \/>\n<meta property=\"og:image\" content=\"https:\/\/www.docautomotive.ch\/wp-content\/uploads\/2024\/10\/Doc-Garage-Yoast-Thumb.jpg\" \/>\n\t<meta property=\"og:image:width\" content=\"1200\" \/>\n\t<meta property=\"og:image:height\" content=\"675\" \/>\n\t<meta property=\"og:image:type\" content=\"image\/jpeg\" \/>\n<meta name=\"twitter:card\" content=\"summary_large_image\" \/>\n<meta name=\"twitter:label1\" content=\"Gesch\u00e4tzte Lesezeit\" \/>\n\t<meta name=\"twitter:data1\" content=\"2\u00a0Minuten\" \/>\n<script type=\"application\/ld+json\" class=\"yoast-schema-graph\">{\"@context\":\"https:\\\/\\\/schema.org\",\"@graph\":[{\"@type\":\"WebPage\",\"@id\":\"https:\\\/\\\/www.docautomotive.ch\\\/de\\\/ein-auto-hinzufuegen\\\/\",\"url\":\"https:\\\/\\\/www.docautomotive.ch\\\/de\\\/ein-auto-hinzufuegen\\\/\",\"name\":\"Ein Auto hinzuf\u00fcgen | Doc Automotive AG\",\"isPartOf\":{\"@id\":\"https:\\\/\\\/www.docautomotive.ch\\\/de\\\/#website\"},\"datePublished\":\"2016-03-21T04:44:34+00:00\",\"dateModified\":\"2024-11-03T00:07:46+00:00\",\"breadcrumb\":{\"@id\":\"https:\\\/\\\/www.docautomotive.ch\\\/de\\\/ein-auto-hinzufuegen\\\/#breadcrumb\"},\"inLanguage\":\"de\",\"potentialAction\":[{\"@type\":\"ReadAction\",\"target\":[\"https:\\\/\\\/www.docautomotive.ch\\\/de\\\/ein-auto-hinzufuegen\\\/\"]}]},{\"@type\":\"BreadcrumbList\",\"@id\":\"https:\\\/\\\/www.docautomotive.ch\\\/de\\\/ein-auto-hinzufuegen\\\/#breadcrumb\",\"itemListElement\":[{\"@type\":\"ListItem\",\"position\":1,\"name\":\"Home\",\"item\":\"https:\\\/\\\/www.docautomotive.ch\\\/de\\\/\"},{\"@type\":\"ListItem\",\"position\":2,\"name\":\"Ein Auto hinzuf\u00fcgen\"}]},{\"@type\":\"WebSite\",\"@id\":\"https:\\\/\\\/www.docautomotive.ch\\\/de\\\/#website\",\"url\":\"https:\\\/\\\/www.docautomotive.ch\\\/de\\\/\",\"name\":\"Doc Automotive AG\",\"description\":\"Your Best B2B Car Dealer\",\"publisher\":{\"@id\":\"https:\\\/\\\/www.docautomotive.ch\\\/de\\\/#organization\"},\"alternateName\":\"Doc Automotive\",\"potentialAction\":[{\"@type\":\"SearchAction\",\"target\":{\"@type\":\"EntryPoint\",\"urlTemplate\":\"https:\\\/\\\/www.docautomotive.ch\\\/de\\\/?s={search_term_string}\"},\"query-input\":{\"@type\":\"PropertyValueSpecification\",\"valueRequired\":true,\"valueName\":\"search_term_string\"}}],\"inLanguage\":\"de\"},{\"@type\":\"Organization\",\"@id\":\"https:\\\/\\\/www.docautomotive.ch\\\/de\\\/#organization\",\"name\":\"Doc Automotive AG\",\"alternateName\":\"Doc Automotive\",\"url\":\"https:\\\/\\\/www.docautomotive.ch\\\/de\\\/\",\"logo\":{\"@type\":\"ImageObject\",\"inLanguage\":\"de\",\"@id\":\"https:\\\/\\\/www.docautomotive.ch\\\/de\\\/#\\\/schema\\\/logo\\\/image\\\/\",\"url\":\"https:\\\/\\\/www.docautomotive.ch\\\/wp-content\\\/uploads\\\/2024\\\/10\\\/Doc-Garage-Yoast-Thumb-Squared.jpg\",\"contentUrl\":\"https:\\\/\\\/www.docautomotive.ch\\\/wp-content\\\/uploads\\\/2024\\\/10\\\/Doc-Garage-Yoast-Thumb-Squared.jpg\",\"width\":696,\"height\":696,\"caption\":\"Doc Automotive AG\"},\"image\":{\"@id\":\"https:\\\/\\\/www.docautomotive.ch\\\/de\\\/#\\\/schema\\\/logo\\\/image\\\/\"},\"sameAs\":[\"https:\\\/\\\/www.instagram.com\\\/docautomotive\\\/\"]}]}<\/script>\n<!-- \/ Yoast SEO plugin. -->","yoast_head_json":{"title":"Ein Auto hinzuf\u00fcgen | Doc Automotive AG","robots":{"index":"index","follow":"follow","max-snippet":"max-snippet:-1","max-image-preview":"max-image-preview:large","max-video-preview":"max-video-preview:-1"},"canonical":"https:\/\/www.docautomotive.ch\/de\/ein-auto-hinzufuegen\/","og_locale":"de_DE","og_type":"article","og_title":"Ein Auto hinzuf\u00fcgen | Doc Automotive AG","og_description":"[vc_row css=&#8221;.vc_custom_1458638182050{margin-bottom: 40px !important;}&#8221;][vc_column width=&#8221;2\/3&#8243;][vc_custom_heading text=&#8221;Erstellen Sie Ihre Anzeige&#8221; font_container=&#8221;tag:h3|font_size:28|text_align:left|line_height:34px&#8221; use_theme_fonts=&#8221;yes&#8221; css=&#8221;.vc_custom_1458638330419{margin-top: 16px !important;margin-bottom: 12px !important;}&#8221;][vc_column_text css=&#8221;.vc_custom_1458638145822{margin-bottom: 0px !important;}&#8221;]Sie erstellen gerade eine kostenlose Anzeige.[\/vc_column_text][vc_column_text]Die mit * gekennzeichneten Felder sind Pflichtfelder.[\/vc_column_text][\/vc_column][vc_column width=&#8221;1\/3&#8243;][stm_posts_available][\/vc_column][\/vc_row][vc_row][vc_column][stm_add_a_car items=&#8221;%5B%7B%22tab_title_single%22%3A%22Comfort%22%2C%22tab_title_labels%22%3A%22A%2FC%3A%20Front%2CA%2FC%3A%20Rear%2CBackup%20Camera%2CCruise%20Control%2CNavigation%2CPower%20Locks%2CPower%20Steering%22%7D%2C%7B%22tab_title_single%22%3A%22Entertainment%22%2C%22tab_title_labels%22%3A%22A%2FC%3A%20Front%2CA%2FC%3A%20Rear%2CBackup%20Camera%2CCruise%20Control%2CNavigation%2CPower%20Locks%2CPower%20Steering%22%7D%2C%7B%22tab_title_single%22%3A%22Safety%22%2C%22tab_title_labels%22%3A%22A%2FC%3A%20Front%2CA%2FC%3A%20Rear%2CBackup%20Camera%2CCruise%20Control%2CNavigation%2CPower%20Locks%2CPower%20Steering%22%7D%2C%7B%22tab_title_single%22%3A%22Seats%22%2C%22tab_title_labels%22%3A%22A%2FC%3A%20Front%2CA%2FC%3A%20Rear%2CBackup%20Camera%2CCruise%20Control%2CNavigation%2CPower%20Locks%2CPower%20Steering%22%7D%2C%7B%22tab_title_single%22%3A%22Windows%22%2C%22tab_title_labels%22%3A%22A%2FC%3A%20Front%2CA%2FC%3A%20Rear%2CBackup%20Camera%2CCruise%20Control%2CNavigation%2CPower%20Locks%2CPower%20Steering%22%7D%2C%7B%22tab_title_single%22%3A%22Other%22%2C%22tab_title_labels%22%3A%22A%2FC%3A%20Front%2CA%2FC%3A%20Rear%2CBackup%20Camera%2CCruise%20Control%2CNavigation%2CPower%20Locks%2CPower%20Steering%22%7D%5D&#8221; taxonomy=&#8221;condition, make, serie, ca-year,&#8221; stm_phrases=&#8221;Excellent condition, Always garaged, No accidents, Satellite radio, Must see, Factory GPS system&#8221; stm_title_user=&#8221;Empfehlungen &amp; Leitf\u00e4den&#8221; stm_text_user=&#8221;Indem Sie uns...","og_url":"https:\/\/www.docautomotive.ch\/de\/ein-auto-hinzufuegen\/","og_site_name":"Doc Automotive AG","article_modified_time":"2024-11-03T00:07:46+00:00","og_image":[{"width":1200,"height":675,"url":"https:\/\/www.docautomotive.ch\/wp-content\/uploads\/2024\/10\/Doc-Garage-Yoast-Thumb.jpg","type":"image\/jpeg"}],"twitter_card":"summary_large_image","twitter_misc":{"Gesch\u00e4tzte Lesezeit":"2\u00a0Minuten"},"schema":{"@context":"https:\/\/schema.org","@graph":[{"@type":"WebPage","@id":"https:\/\/www.docautomotive.ch\/de\/ein-auto-hinzufuegen\/","url":"https:\/\/www.docautomotive.ch\/de\/ein-auto-hinzufuegen\/","name":"Ein Auto hinzuf\u00fcgen | Doc Automotive AG","isPartOf":{"@id":"https:\/\/www.docautomotive.ch\/de\/#website"},"datePublished":"2016-03-21T04:44:34+00:00","dateModified":"2024-11-03T00:07:46+00:00","breadcrumb":{"@id":"https:\/\/www.docautomotive.ch\/de\/ein-auto-hinzufuegen\/#breadcrumb"},"inLanguage":"de","potentialAction":[{"@type":"ReadAction","target":["https:\/\/www.docautomotive.ch\/de\/ein-auto-hinzufuegen\/"]}]},{"@type":"BreadcrumbList","@id":"https:\/\/www.docautomotive.ch\/de\/ein-auto-hinzufuegen\/#breadcrumb","itemListElement":[{"@type":"ListItem","position":1,"name":"Home","item":"https:\/\/www.docautomotive.ch\/de\/"},{"@type":"ListItem","position":2,"name":"Ein Auto hinzuf\u00fcgen"}]},{"@type":"WebSite","@id":"https:\/\/www.docautomotive.ch\/de\/#website","url":"https:\/\/www.docautomotive.ch\/de\/","name":"Doc Automotive AG","description":"Your Best B2B Car Dealer","publisher":{"@id":"https:\/\/www.docautomotive.ch\/de\/#organization"},"alternateName":"Doc Automotive","potentialAction":[{"@type":"SearchAction","target":{"@type":"EntryPoint","urlTemplate":"https:\/\/www.docautomotive.ch\/de\/?s={search_term_string}"},"query-input":{"@type":"PropertyValueSpecification","valueRequired":true,"valueName":"search_term_string"}}],"inLanguage":"de"},{"@type":"Organization","@id":"https:\/\/www.docautomotive.ch\/de\/#organization","name":"Doc Automotive AG","alternateName":"Doc Automotive","url":"https:\/\/www.docautomotive.ch\/de\/","logo":{"@type":"ImageObject","inLanguage":"de","@id":"https:\/\/www.docautomotive.ch\/de\/#\/schema\/logo\/image\/","url":"https:\/\/www.docautomotive.ch\/wp-content\/uploads\/2024\/10\/Doc-Garage-Yoast-Thumb-Squared.jpg","contentUrl":"https:\/\/www.docautomotive.ch\/wp-content\/uploads\/2024\/10\/Doc-Garage-Yoast-Thumb-Squared.jpg","width":696,"height":696,"caption":"Doc Automotive AG"},"image":{"@id":"https:\/\/www.docautomotive.ch\/de\/#\/schema\/logo\/image\/"},"sameAs":["https:\/\/www.instagram.com\/docautomotive\/"]}]}},"_links":{"self":[{"href":"https:\/\/www.docautomotive.ch\/de\/wp-json\/wp\/v2\/pages\/2970","targetHints":{"allow":["GET"]}}],"collection":[{"href":"https:\/\/www.docautomotive.ch\/de\/wp-json\/wp\/v2\/pages"}],"about":[{"href":"https:\/\/www.docautomotive.ch\/de\/wp-json\/wp\/v2\/types\/page"}],"author":[{"embeddable":true,"href":"https:\/\/www.docautomotive.ch\/de\/wp-json\/wp\/v2\/users\/1"}],"replies":[{"embeddable":true,"href":"https:\/\/www.docautomotive.ch\/de\/wp-json\/wp\/v2\/comments?post=2970"}],"version-history":[{"count":0,"href":"https:\/\/www.docautomotive.ch\/de\/wp-json\/wp\/v2\/pages\/2970\/revisions"}],"wp:attachment":[{"href":"https:\/\/www.docautomotive.ch\/de\/wp-json\/wp\/v2\/media?parent=2970"}],"curies":[{"name":"wp","href":"https:\/\/api.w.org\/{rel}","templated":true}]}}