{"id":2870,"date":"2023-10-07T15:39:05","date_gmt":"2023-10-07T15:39:05","guid":{"rendered":"https:\/\/www.docautomotive.ch\/unsere-arbeitsmethode\/"},"modified":"2026-02-12T22:40:00","modified_gmt":"2026-02-12T22:40:00","slug":"unsere-arbeitsmethode","status":"publish","type":"page","link":"https:\/\/www.docautomotive.ch\/de\/unsere-arbeitsmethode\/","title":{"rendered":"Unsere Arbeitsmethode"},"content":{"rendered":"<div class=\"wpb-content-wrapper\"><p>[vc_row][vc_column][vc_empty_space][vc_column_text]<\/p>\n<h3>1 &#8211; PR\u00dcFEN SIE DEN BESTAND<\/h3>\n<p>Entdecken Sie das verf\u00fcgbare Angebot auf unserer Online-Plattform, oder bleiben Sie auf dem Laufenden, indem Sie unseren Newsletter abonnieren.<\/p>\n<p>Wenn Sie ein H\u00e4ndler oder eine Werkstatt sind und sich f\u00fcr unseren Bestand interessieren, m\u00fcssen Sie lediglich <a href=\"http:\/\/docautomotive.ch\/loginregister\/\">ein Konto anlegen<\/a>, indem Sie Ihre Daten registrieren und eine Anfrage auf unserer Website stellen. Sobald Ihre Anfrage von unseren Mitarbeitern gepr\u00fcft und Ihr Konto genehmigt wurde, k\u00f6nnen Sie alle auf Lager befindlichen Fahrzeuge einsehen.[\/vc_column_text][vc_empty_space][\/vc_column][\/vc_row][vc_row][vc_column][vc_empty_space][vc_column_text]<\/p>\n<h3>2 &#8211; SCHLIESSEN SIE DIE BESTELLUNG AB<\/h3>\n<p>Senden Sie Ihre Kaufanfrage online oder wenden Sie sich direkt an unser operatives B\u00fcro.[\/vc_column_text][vc_empty_space][\/vc_column][\/vc_row][vc_row][vc_column width=&#8221;1\/3&#8243;][stm_icon_box title_holder=&#8221;h4&#8243; box_bg_color=&#8221;rgba(255,255,255,0.01)&#8221; box_text_color=&#8221;#232628&#8243; icon=&#8221;stm-icon-pin&#8221; icon_color=&#8221;#DD3333&#8243; icon_size=&#8221;31&#8243; title=&#8221;B\u00fcroadresse&#8221; css=&#8221;.vc_custom_1770935797624{margin-bottom: 28px !important;padding-top: 0px !important;padding-right: 0px !important;padding-bottom: 0px !important;padding-left: 0px !important;}&#8221; line_height=&#8221;18&#8243; css_icon=&#8221;.vc_custom_1770935797624{margin-top: 2px !important;margin-right: 23px !important;margin-left: 4px !important;}&#8221;]Grundstrasse 36a,<br \/>\nCH-6430, Schwyz<br \/>\nSchweiz[\/stm_icon_box][\/vc_column][vc_column width=&#8221;1\/3&#8243;][stm_icon_box title_holder=&#8221;h4&#8243; box_bg_color=&#8221;rgba(255,255,255,0.01)&#8221; box_text_color=&#8221;#232628&#8243; icon=&#8221;stm-icon-phone&#8221; icon_color=&#8221;#DD3333&#8243; icon_size=&#8221;31&#8243; title=&#8221;Rufen Sie unser Verkaufsteam an (Direct Line)&#8221; css=&#8221;.vc_custom_1770935830762{margin-bottom: 27px !important;padding-top: 0px !important;padding-right: 0px !important;padding-bottom: 0px !important;padding-left: 0px !important;}&#8221; line_height=&#8221;18&#8243; css_icon=&#8221;.vc_custom_1770935830762{margin-top: 2px !important;margin-right: 23px !important;margin-left: 4px !important;}&#8221;]<a href=\"tel:+41415880987\">+41 41 588 09 87<\/a><\/p>\n<p data-start=\"876\" data-end=\"955\"><em data-start=\"899\" data-end=\"955\">F\u00fcr direkte telefonische Beratungen und Kaufberatung<\/em><\/p>\n<p>[\/stm_icon_box][stm_icon_box title_holder=&#8221;h4&#8243; box_bg_color=&#8221;rgba(255,255,255,0.01)&#8221; box_text_color=&#8221;#232628&#8243; icon=&#8221;fa fa-brands fa-whatsapp&#8221; icon_color=&#8221;#DD3333&#8243; icon_size=&#8221;31&#8243; title=&#8221;WhatsApp Vertriebsunterst\u00fctzung&#8221; css=&#8221;.vc_custom_1770935871501{margin-bottom: 27px !important;padding-top: 0px !important;padding-right: 0px !important;padding-bottom: 0px !important;padding-left: 0px !important;}&#8221; line_height=&#8221;18&#8243; css_icon=&#8221;.vc_custom_1770935871501{margin-top: 2px !important;margin-right: 23px !important;margin-left: 4px !important;}&#8221;]<a href=\"tel:+41795290973\">+41 79 529 09 73<\/a><\/p>\n<p>Nur Messaging &#8211; schnelle Antwort w\u00e4hrend der Gesch\u00e4ftszeiten[\/stm_icon_box][\/vc_column][vc_column width=&#8221;1\/3&#8243;][stm_icon_box title_holder=&#8221;h4&#8243; box_bg_color=&#8221;rgba(255,255,255,0.01)&#8221; box_text_color=&#8221;#232628&#8243; icon=&#8221;stm-icon-time&#8221; icon_color=&#8221;#DD3333&#8243; icon_size=&#8221;31&#8243; title=&#8221;\u00d6ffnungszeiten des Verkaufsb\u00fcros&#8221; css=&#8221;.vc_custom_1770935971115{padding-top: 0px !important;padding-right: 0px !important;padding-bottom: 0px !important;padding-left: 0px !important;}&#8221; line_height=&#8221;18&#8243; css_icon=&#8221;.vc_custom_1770935971115{margin-top: 2px !important;margin-right: 23px !important;margin-left: 4px !important;}&#8221;]Montag &#8211; Freitag<br data-start=\"1121\" data-end=\"1124\">09:00 &#8211; 12:00<br data-start=\"1137\" data-end=\"1140\">14:30 &#8211; 17:00<\/p>\n<p>Besuche nur nach Vereinbarung.<\/p>\n<p><a href=\"https:\/\/www.docautomotive.ch\/de\/kontaktieren-sie-uns\/\"><strong data-start=\"1189\" data-end=\"1223\">Senden Sie jetzt Ihre Kaufanfrage<\/strong><\/a>[\/stm_icon_box][\/vc_column][\/vc_row][vc_row][vc_column][vc_empty_space][vc_column_text]Unser Bestand wird st\u00e4ndig aktualisiert. Deshalb laden wir Sie ein, Ihren reservierten Bereich aufzurufen, um die besten auf dem Markt verf\u00fcgbaren Angebote zu sehen. Sollte der Bestand nicht Ihren W\u00fcnschen entsprechen, laden wir Sie ein, sich mit uns in Verbindung zu setzen, und wir werden das Auto finden, das Sie suchen![\/vc_column_text][vc_empty_space][\/vc_column][\/vc_row][vc_row][vc_column][vc_empty_space][vc_column_text]<\/p>\n<h3>3 &#8211; AUTO-LIEFERUNG<\/h3>\n<p>Nach der Formalisierung des Kaufs durch den Entwurf und die Unterzeichnung des Vertrags und der Zahlung k\u00f6nnen Sie das Auto abholen. Wir organisieren die \u00dcbergabe an dem von Ihnen angegebenen Ort.[\/vc_column_text][vc_empty_space][\/vc_column][\/vc_row][vc_row][vc_column][vc_empty_space][vc_column_text]<\/p>\n<h3>4 &#8211; DOKUMENTE<\/h3>\n<p>Wir stellen Ihnen alle Details und notwendigen Informationen f\u00fcr den Kauf des Fahrzeugs zur Verf\u00fcgung, so dass Sie das Auto einfach und schnell in Ihrem Land anmelden k\u00f6nnen.<\/p>\n<p>Alle Dokumente, einschlie\u00dflich Zulassungsbescheinigung, Ersatzschl\u00fcssel und Rechnungen, werden Ihnen per Kurier zugestellt.[\/vc_column_text][vc_empty_space][vc_empty_space][\/vc_column][\/vc_row]<\/p>\n<\/div>","protected":false},"excerpt":{"rendered":"<p>[vc_row][vc_column][vc_empty_space][vc_column_text] 1 &#8211; PR\u00dcFEN SIE DEN BESTAND Entdecken Sie das verf\u00fcgbare Angebot auf unserer Online-Plattform, oder bleiben Sie auf dem Laufenden, indem Sie unseren Newsletter abonnieren. Wenn Sie ein H\u00e4ndler oder eine Werkstatt sind und sich f\u00fcr unseren Bestand interessieren, m\u00fcssen Sie lediglich ein Konto anlegen, indem Sie Ihre Daten registrieren und eine Anfrage auf&#8230;<\/p>\n","protected":false},"author":1,"featured_media":0,"parent":0,"menu_order":0,"comment_status":"closed","ping_status":"open","template":"","meta":{"footnotes":""},"class_list":["post-2870","page","type-page","status-publish","hentry"],"yoast_head":"<!-- This site is optimized with the Yoast SEO plugin v27.4 - https:\/\/yoast.com\/product\/yoast-seo-wordpress\/ -->\n<title>Wie wir arbeiten - Ihr zuverl\u00e4ssiger Partner f\u00fcr Autoverkauf und Service | Doc Automotive AG<\/title>\n<meta name=\"description\" content=\"Vom St\u00f6bern im Lagerbestand bis zur Auslieferung und Dokumentation bietet Doc Automotive einen nahtlosen Autokaufprozess f\u00fcr H\u00e4ndler und Privatpersonen gleicherma\u00dfen.\" \/>\n<meta name=\"robots\" content=\"index, follow, max-snippet:-1, max-image-preview:large, max-video-preview:-1\" \/>\n<link rel=\"canonical\" href=\"https:\/\/www.docautomotive.ch\/de\/unsere-arbeitsmethode\/\" \/>\n<meta property=\"og:locale\" content=\"de_DE\" \/>\n<meta property=\"og:type\" content=\"article\" \/>\n<meta property=\"og:title\" content=\"Wie wir arbeiten - Ihr zuverl\u00e4ssiger Partner f\u00fcr Autoverkauf und Service | Doc Automotive AG\" \/>\n<meta property=\"og:description\" content=\"Vom St\u00f6bern im Lagerbestand bis zur Auslieferung und Dokumentation bietet Doc Automotive einen nahtlosen Autokaufprozess f\u00fcr H\u00e4ndler und Privatpersonen gleicherma\u00dfen.\" \/>\n<meta property=\"og:url\" content=\"https:\/\/www.docautomotive.ch\/de\/unsere-arbeitsmethode\/\" \/>\n<meta property=\"og:site_name\" content=\"Doc Automotive AG\" \/>\n<meta property=\"article:modified_time\" content=\"2026-02-12T22:40:00+00:00\" \/>\n<meta property=\"og:image\" content=\"https:\/\/www.docautomotive.ch\/wp-content\/uploads\/2024\/10\/Doc-Garage-Yoast-Thumb.jpg\" \/>\n\t<meta property=\"og:image:width\" content=\"1200\" \/>\n\t<meta property=\"og:image:height\" content=\"675\" \/>\n\t<meta property=\"og:image:type\" content=\"image\/jpeg\" \/>\n<meta name=\"twitter:card\" content=\"summary_large_image\" \/>\n<meta name=\"twitter:label1\" content=\"Gesch\u00e4tzte Lesezeit\" \/>\n\t<meta name=\"twitter:data1\" content=\"2\u00a0Minuten\" \/>\n<script type=\"application\/ld+json\" class=\"yoast-schema-graph\">{\"@context\":\"https:\\\/\\\/schema.org\",\"@graph\":[{\"@type\":\"WebPage\",\"@id\":\"https:\\\/\\\/www.docautomotive.ch\\\/de\\\/unsere-arbeitsmethode\\\/\",\"url\":\"https:\\\/\\\/www.docautomotive.ch\\\/de\\\/unsere-arbeitsmethode\\\/\",\"name\":\"Wie wir arbeiten - Ihr zuverl\u00e4ssiger Partner f\u00fcr Autoverkauf und Service | Doc Automotive AG\",\"isPartOf\":{\"@id\":\"https:\\\/\\\/www.docautomotive.ch\\\/de\\\/#website\"},\"datePublished\":\"2023-10-07T15:39:05+00:00\",\"dateModified\":\"2026-02-12T22:40:00+00:00\",\"description\":\"Vom St\u00f6bern im Lagerbestand bis zur Auslieferung und Dokumentation bietet Doc Automotive einen nahtlosen Autokaufprozess f\u00fcr H\u00e4ndler und Privatpersonen gleicherma\u00dfen.\",\"breadcrumb\":{\"@id\":\"https:\\\/\\\/www.docautomotive.ch\\\/de\\\/unsere-arbeitsmethode\\\/#breadcrumb\"},\"inLanguage\":\"de\",\"potentialAction\":[{\"@type\":\"ReadAction\",\"target\":[\"https:\\\/\\\/www.docautomotive.ch\\\/de\\\/unsere-arbeitsmethode\\\/\"]}]},{\"@type\":\"BreadcrumbList\",\"@id\":\"https:\\\/\\\/www.docautomotive.ch\\\/de\\\/unsere-arbeitsmethode\\\/#breadcrumb\",\"itemListElement\":[{\"@type\":\"ListItem\",\"position\":1,\"name\":\"Home\",\"item\":\"https:\\\/\\\/www.docautomotive.ch\\\/de\\\/\"},{\"@type\":\"ListItem\",\"position\":2,\"name\":\"Unsere Arbeitsmethode\"}]},{\"@type\":\"WebSite\",\"@id\":\"https:\\\/\\\/www.docautomotive.ch\\\/de\\\/#website\",\"url\":\"https:\\\/\\\/www.docautomotive.ch\\\/de\\\/\",\"name\":\"Doc Automotive AG\",\"description\":\"Your Best B2B Car Dealer\",\"publisher\":{\"@id\":\"https:\\\/\\\/www.docautomotive.ch\\\/de\\\/#organization\"},\"alternateName\":\"Doc Automotive\",\"potentialAction\":[{\"@type\":\"SearchAction\",\"target\":{\"@type\":\"EntryPoint\",\"urlTemplate\":\"https:\\\/\\\/www.docautomotive.ch\\\/de\\\/?s={search_term_string}\"},\"query-input\":{\"@type\":\"PropertyValueSpecification\",\"valueRequired\":true,\"valueName\":\"search_term_string\"}}],\"inLanguage\":\"de\"},{\"@type\":\"Organization\",\"@id\":\"https:\\\/\\\/www.docautomotive.ch\\\/de\\\/#organization\",\"name\":\"Doc Automotive AG\",\"alternateName\":\"Doc Automotive\",\"url\":\"https:\\\/\\\/www.docautomotive.ch\\\/de\\\/\",\"logo\":{\"@type\":\"ImageObject\",\"inLanguage\":\"de\",\"@id\":\"https:\\\/\\\/www.docautomotive.ch\\\/de\\\/#\\\/schema\\\/logo\\\/image\\\/\",\"url\":\"https:\\\/\\\/www.docautomotive.ch\\\/wp-content\\\/uploads\\\/2024\\\/10\\\/Doc-Garage-Yoast-Thumb-Squared.jpg\",\"contentUrl\":\"https:\\\/\\\/www.docautomotive.ch\\\/wp-content\\\/uploads\\\/2024\\\/10\\\/Doc-Garage-Yoast-Thumb-Squared.jpg\",\"width\":696,\"height\":696,\"caption\":\"Doc Automotive AG\"},\"image\":{\"@id\":\"https:\\\/\\\/www.docautomotive.ch\\\/de\\\/#\\\/schema\\\/logo\\\/image\\\/\"},\"sameAs\":[\"https:\\\/\\\/www.instagram.com\\\/docautomotive\\\/\"]}]}<\/script>\n<!-- \/ Yoast SEO plugin. -->","yoast_head_json":{"title":"Wie wir arbeiten - Ihr zuverl\u00e4ssiger Partner f\u00fcr Autoverkauf und Service | Doc Automotive AG","description":"Vom St\u00f6bern im Lagerbestand bis zur Auslieferung und Dokumentation bietet Doc Automotive einen nahtlosen Autokaufprozess f\u00fcr H\u00e4ndler und Privatpersonen gleicherma\u00dfen.","robots":{"index":"index","follow":"follow","max-snippet":"max-snippet:-1","max-image-preview":"max-image-preview:large","max-video-preview":"max-video-preview:-1"},"canonical":"https:\/\/www.docautomotive.ch\/de\/unsere-arbeitsmethode\/","og_locale":"de_DE","og_type":"article","og_title":"Wie wir arbeiten - Ihr zuverl\u00e4ssiger Partner f\u00fcr Autoverkauf und Service | Doc Automotive AG","og_description":"Vom St\u00f6bern im Lagerbestand bis zur Auslieferung und Dokumentation bietet Doc Automotive einen nahtlosen Autokaufprozess f\u00fcr H\u00e4ndler und Privatpersonen gleicherma\u00dfen.","og_url":"https:\/\/www.docautomotive.ch\/de\/unsere-arbeitsmethode\/","og_site_name":"Doc Automotive AG","article_modified_time":"2026-02-12T22:40:00+00:00","og_image":[{"width":1200,"height":675,"url":"https:\/\/www.docautomotive.ch\/wp-content\/uploads\/2024\/10\/Doc-Garage-Yoast-Thumb.jpg","type":"image\/jpeg"}],"twitter_card":"summary_large_image","twitter_misc":{"Gesch\u00e4tzte Lesezeit":"2\u00a0Minuten"},"schema":{"@context":"https:\/\/schema.org","@graph":[{"@type":"WebPage","@id":"https:\/\/www.docautomotive.ch\/de\/unsere-arbeitsmethode\/","url":"https:\/\/www.docautomotive.ch\/de\/unsere-arbeitsmethode\/","name":"Wie wir arbeiten - Ihr zuverl\u00e4ssiger Partner f\u00fcr Autoverkauf und Service | Doc Automotive AG","isPartOf":{"@id":"https:\/\/www.docautomotive.ch\/de\/#website"},"datePublished":"2023-10-07T15:39:05+00:00","dateModified":"2026-02-12T22:40:00+00:00","description":"Vom St\u00f6bern im Lagerbestand bis zur Auslieferung und Dokumentation bietet Doc Automotive einen nahtlosen Autokaufprozess f\u00fcr H\u00e4ndler und Privatpersonen gleicherma\u00dfen.","breadcrumb":{"@id":"https:\/\/www.docautomotive.ch\/de\/unsere-arbeitsmethode\/#breadcrumb"},"inLanguage":"de","potentialAction":[{"@type":"ReadAction","target":["https:\/\/www.docautomotive.ch\/de\/unsere-arbeitsmethode\/"]}]},{"@type":"BreadcrumbList","@id":"https:\/\/www.docautomotive.ch\/de\/unsere-arbeitsmethode\/#breadcrumb","itemListElement":[{"@type":"ListItem","position":1,"name":"Home","item":"https:\/\/www.docautomotive.ch\/de\/"},{"@type":"ListItem","position":2,"name":"Unsere Arbeitsmethode"}]},{"@type":"WebSite","@id":"https:\/\/www.docautomotive.ch\/de\/#website","url":"https:\/\/www.docautomotive.ch\/de\/","name":"Doc Automotive AG","description":"Your Best B2B Car Dealer","publisher":{"@id":"https:\/\/www.docautomotive.ch\/de\/#organization"},"alternateName":"Doc Automotive","potentialAction":[{"@type":"SearchAction","target":{"@type":"EntryPoint","urlTemplate":"https:\/\/www.docautomotive.ch\/de\/?s={search_term_string}"},"query-input":{"@type":"PropertyValueSpecification","valueRequired":true,"valueName":"search_term_string"}}],"inLanguage":"de"},{"@type":"Organization","@id":"https:\/\/www.docautomotive.ch\/de\/#organization","name":"Doc Automotive AG","alternateName":"Doc Automotive","url":"https:\/\/www.docautomotive.ch\/de\/","logo":{"@type":"ImageObject","inLanguage":"de","@id":"https:\/\/www.docautomotive.ch\/de\/#\/schema\/logo\/image\/","url":"https:\/\/www.docautomotive.ch\/wp-content\/uploads\/2024\/10\/Doc-Garage-Yoast-Thumb-Squared.jpg","contentUrl":"https:\/\/www.docautomotive.ch\/wp-content\/uploads\/2024\/10\/Doc-Garage-Yoast-Thumb-Squared.jpg","width":696,"height":696,"caption":"Doc Automotive AG"},"image":{"@id":"https:\/\/www.docautomotive.ch\/de\/#\/schema\/logo\/image\/"},"sameAs":["https:\/\/www.instagram.com\/docautomotive\/"]}]}},"_links":{"self":[{"href":"https:\/\/www.docautomotive.ch\/de\/wp-json\/wp\/v2\/pages\/2870","targetHints":{"allow":["GET"]}}],"collection":[{"href":"https:\/\/www.docautomotive.ch\/de\/wp-json\/wp\/v2\/pages"}],"about":[{"href":"https:\/\/www.docautomotive.ch\/de\/wp-json\/wp\/v2\/types\/page"}],"author":[{"embeddable":true,"href":"https:\/\/www.docautomotive.ch\/de\/wp-json\/wp\/v2\/users\/1"}],"replies":[{"embeddable":true,"href":"https:\/\/www.docautomotive.ch\/de\/wp-json\/wp\/v2\/comments?post=2870"}],"version-history":[{"count":34,"href":"https:\/\/www.docautomotive.ch\/de\/wp-json\/wp\/v2\/pages\/2870\/revisions"}],"predecessor-version":[{"id":94360,"href":"https:\/\/www.docautomotive.ch\/de\/wp-json\/wp\/v2\/pages\/2870\/revisions\/94360"}],"wp:attachment":[{"href":"https:\/\/www.docautomotive.ch\/de\/wp-json\/wp\/v2\/media?parent=2870"}],"curies":[{"name":"wp","href":"https:\/\/api.w.org\/{rel}","templated":true}]}}