{"id":2867,"date":"2016-02-05T04:55:35","date_gmt":"2016-02-05T04:55:35","guid":{"rendered":"https:\/\/www.docautomotive.ch\/hauptseite\/"},"modified":"2026-03-31T08:48:44","modified_gmt":"2026-03-31T08:48:44","slug":"hauptseite","status":"publish","type":"page","link":"https:\/\/www.docautomotive.ch\/de\/","title":{"rendered":"Hauptseite"},"content":{"rendered":"<div class=\"wpb-content-wrapper\"><p>[vc_row full_width=&#8221;stretch_row&#8221; full_height=&#8221;yes&#8221; columns_placement=&#8221;top&#8221; content_placement=&#8221;top&#8221; css=&#8221;.vc_custom_1755471217927{background-image: url(http:\/\/docautomotive.ch\/wp-content\/uploads\/2024\/11\/Docautomotive-AG-header-image-25.jpg?id=4182) !important;background-position: center !important;background-repeat: no-repeat !important;background-size: cover !important;}&#8221;][vc_column][stm_listing_banner]<\/p>\n<h1><span style=\"color: #f0bb3a;\">Ihr B2B-Autospezialist<\/span><\/h1>\n<h3><span style=\"color: #ffffff;\">Premium-Fahrzeuge und Automotive-L\u00f6sungen<\/span><\/h3>\n<p>[\/stm_listing_banner][\/vc_column][\/vc_row][vc_row][vc_column el_class=&#8221;push-up&#8221;][stm_listing_search show_all_label=&#8221;Alle Fahrzeuge durchsuchen&#8221; filter_all=&#8221;make,body,serie,ca-year&#8221; inactive_tab_bg_color=&#8221;#2d3142&#8243; active_tab_bg_color=&#8221;#4f5d75&#8243; items=&#8221;%5B%7B%7D%5D&#8221; per_page=&#8221;&#8221;][\/vc_column][\/vc_row][vc_row equal_height=&#8221;yes&#8221; css=&#8221;.vc_custom_1723464551159{margin-top: 100px !important;margin-bottom: 15px !important;}&#8221;][vc_column el_class=&#8221;stm-vc-listing-pad__right&#8221; css=&#8221;.vc_custom_1459833133238{margin-bottom: 15px !important;}&#8221; offset=&#8221;vc_col-lg-6&#8243;][stm_icon_filter filter_selected=&#8221;make&#8221; per_row=&#8221;4&#8243; duration=&#8221;Alle Marken anzeigen&#8221;]<\/p>\n<h3>Nach <span class=\"stm-secondary-color\">Marke<\/span> suchen<\/h3>\n<p>[\/stm_icon_filter][\/vc_column][vc_column el_class=&#8221;stm-vc-listing-pad__left&#8221; css=&#8221;.vc_custom_1459833140404{margin-bottom: 15px !important;}&#8221; offset=&#8221;vc_col-lg-6&#8243;][stm_icon_filter filter_selected=&#8221;body&#8221; per_row=&#8221;4&#8243; duration=&#8221;Alle Typen anzeigen&#8221;]<\/p>\n<h3>Bl\u00e4ttern nach <span class=\"stm-secondary-color\">Typ<\/span><\/h3>\n<p>[\/stm_icon_filter][\/vc_column][\/vc_row][vc_row full_width=&#8221;stretch_row_content_no_spaces&#8221; equal_height=&#8221;yes&#8221; content_placement=&#8221;middle&#8221; el_class=&#8221;gradient-me&#8221; css=&#8221;.vc_custom_1747752543254{margin-top: 60px !important;margin-bottom: 60px !important;}&#8221;][vc_column width=&#8221;1\/2&#8243; css=&#8221;.vc_custom_1749771696592{padding-top: 20% !important;padding-right: 5% !important;padding-bottom: 20% !important;padding-left: 15% !important;}&#8221;][vc_row_inner][vc_column_inner width=&#8221;1\/12&#8243;][\/vc_column_inner][vc_column_inner width=&#8221;10\/12&#8243;][vc_custom_heading text=&#8221;Wer ist die Doc Automotive AG?&#8221; font_container=&#8221;tag:h2|font_size:32px|text_align:left|color:%23ffffff|line_height:38px&#8221; use_theme_fonts=&#8221;yes&#8221; css=&#8221;.vc_custom_1749771860803{padding-right: 10% !important;padding-left: 10% !important;}&#8221;][vc_empty_space height=&#8221;22px&#8221;][vc_column_text css=&#8221;.vc_custom_1749771868673{padding-right: 10% !important;padding-left: 10% !important;}&#8221;]<\/p>\n<p style=\"color: #ffffff; text-align: left;\">Wir sind ein Schweizer Unternehmen, das aus dem Zusammenschluss und der Erfahrung von Fachleuten des Sektors entstanden ist, die dank einer 360-Grad-Kenntnis des nationalen und internationalen Automobilmarktes in der Lage sind, Ihre Bed\u00fcrfnisse zu erf\u00fcllen. Im Laufe der Jahre haben wir uns auf den B2B-Verkauf von High-End-Fahrzeugen spezialisiert und bieten einen umfassenden Service, da wir uns um die gesamte Dokumentation und den Transport mit direkter Lieferung an den H\u00e4ndler k\u00fcmmern. <\/p>\n<p>[\/vc_column_text][vc_empty_space height=&#8221;12px&#8221;][vc_btn title=&#8221;MEHR \u00dcBER UNS&#8221; style=&#8221;outline&#8221; shape=&#8221;square&#8221; color=&#8221;white&#8221; align=&#8221;left&#8221; css=&#8221;.vc_custom_1770070669816{margin-bottom: 60px !important;padding-right: 10% !important;padding-left: 10% !important;}&#8221; link=&#8221;url:https%3A%2F%2Fwww.docautomotive.ch%2Fde%2Fueber-uns%2F|title:%C3%9Cber%20uns|&#8221;][\/vc_column_inner][vc_column_inner width=&#8221;1\/12&#8243;][\/vc_column_inner][\/vc_row_inner][\/vc_column][vc_column width=&#8221;1\/2&#8243; css=&#8221;.vc_custom_1734297861422{padding-top: 150px !important;padding-bottom: 150px !important;background-image: url(http:\/\/docautomotive.ch\/wp-content\/uploads\/2024\/11\/Docautomotive-AG-header-image-19.jpg?id=4176) !important;background-position: center !important;background-repeat: no-repeat !important;background-size: cover !important;}&#8221;][vc_single_image image=&#8221;71645&#8243; img_size=&#8221;&#8221; alignment=&#8221;center&#8221; css=&#8221;&#8221; el_class=&#8221;position-it-down&#8221;][\/vc_column][\/vc_row][vc_row css=&#8221;.vc_custom_1697534107372{margin-top: 20px !important;margin-bottom: 60px !important;}&#8221;][vc_column][vc_empty_space height=&#8221;64px&#8221;][vc_custom_heading text=&#8221;NEUESTE ANGEBOTE&#8221; font_container=&#8221;tag:h2|text_align:center&#8221; use_theme_fonts=&#8221;yes&#8221;][stm_special_offers view_style=&#8221;style_2&#8243;][vc_empty_space][\/vc_column][\/vc_row][vc_row full_width=&#8221;stretch_row_content_no_spaces&#8221; full_height=&#8221;yes&#8221; equal_height=&#8221;yes&#8221; content_placement=&#8221;middle&#8221;][vc_column width=&#8221;1\/2&#8243; css=&#8221;.vc_custom_1730069099580{padding-top: 20% !important;padding-right: 5% !important;padding-bottom: 20% !important;padding-left: 15% !important;background-image: url(http:\/\/docautomotive.ch\/wp-content\/uploads\/2024\/10\/docautomotive-AG-signup.jpg?id=3939) !important;background-position: center !important;background-repeat: no-repeat !important;background-size: cover !important;}&#8221;][vc_row_inner][vc_column_inner width=&#8221;1\/12&#8243;][\/vc_column_inner][vc_column_inner width=&#8221;10\/12&#8243;][vc_custom_heading text=&#8221;Sie haben bereits ein Konto?&#8221; font_container=&#8221;tag:h3|font_size:30|text_align:left|color:%23ffffff&#8221; use_theme_fonts=&#8221;yes&#8221; css=&#8221;.vc_custom_1729819277175{margin-top: 60px !important;padding-right: 10% !important;padding-left: 10% !important;}&#8221; el_class=&#8221;login-title&#8221;][vc_column_text css=&#8221;.vc_custom_1729819287831{margin-top: 22px !important;padding-right: 10% !important;padding-left: 10% !important;}&#8221;]<\/p>\n<p style=\"color: #ffffff;\">Loggen Sie sich in Ihr Konto ein und sehen Sie sich in Echtzeit unser Angebot mit Preisen an.<\/p>\n<p style=\"color: #ffffff;\">Unser Lagerbestand wird st\u00e4ndig aktualisiert. Deshalb laden wir Sie ein, auf Ihren reservierten Bereich zuzugreifen, um die besten auf dem Markt verf\u00fcgbaren Angebote zu sehen. \u00dcber Ihr Konto erhalten Sie auch einen \u00dcberblick \u00fcber alle Ihre bisherigen Bestellungen. <\/p>\n<p>[\/vc_column_text][vc_btn title=&#8221;LOGIN&#8221; style=&#8221;outline&#8221; shape=&#8221;square&#8221; color=&#8221;white&#8221; align=&#8221;left&#8221; i_icon_fontawesome=&#8221;stm-icon-steering-wheel-thin&#8221; css=&#8221;.vc_custom_1774946192495{margin-bottom: 60px !important;padding-right: 10% !important;padding-left: 10% !important;}&#8221; add_icon=&#8221;true&#8221; link=&#8221;url:https%3A%2F%2Fwww.docautomotive.ch%2Fde%2Fregister%2F|title:Anmelden%2FRegistrieren|&#8221;][\/vc_column_inner][vc_column_inner width=&#8221;1\/12&#8243;][\/vc_column_inner][\/vc_row_inner][\/vc_column][vc_column width=&#8221;1\/2&#8243; css=&#8221;.vc_custom_1712740663911{padding-top: 20% !important;padding-right: 15% !important;padding-bottom: 20% !important;padding-left: 5% !important;background-color: #2d3142 !important;}&#8221;][vc_row_inner][vc_column_inner width=&#8221;1\/12&#8243;][\/vc_column_inner][vc_column_inner width=&#8221;10\/12&#8243;][vc_custom_heading text=&#8221;M\u00f6chten Sie unsere Fahrzeuge auf Lager sehen?&#8221; font_container=&#8221;tag:h3|font_size:30|text_align:left|color:%23ffffff&#8221; use_theme_fonts=&#8221;yes&#8221; css=&#8221;.vc_custom_1723464426334{margin-top: 60px !important;padding-right: 10% !important;padding-left: 10% !important;}&#8221; el_class=&#8221;login-title&#8221;][vc_column_text css=&#8221;.vc_custom_1712855526978{margin-top: 22px !important;padding-right: 10% !important;padding-left: 10% !important;}&#8221;]<\/p>\n<p style=\"text-align: left; color: #ffffff;\">Wenn Sie ein H\u00e4ndler oder eine Werkstatt sind und sich f\u00fcr unsere Angebote interessieren, melden Sie sich an und Sie erhalten ein Passwort, mit dem Sie alle auf Lager befindlichen Fahrzeuge einsehen k\u00f6nnen.<\/p>\n<p style=\"text-align: left; color: #ffffff;\">Registrieren Sie sich jetzt und machen Sie sich in k\u00fcrzester Zeit ein detailliertes Bild von unserem Online-Angebot.<\/p>\n<p>[\/vc_column_text][vc_btn title=&#8221;JETZT ANMELDEN&#8221; style=&#8221;custom&#8221; custom_background=&#8221;#ff2e17&#8243; custom_text=&#8221;#ffffff&#8221; shape=&#8221;square&#8221; align=&#8221;left&#8221; i_icon_fontawesome=&#8221;stm-icon-search-list&#8221; css_animation=&#8221;bounceIn&#8221; css=&#8221;.vc_custom_1774946309494{margin-bottom: 60px !important;padding-right: 10% !important;padding-left: 10% !important;}&#8221; add_icon=&#8221;true&#8221; link=&#8221;url:https%3A%2F%2Fwww.docautomotive.ch%2Fde%2Fregister%2F|title:Anmelden%2FRegistrieren|&#8221; el_class=&#8221;look-and-feel-on-hover&#8221;][\/vc_column_inner][vc_column_inner width=&#8221;1\/12&#8243;][\/vc_column_inner][\/vc_row_inner][\/vc_column][\/vc_row]<\/p>\n<\/div>","protected":false},"excerpt":{"rendered":"<p>[vc_row full_width=&#8221;stretch_row&#8221; full_height=&#8221;yes&#8221; columns_placement=&#8221;top&#8221; content_placement=&#8221;top&#8221; css=&#8221;.vc_custom_1755471217927{background-image: url(http:\/\/docautomotive.ch\/wp-content\/uploads\/2024\/11\/Docautomotive-AG-header-image-25.jpg?id=4182) !important;background-position: center !important;background-repeat: no-repeat !important;background-size: cover !important;}&#8221;][vc_column][stm_listing_banner] Ihr B2B-Autospezialist Premium-Fahrzeuge und Automotive-L\u00f6sungen [\/stm_listing_banner][\/vc_column][\/vc_row][vc_row][vc_column el_class=&#8221;push-up&#8221;][stm_listing_search show_all_label=&#8221;Alle Fahrzeuge durchsuchen&#8221; filter_all=&#8221;make,body,serie,ca-year&#8221; inactive_tab_bg_color=&#8221;#2d3142&#8243; active_tab_bg_color=&#8221;#4f5d75&#8243; items=&#8221;%5B%7B%7D%5D&#8221; per_page=&#8221;&#8221;][\/vc_column][\/vc_row][vc_row equal_height=&#8221;yes&#8221; css=&#8221;.vc_custom_1723464551159{margin-top: 100px !important;margin-bottom: 15px !important;}&#8221;][vc_column el_class=&#8221;stm-vc-listing-pad__right&#8221; css=&#8221;.vc_custom_1459833133238{margin-bottom: 15px !important;}&#8221; offset=&#8221;vc_col-lg-6&#8243;][stm_icon_filter filter_selected=&#8221;make&#8221; per_row=&#8221;4&#8243; duration=&#8221;Alle Marken anzeigen&#8221;] Nach Marke suchen [\/stm_icon_filter][\/vc_column][vc_column el_class=&#8221;stm-vc-listing-pad__left&#8221; css=&#8221;.vc_custom_1459833140404{margin-bottom: 15px !important;}&#8221; offset=&#8221;vc_col-lg-6&#8243;][stm_icon_filter filter_selected=&#8221;body&#8221;&#8230;<\/p>\n","protected":false},"author":1,"featured_media":43465,"parent":0,"menu_order":0,"comment_status":"closed","ping_status":"closed","template":"","meta":{"footnotes":""},"class_list":["post-2867","page","type-page","status-publish","has-post-thumbnail","hentry"],"yoast_head":"<!-- This site is optimized with the Yoast SEO plugin v27.4 - https:\/\/yoast.com\/product\/yoast-seo-wordpress\/ -->\n<title>Doc Automotive AG - Ihr B2B-Spezialist f\u00fcr High-End-Autoh\u00e4user<\/title>\n<meta name=\"description\" content=\"Spezialisiert auf den B2B-Verkauf von High-End-Fahrzeugen mit einem umfassenden Angebot an Dienstleistungen wie Dokumentation und Transport zum H\u00e4ndler.\" \/>\n<meta name=\"robots\" content=\"index, follow, max-snippet:-1, max-image-preview:large, max-video-preview:-1\" \/>\n<link rel=\"canonical\" href=\"https:\/\/www.docautomotive.ch\/de\/\" \/>\n<meta property=\"og:locale\" content=\"de_DE\" \/>\n<meta property=\"og:type\" content=\"article\" \/>\n<meta property=\"og:title\" content=\"Doc Automotive AG - Ihr B2B-Spezialist f\u00fcr High-End-Autoh\u00e4user\" \/>\n<meta property=\"og:description\" content=\"Spezialisiert auf den B2B-Verkauf von High-End-Fahrzeugen mit einem umfassenden Angebot an Dienstleistungen wie Dokumentation und Transport zum H\u00e4ndler.\" \/>\n<meta property=\"og:url\" content=\"https:\/\/www.docautomotive.ch\/de\/\" \/>\n<meta property=\"og:site_name\" content=\"Doc Automotive AG\" \/>\n<meta property=\"article:modified_time\" content=\"2026-03-31T08:48:44+00:00\" \/>\n<meta property=\"og:image\" content=\"https:\/\/www.docautomotive.ch\/wp-content\/uploads\/2024\/11\/Docautomotive-AG-header-image-25.jpg\" \/>\n\t<meta property=\"og:image:width\" content=\"1380\" \/>\n\t<meta property=\"og:image:height\" content=\"920\" \/>\n\t<meta property=\"og:image:type\" content=\"image\/jpeg\" \/>\n<meta name=\"twitter:card\" content=\"summary_large_image\" \/>\n<meta name=\"twitter:label1\" content=\"Gesch\u00e4tzte Lesezeit\" \/>\n\t<meta name=\"twitter:data1\" content=\"3\u00a0Minuten\" \/>\n<script type=\"application\/ld+json\" class=\"yoast-schema-graph\">{\"@context\":\"https:\\\/\\\/schema.org\",\"@graph\":[{\"@type\":\"WebPage\",\"@id\":\"https:\\\/\\\/www.docautomotive.ch\\\/de\\\/\",\"url\":\"https:\\\/\\\/www.docautomotive.ch\\\/de\\\/\",\"name\":\"Doc Automotive AG - Ihr B2B-Spezialist f\u00fcr High-End-Autoh\u00e4user\",\"isPartOf\":{\"@id\":\"https:\\\/\\\/www.docautomotive.ch\\\/de\\\/#website\"},\"primaryImageOfPage\":{\"@id\":\"https:\\\/\\\/www.docautomotive.ch\\\/de\\\/#primaryimage\"},\"image\":{\"@id\":\"https:\\\/\\\/www.docautomotive.ch\\\/de\\\/#primaryimage\"},\"thumbnailUrl\":\"https:\\\/\\\/www.docautomotive.ch\\\/wp-content\\\/uploads\\\/2024\\\/11\\\/Docautomotive-AG-header-image-25.jpg\",\"datePublished\":\"2016-02-05T04:55:35+00:00\",\"dateModified\":\"2026-03-31T08:48:44+00:00\",\"description\":\"Spezialisiert auf den B2B-Verkauf von High-End-Fahrzeugen mit einem umfassenden Angebot an Dienstleistungen wie Dokumentation und Transport zum H\u00e4ndler.\",\"breadcrumb\":{\"@id\":\"https:\\\/\\\/www.docautomotive.ch\\\/de\\\/#breadcrumb\"},\"inLanguage\":\"de\",\"potentialAction\":[{\"@type\":\"ReadAction\",\"target\":[\"https:\\\/\\\/www.docautomotive.ch\\\/de\\\/\"]}]},{\"@type\":\"ImageObject\",\"inLanguage\":\"de\",\"@id\":\"https:\\\/\\\/www.docautomotive.ch\\\/de\\\/#primaryimage\",\"url\":\"https:\\\/\\\/www.docautomotive.ch\\\/wp-content\\\/uploads\\\/2024\\\/11\\\/Docautomotive-AG-header-image-25.jpg\",\"contentUrl\":\"https:\\\/\\\/www.docautomotive.ch\\\/wp-content\\\/uploads\\\/2024\\\/11\\\/Docautomotive-AG-header-image-25.jpg\",\"width\":1380,\"height\":920},{\"@type\":\"BreadcrumbList\",\"@id\":\"https:\\\/\\\/www.docautomotive.ch\\\/de\\\/#breadcrumb\",\"itemListElement\":[{\"@type\":\"ListItem\",\"position\":1,\"name\":\"Home\",\"item\":\"https:\\\/\\\/www.docautomotive.ch\\\/de\\\/\"},{\"@type\":\"ListItem\",\"position\":2,\"name\":\"Hauptseite\"}]},{\"@type\":\"WebSite\",\"@id\":\"https:\\\/\\\/www.docautomotive.ch\\\/de\\\/#website\",\"url\":\"https:\\\/\\\/www.docautomotive.ch\\\/de\\\/\",\"name\":\"Doc Automotive AG\",\"description\":\"Your Best B2B Car Dealer\",\"publisher\":{\"@id\":\"https:\\\/\\\/www.docautomotive.ch\\\/de\\\/#organization\"},\"alternateName\":\"Doc Automotive\",\"potentialAction\":[{\"@type\":\"SearchAction\",\"target\":{\"@type\":\"EntryPoint\",\"urlTemplate\":\"https:\\\/\\\/www.docautomotive.ch\\\/de\\\/?s={search_term_string}\"},\"query-input\":{\"@type\":\"PropertyValueSpecification\",\"valueRequired\":true,\"valueName\":\"search_term_string\"}}],\"inLanguage\":\"de\"},{\"@type\":\"Organization\",\"@id\":\"https:\\\/\\\/www.docautomotive.ch\\\/de\\\/#organization\",\"name\":\"Doc Automotive AG\",\"alternateName\":\"Doc Automotive\",\"url\":\"https:\\\/\\\/www.docautomotive.ch\\\/de\\\/\",\"logo\":{\"@type\":\"ImageObject\",\"inLanguage\":\"de\",\"@id\":\"https:\\\/\\\/www.docautomotive.ch\\\/de\\\/#\\\/schema\\\/logo\\\/image\\\/\",\"url\":\"https:\\\/\\\/www.docautomotive.ch\\\/wp-content\\\/uploads\\\/2024\\\/10\\\/Doc-Garage-Yoast-Thumb-Squared.jpg\",\"contentUrl\":\"https:\\\/\\\/www.docautomotive.ch\\\/wp-content\\\/uploads\\\/2024\\\/10\\\/Doc-Garage-Yoast-Thumb-Squared.jpg\",\"width\":696,\"height\":696,\"caption\":\"Doc Automotive AG\"},\"image\":{\"@id\":\"https:\\\/\\\/www.docautomotive.ch\\\/de\\\/#\\\/schema\\\/logo\\\/image\\\/\"},\"sameAs\":[\"https:\\\/\\\/www.instagram.com\\\/docautomotive\\\/\"]}]}<\/script>\n<!-- \/ Yoast SEO plugin. -->","yoast_head_json":{"title":"Doc Automotive AG - Ihr B2B-Spezialist f\u00fcr High-End-Autoh\u00e4user","description":"Spezialisiert auf den B2B-Verkauf von High-End-Fahrzeugen mit einem umfassenden Angebot an Dienstleistungen wie Dokumentation und Transport zum H\u00e4ndler.","robots":{"index":"index","follow":"follow","max-snippet":"max-snippet:-1","max-image-preview":"max-image-preview:large","max-video-preview":"max-video-preview:-1"},"canonical":"https:\/\/www.docautomotive.ch\/de\/","og_locale":"de_DE","og_type":"article","og_title":"Doc Automotive AG - Ihr B2B-Spezialist f\u00fcr High-End-Autoh\u00e4user","og_description":"Spezialisiert auf den B2B-Verkauf von High-End-Fahrzeugen mit einem umfassenden Angebot an Dienstleistungen wie Dokumentation und Transport zum H\u00e4ndler.","og_url":"https:\/\/www.docautomotive.ch\/de\/","og_site_name":"Doc Automotive AG","article_modified_time":"2026-03-31T08:48:44+00:00","og_image":[{"width":1380,"height":920,"url":"https:\/\/www.docautomotive.ch\/wp-content\/uploads\/2024\/11\/Docautomotive-AG-header-image-25.jpg","type":"image\/jpeg"}],"twitter_card":"summary_large_image","twitter_misc":{"Gesch\u00e4tzte Lesezeit":"3\u00a0Minuten"},"schema":{"@context":"https:\/\/schema.org","@graph":[{"@type":"WebPage","@id":"https:\/\/www.docautomotive.ch\/de\/","url":"https:\/\/www.docautomotive.ch\/de\/","name":"Doc Automotive AG - Ihr B2B-Spezialist f\u00fcr High-End-Autoh\u00e4user","isPartOf":{"@id":"https:\/\/www.docautomotive.ch\/de\/#website"},"primaryImageOfPage":{"@id":"https:\/\/www.docautomotive.ch\/de\/#primaryimage"},"image":{"@id":"https:\/\/www.docautomotive.ch\/de\/#primaryimage"},"thumbnailUrl":"https:\/\/www.docautomotive.ch\/wp-content\/uploads\/2024\/11\/Docautomotive-AG-header-image-25.jpg","datePublished":"2016-02-05T04:55:35+00:00","dateModified":"2026-03-31T08:48:44+00:00","description":"Spezialisiert auf den B2B-Verkauf von High-End-Fahrzeugen mit einem umfassenden Angebot an Dienstleistungen wie Dokumentation und Transport zum H\u00e4ndler.","breadcrumb":{"@id":"https:\/\/www.docautomotive.ch\/de\/#breadcrumb"},"inLanguage":"de","potentialAction":[{"@type":"ReadAction","target":["https:\/\/www.docautomotive.ch\/de\/"]}]},{"@type":"ImageObject","inLanguage":"de","@id":"https:\/\/www.docautomotive.ch\/de\/#primaryimage","url":"https:\/\/www.docautomotive.ch\/wp-content\/uploads\/2024\/11\/Docautomotive-AG-header-image-25.jpg","contentUrl":"https:\/\/www.docautomotive.ch\/wp-content\/uploads\/2024\/11\/Docautomotive-AG-header-image-25.jpg","width":1380,"height":920},{"@type":"BreadcrumbList","@id":"https:\/\/www.docautomotive.ch\/de\/#breadcrumb","itemListElement":[{"@type":"ListItem","position":1,"name":"Home","item":"https:\/\/www.docautomotive.ch\/de\/"},{"@type":"ListItem","position":2,"name":"Hauptseite"}]},{"@type":"WebSite","@id":"https:\/\/www.docautomotive.ch\/de\/#website","url":"https:\/\/www.docautomotive.ch\/de\/","name":"Doc Automotive AG","description":"Your Best B2B Car Dealer","publisher":{"@id":"https:\/\/www.docautomotive.ch\/de\/#organization"},"alternateName":"Doc Automotive","potentialAction":[{"@type":"SearchAction","target":{"@type":"EntryPoint","urlTemplate":"https:\/\/www.docautomotive.ch\/de\/?s={search_term_string}"},"query-input":{"@type":"PropertyValueSpecification","valueRequired":true,"valueName":"search_term_string"}}],"inLanguage":"de"},{"@type":"Organization","@id":"https:\/\/www.docautomotive.ch\/de\/#organization","name":"Doc Automotive AG","alternateName":"Doc Automotive","url":"https:\/\/www.docautomotive.ch\/de\/","logo":{"@type":"ImageObject","inLanguage":"de","@id":"https:\/\/www.docautomotive.ch\/de\/#\/schema\/logo\/image\/","url":"https:\/\/www.docautomotive.ch\/wp-content\/uploads\/2024\/10\/Doc-Garage-Yoast-Thumb-Squared.jpg","contentUrl":"https:\/\/www.docautomotive.ch\/wp-content\/uploads\/2024\/10\/Doc-Garage-Yoast-Thumb-Squared.jpg","width":696,"height":696,"caption":"Doc Automotive AG"},"image":{"@id":"https:\/\/www.docautomotive.ch\/de\/#\/schema\/logo\/image\/"},"sameAs":["https:\/\/www.instagram.com\/docautomotive\/"]}]}},"_links":{"self":[{"href":"https:\/\/www.docautomotive.ch\/de\/wp-json\/wp\/v2\/pages\/2867","targetHints":{"allow":["GET"]}}],"collection":[{"href":"https:\/\/www.docautomotive.ch\/de\/wp-json\/wp\/v2\/pages"}],"about":[{"href":"https:\/\/www.docautomotive.ch\/de\/wp-json\/wp\/v2\/types\/page"}],"author":[{"embeddable":true,"href":"https:\/\/www.docautomotive.ch\/de\/wp-json\/wp\/v2\/users\/1"}],"replies":[{"embeddable":true,"href":"https:\/\/www.docautomotive.ch\/de\/wp-json\/wp\/v2\/comments?post=2867"}],"version-history":[{"count":30,"href":"https:\/\/www.docautomotive.ch\/de\/wp-json\/wp\/v2\/pages\/2867\/revisions"}],"predecessor-version":[{"id":97151,"href":"https:\/\/www.docautomotive.ch\/de\/wp-json\/wp\/v2\/pages\/2867\/revisions\/97151"}],"wp:featuredmedia":[{"embeddable":true,"href":"https:\/\/www.docautomotive.ch\/de\/wp-json\/wp\/v2\/media\/43465"}],"wp:attachment":[{"href":"https:\/\/www.docautomotive.ch\/de\/wp-json\/wp\/v2\/media?parent=2867"}],"curies":[{"name":"wp","href":"https:\/\/api.w.org\/{rel}","templated":true}]}}