{"id":2855,"date":"2016-04-07T07:42:39","date_gmt":"2016-04-07T07:42:39","guid":{"rendered":"https:\/\/www.docautomotive.ch\/about-us\/"},"modified":"2026-02-02T23:48:53","modified_gmt":"2026-02-02T23:48:53","slug":"ueber-uns","status":"publish","type":"page","link":"https:\/\/www.docautomotive.ch\/de\/ueber-uns\/","title":{"rendered":"\u00dcber uns"},"content":{"rendered":"<div class=\"wpb-content-wrapper\"><p>[vc_row css=&#8221;.vc_custom_1445496852478{margin-top: 40px !important;margin-bottom: 51px !important;}&#8221;][vc_column width=&#8221;6\/12&#8243; el_class=&#8221;stm-col-pad-right&#8221;][vc_single_image image=&#8221;43599&#8243; img_size=&#8221;full&#8221; css=&#8221;.vc_custom_1742768787390{margin-bottom: 35px !important;}&#8221; stm_fancybox=&#8221;yes&#8221;][\/vc_column][vc_column width=&#8221;6\/12&#8243; el_class=&#8221;stm-col-pad-left&#8221;][vc_column_text css=&#8221;.vc_custom_1742897233954{margin-bottom: 23px !important;}&#8221;]<\/p>\n<h3 style=\"margin-bottom: 18px;\">WER SIND WIR BEI <span style=\"color: #ff2e17;\">DOC AUTOMOTIVE AG<\/span>?<\/h3>\n<p>[\/vc_column_text][vc_separator css=&#8221;.vc_custom_1445496980428{margin-bottom: 19px !important;}&#8221;][vc_column_text css=&#8221;&#8221;]<\/p>\n<p data-start=\"40\" data-end=\"393\">Wir sind ein Schweizer Unternehmen, das aus dem Zusammenschluss und der langj\u00e4hrigen Erfahrung von Fachleuten aus der Automobilbranche entstanden ist. Dank unserer fundierten 360-Grad-Kenntnisse des nationalen und internationalen Automobilmarktes sind wir bestens ger\u00fcstet, um all Ihre spezifischen Bed\u00fcrfnisse zu erf\u00fcllen, ganz gleich, ob Sie auf der Suche nach einem High-End-Fahrzeug sind oder spezielle Dienstleistungen ben\u00f6tigen. <\/p>\n<p data-start=\"395\" data-end=\"925\">Im Laufe der Jahre haben wir unsere Position als f\u00fchrendes Unternehmen im B2B-Verkauf von Premiumfahrzeugen gefestigt. Dank unserer Expertise k\u00f6nnen wir einen umfassenden, ma\u00dfgeschneiderten Service anbieten, der \u00fcber den reinen Verkauf hinausgeht. <\/p>\n<p data-start=\"395\" data-end=\"925\">Wir k\u00fcmmern uns um alle Aspekte des Prozesses, einschlie\u00dflich des Papierkrams, der rechtlichen Dokumentation und der Logistik des Transports, um eine direkte und sichere Lieferung an den H\u00e4ndler zu gew\u00e4hrleisten. Ganz gleich, ob Sie ein H\u00e4ndler sind, der seinen Bestand erweitern m\u00f6chte, oder ein Unternehmen, das ein bestimmtes Fahrzeug ben\u00f6tigt &#8211; wir garantieren Ihnen einen reibungslosen und effizienten Ablauf von Anfang bis Ende. <\/p>\n<p>[\/vc_column_text][\/vc_column][\/vc_row][vc_row css=&#8221;.vc_custom_1445594570930{margin-bottom: 83px !important;}&#8221;][vc_column width=&#8221;1\/2&#8243; el_class=&#8221;stm-col-pad-right&#8221;][vc_column_text css=&#8221;.vc_custom_1713302835653{margin-bottom: 23px !important;}&#8221;]<\/p>\n<h3>UNSERE GRUNDWERTE<\/h3>\n<p>[\/vc_column_text][vc_separator css=&#8221;.vc_custom_1445496980428{margin-bottom: 19px !important;}&#8221;][vc_column_text css=&#8221;.vc_custom_1713302676119{margin-bottom: 24px !important;}&#8221;]<span class=\"opensans-me\">Wir absolvieren ein umfangreiches Training im Werk, damit wir Ihnen das Wissen vermitteln k\u00f6nnen, das Sie ben\u00f6tigen, um eine fundierte Entscheidung bei der Wahl des Fahrzeugs zu treffen, das zu Ihrem Lebensstil passt.<\/span>[\/vc_column_text][vc_column_text]<\/p>\n<ul class=\"list-style-1\">\n<li>Stressfreie Finanzabteilung.<\/li>\n<li>Robuste Auswahl an beliebten Fahrzeugen.<\/li>\n<li>350 Angebote vor Ort, vertrauensw\u00fcrdig durch eine Community.<\/li>\n<li>Pflegen Sie Ihr Auto und bleiben Sie sicher auf der Stra\u00dfe<\/li>\n<li>Wir wissen, wie man mit einer breiten Palette von Autodienstleistungen umgeht.<\/li>\n<\/ul>\n<p>[\/vc_column_text][\/vc_column][vc_column width=&#8221;1\/2&#8243; el_class=&#8221;stm-col-pad-left&#8221;][vc_single_image image=&#8221;43595&#8243; img_size=&#8221;full&#8221; css=&#8221;.vc_custom_1742768580904{margin-bottom: 35px !important;}&#8221; stm_fancybox=&#8221;yes&#8221;][\/vc_column][\/vc_row][vc_row full_width=&#8221;stretch_row&#8221; css=&#8221;.vc_custom_1713302534182{padding-top: 68px !important;padding-bottom: 30px !important;background-color: #f0f2f5 !important;}&#8221;][vc_column el_class=&#8221;stm-col-pad-right&#8221; css=&#8221;.vc_custom_1445583873131{margin-bottom: 35px !important;}&#8221;][vc_custom_heading text=&#8221;DAS SIND UNSERE VORTEILE&#8221; font_container=&#8221;tag:h3|text_align:left&#8221; use_theme_fonts=&#8221;yes&#8221; css=&#8221;.vc_custom_1713305893146{margin-bottom: 24px !important;}&#8221;][vc_empty_space][vc_tta_accordion c_icon=&#8221;chevron&#8221; active_section=&#8221;1&#8243;][vc_tta_section i_icon_fontawesome=&#8221;stm-icon-light-circle-check&#8221; add_icon=&#8221;true&#8221; title=&#8221;Individuelle Angebote mit gr\u00f6\u00dferer Flexibilit\u00e4t und ma\u00dfgeschneiderten Finanzl\u00f6sungen&#8221; tab_id=&#8221;financial-solutions&#8221;][vc_column_text css=&#8221;&#8221;]Wir bieten Ihnen personalisierte Angebote, die Ihnen mehr Flexibilit\u00e4t bei der Erf\u00fcllung Ihrer Bed\u00fcrfnisse erm\u00f6glichen. Wir bieten Ihnen auch ma\u00dfgeschneiderte Finanzierungsl\u00f6sungen, damit Sie die beste Option f\u00fcr den Kauf Ihres Fahrzeugs finden, egal ob Sie Leasing oder Ratenzahlung ben\u00f6tigen.[\/vc_column_text][\/vc_tta_section][vc_tta_section i_icon_fontawesome=&#8221;stm-icon-light-circle-check&#8221; add_icon=&#8221;true&#8221; title=&#8221;Schneller Zugriff auf seltene Fahrzeuge oder Nischenfahrzeuge&#8221; tab_id=&#8221;quick-access&#8221;][vc_column_text css=&#8221;&#8221;]Dank unseres ausgedehnten Netzwerks und unserer Verbindungen in der Branche k\u00f6nnen wir schnell spezielle oder schwer zu findende Fahrzeuge beschaffen, die m\u00f6glicherweise nicht ohne weiteres verf\u00fcgbar sind. Egal, ob Sie ein seltenes Modell oder ein Auto mit besonderer Ausstattung suchen, wir k\u00f6nnen Ihnen helfen, genau das zu finden, was Sie brauchen.[\/vc_column_text][\/vc_tta_section][vc_tta_section i_icon_fontawesome=&#8221;stm-icon-light-circle-check&#8221; add_icon=&#8221;true&#8221; title=&#8221;Zugang zu Null-Kilometer-Autos oder Gebrauchtwagen mit offizieller Garantie zu wettbewerbsf\u00e4higen Preisen&#8221; tab_id=&#8221;competitive-price&#8221;][vc_column_text css=&#8221;&#8221;]Wir bieten Ihnen die M\u00f6glichkeit, Gebrauchtwagen zu kaufen, die noch unter der offiziellen Herstellergarantie stehen. Diese Autos werden zu wettbewerbsf\u00e4higen Preisen angeboten und bieten ein ausgezeichnetes Preis-Leistungs-Verh\u00e4ltnis, w\u00e4hrend Sie gleichzeitig durch die Garantieabdeckung beruhigt sein k\u00f6nnen.[\/vc_column_text][\/vc_tta_section][vc_tta_section i_icon_fontawesome=&#8221;stm-icon-light-circle-check&#8221; add_icon=&#8221;true&#8221; title=&#8221;Verk\u00fcrzte Lieferzeiten dank optimiertem Lieferantennetzwerk-Management&#8221; tab_id=&#8221;delivery-time&#8221;][vc_column_text css=&#8221;&#8221;]Wir bem\u00fchen uns um schnelle Lieferzeiten f\u00fcr Ihr Fahrzeug. Erm\u00f6glicht wird dies durch unser optimiertes Lieferantenmanagement, das sicherstellt, dass die Fahrzeuge in k\u00fcrzester Zeit beschafft und geliefert werden, ohne Kompromisse bei der Qualit\u00e4t einzugehen.[\/vc_column_text][\/vc_tta_section][vc_tta_section i_icon_fontawesome=&#8221;stm-icon-light-circle-check&#8221; add_icon=&#8221;true&#8221; title=&#8221;Rationalisierte und schnelle Verkaufsprozesse&#8221; tab_id=&#8221;sales-processs&#8221;][vc_column_text css=&#8221;&#8221;]Unsere Verkaufsprozesse sind so gestaltet, dass sie schnell und effizient sind, damit Sie das gew\u00fcnschte Fahrzeug mit minimalen Verz\u00f6gerungen erhalten. Von der ersten Anfrage bis zum endg\u00fcltigen Kauf optimieren wir jeden Schritt, um Ihnen eine nahtlose und problemlose Erfahrung zu bieten.[\/vc_column_text][\/vc_tta_section][vc_tta_section i_icon_fontawesome=&#8221;stm-icon-light-circle-check&#8221; add_icon=&#8221;true&#8221; title=&#8221;Die F\u00e4higkeit, auf der Grundlage der tats\u00e4chlichen Bed\u00fcrfnisse des Kunden das richtige Fahrzeug zu empfehlen&#8221; tab_id=&#8221;client-need&#8221;][vc_column_text css=&#8221;&#8221;]Wir nehmen uns die Zeit, Ihre speziellen Bed\u00fcrfnisse und Vorlieben zu verstehen, um das ideale Fahrzeug f\u00fcr Sie zu empfehlen. Unser Team ber\u00e4t Sie fachkundig und sorgt daf\u00fcr, dass das von Ihnen gew\u00e4hlte Fahrzeug perfekt zu Ihrem Lebensstil oder Ihren gesch\u00e4ftlichen Anforderungen passt.[\/vc_column_text][\/vc_tta_section][vc_tta_section i_icon_fontawesome=&#8221;stm-icon-light-circle-check&#8221; add_icon=&#8221;true&#8221; title=&#8221;Ma\u00dfgeschneiderte Verhandlungen und ma\u00dfgeschneiderte Finanzl\u00f6sungen&#8221; tab_id=&#8221;customised-negotiations&#8221;][vc_column_text css=&#8221;&#8221;]Jede Verhandlung ist auf Ihre individuelle Situation zugeschnitten. Wir arbeiten mit Ihnen zusammen, um das beste Angebot zu finden und bieten Ihnen ma\u00dfgeschneiderte Finanzl\u00f6sungen, die zu Ihrem Budget und Ihren Bed\u00fcrfnissen passen. Ganz gleich, ob es sich um einen ma\u00dfgeschneiderten Finanzierungsplan oder eine spezielle Zahlungsstruktur handelt, wir machen es f\u00fcr Sie m\u00f6glich.[\/vc_column_text][\/vc_tta_section][\/vc_tta_accordion][vc_empty_space][\/vc_column][\/vc_row]<\/p>\n<\/div>","protected":false},"excerpt":{"rendered":"<p>[vc_row css=&#8221;.vc_custom_1445496852478{margin-top: 40px !important;margin-bottom: 51px !important;}&#8221;][vc_column width=&#8221;6\/12&#8243; el_class=&#8221;stm-col-pad-right&#8221;][vc_single_image image=&#8221;43599&#8243; img_size=&#8221;full&#8221; css=&#8221;.vc_custom_1742768787390{margin-bottom: 35px !important;}&#8221; stm_fancybox=&#8221;yes&#8221;][\/vc_column][vc_column width=&#8221;6\/12&#8243; el_class=&#8221;stm-col-pad-left&#8221;][vc_column_text css=&#8221;.vc_custom_1742897233954{margin-bottom: 23px !important;}&#8221;] WER SIND WIR BEI DOC AUTOMOTIVE AG? [\/vc_column_text][vc_separator css=&#8221;.vc_custom_1445496980428{margin-bottom: 19px !important;}&#8221;][vc_column_text css=&#8221;&#8221;] Wir sind ein Schweizer Unternehmen, das aus dem Zusammenschluss und der langj\u00e4hrigen Erfahrung von Fachleuten aus der Automobilbranche entstanden ist. Dank unserer fundierten 360-Grad-Kenntnisse&#8230;<\/p>\n","protected":false},"author":1,"featured_media":0,"parent":0,"menu_order":0,"comment_status":"closed","ping_status":"closed","template":"","meta":{"footnotes":""},"class_list":["post-2855","page","type-page","status-publish","hentry"],"yoast_head":"<!-- This site is optimized with the Yoast SEO plugin v27.4 - https:\/\/yoast.com\/product\/yoast-seo-wordpress\/ -->\n<title>\u00dcber uns - Entdecken Sie unsere Kompetenz im Verkauf von High-End-Fahrzeugen | Doc Automotive AG<\/title>\n<meta name=\"description\" content=\"Lernen Sie Doc Automotive kennen: Experten im B2B-Verkauf hochwertiger Fahrzeuge. Wir bieten einen pers\u00f6nlichen Service und eine gro\u00dfe Auswahl an Premium-Fahrzeugen.\" \/>\n<meta name=\"robots\" content=\"index, follow, max-snippet:-1, max-image-preview:large, max-video-preview:-1\" \/>\n<link rel=\"canonical\" href=\"https:\/\/www.docautomotive.ch\/de\/ueber-uns\/\" \/>\n<meta property=\"og:locale\" content=\"de_DE\" \/>\n<meta property=\"og:type\" content=\"article\" \/>\n<meta property=\"og:title\" content=\"\u00dcber uns - Entdecken Sie unsere Kompetenz im Verkauf von High-End-Fahrzeugen | Doc Automotive AG\" \/>\n<meta property=\"og:description\" content=\"Lernen Sie Doc Automotive kennen: Experten im B2B-Verkauf hochwertiger Fahrzeuge. Wir bieten einen pers\u00f6nlichen Service und eine gro\u00dfe Auswahl an Premium-Fahrzeugen.\" \/>\n<meta property=\"og:url\" content=\"https:\/\/www.docautomotive.ch\/de\/ueber-uns\/\" \/>\n<meta property=\"og:site_name\" content=\"Doc Automotive AG\" \/>\n<meta property=\"article:modified_time\" content=\"2026-02-02T23:48:53+00:00\" \/>\n<meta property=\"og:image\" content=\"https:\/\/www.docautomotive.ch\/wp-content\/uploads\/2024\/10\/Doc-Garage-Yoast-Thumb.jpg\" \/>\n\t<meta property=\"og:image:width\" content=\"1200\" \/>\n\t<meta property=\"og:image:height\" content=\"675\" \/>\n\t<meta property=\"og:image:type\" content=\"image\/jpeg\" \/>\n<meta name=\"twitter:card\" content=\"summary_large_image\" \/>\n<meta name=\"twitter:label1\" content=\"Gesch\u00e4tzte Lesezeit\" \/>\n\t<meta name=\"twitter:data1\" content=\"4\u00a0Minuten\" \/>\n<script type=\"application\/ld+json\" class=\"yoast-schema-graph\">{\"@context\":\"https:\\\/\\\/schema.org\",\"@graph\":[{\"@type\":\"WebPage\",\"@id\":\"https:\\\/\\\/www.docautomotive.ch\\\/de\\\/ueber-uns\\\/\",\"url\":\"https:\\\/\\\/www.docautomotive.ch\\\/de\\\/ueber-uns\\\/\",\"name\":\"\u00dcber uns - Entdecken Sie unsere Kompetenz im Verkauf von High-End-Fahrzeugen | Doc Automotive AG\",\"isPartOf\":{\"@id\":\"https:\\\/\\\/www.docautomotive.ch\\\/de\\\/#website\"},\"datePublished\":\"2016-04-07T07:42:39+00:00\",\"dateModified\":\"2026-02-02T23:48:53+00:00\",\"description\":\"Lernen Sie Doc Automotive kennen: Experten im B2B-Verkauf hochwertiger Fahrzeuge. Wir bieten einen pers\u00f6nlichen Service und eine gro\u00dfe Auswahl an Premium-Fahrzeugen.\",\"breadcrumb\":{\"@id\":\"https:\\\/\\\/www.docautomotive.ch\\\/de\\\/ueber-uns\\\/#breadcrumb\"},\"inLanguage\":\"de\",\"potentialAction\":[{\"@type\":\"ReadAction\",\"target\":[\"https:\\\/\\\/www.docautomotive.ch\\\/de\\\/ueber-uns\\\/\"]}]},{\"@type\":\"BreadcrumbList\",\"@id\":\"https:\\\/\\\/www.docautomotive.ch\\\/de\\\/ueber-uns\\\/#breadcrumb\",\"itemListElement\":[{\"@type\":\"ListItem\",\"position\":1,\"name\":\"Home\",\"item\":\"https:\\\/\\\/www.docautomotive.ch\\\/de\\\/\"},{\"@type\":\"ListItem\",\"position\":2,\"name\":\"\u00dcber uns\"}]},{\"@type\":\"WebSite\",\"@id\":\"https:\\\/\\\/www.docautomotive.ch\\\/de\\\/#website\",\"url\":\"https:\\\/\\\/www.docautomotive.ch\\\/de\\\/\",\"name\":\"Doc Automotive AG\",\"description\":\"Your Best B2B Car Dealer\",\"publisher\":{\"@id\":\"https:\\\/\\\/www.docautomotive.ch\\\/de\\\/#organization\"},\"alternateName\":\"Doc Automotive\",\"potentialAction\":[{\"@type\":\"SearchAction\",\"target\":{\"@type\":\"EntryPoint\",\"urlTemplate\":\"https:\\\/\\\/www.docautomotive.ch\\\/de\\\/?s={search_term_string}\"},\"query-input\":{\"@type\":\"PropertyValueSpecification\",\"valueRequired\":true,\"valueName\":\"search_term_string\"}}],\"inLanguage\":\"de\"},{\"@type\":\"Organization\",\"@id\":\"https:\\\/\\\/www.docautomotive.ch\\\/de\\\/#organization\",\"name\":\"Doc Automotive AG\",\"alternateName\":\"Doc Automotive\",\"url\":\"https:\\\/\\\/www.docautomotive.ch\\\/de\\\/\",\"logo\":{\"@type\":\"ImageObject\",\"inLanguage\":\"de\",\"@id\":\"https:\\\/\\\/www.docautomotive.ch\\\/de\\\/#\\\/schema\\\/logo\\\/image\\\/\",\"url\":\"https:\\\/\\\/www.docautomotive.ch\\\/wp-content\\\/uploads\\\/2024\\\/10\\\/Doc-Garage-Yoast-Thumb-Squared.jpg\",\"contentUrl\":\"https:\\\/\\\/www.docautomotive.ch\\\/wp-content\\\/uploads\\\/2024\\\/10\\\/Doc-Garage-Yoast-Thumb-Squared.jpg\",\"width\":696,\"height\":696,\"caption\":\"Doc Automotive AG\"},\"image\":{\"@id\":\"https:\\\/\\\/www.docautomotive.ch\\\/de\\\/#\\\/schema\\\/logo\\\/image\\\/\"},\"sameAs\":[\"https:\\\/\\\/www.instagram.com\\\/docautomotive\\\/\"]}]}<\/script>\n<!-- \/ Yoast SEO plugin. -->","yoast_head_json":{"title":"\u00dcber uns - Entdecken Sie unsere Kompetenz im Verkauf von High-End-Fahrzeugen | Doc Automotive AG","description":"Lernen Sie Doc Automotive kennen: Experten im B2B-Verkauf hochwertiger Fahrzeuge. Wir bieten einen pers\u00f6nlichen Service und eine gro\u00dfe Auswahl an Premium-Fahrzeugen.","robots":{"index":"index","follow":"follow","max-snippet":"max-snippet:-1","max-image-preview":"max-image-preview:large","max-video-preview":"max-video-preview:-1"},"canonical":"https:\/\/www.docautomotive.ch\/de\/ueber-uns\/","og_locale":"de_DE","og_type":"article","og_title":"\u00dcber uns - Entdecken Sie unsere Kompetenz im Verkauf von High-End-Fahrzeugen | Doc Automotive AG","og_description":"Lernen Sie Doc Automotive kennen: Experten im B2B-Verkauf hochwertiger Fahrzeuge. Wir bieten einen pers\u00f6nlichen Service und eine gro\u00dfe Auswahl an Premium-Fahrzeugen.","og_url":"https:\/\/www.docautomotive.ch\/de\/ueber-uns\/","og_site_name":"Doc Automotive AG","article_modified_time":"2026-02-02T23:48:53+00:00","og_image":[{"width":1200,"height":675,"url":"https:\/\/www.docautomotive.ch\/wp-content\/uploads\/2024\/10\/Doc-Garage-Yoast-Thumb.jpg","type":"image\/jpeg"}],"twitter_card":"summary_large_image","twitter_misc":{"Gesch\u00e4tzte Lesezeit":"4\u00a0Minuten"},"schema":{"@context":"https:\/\/schema.org","@graph":[{"@type":"WebPage","@id":"https:\/\/www.docautomotive.ch\/de\/ueber-uns\/","url":"https:\/\/www.docautomotive.ch\/de\/ueber-uns\/","name":"\u00dcber uns - Entdecken Sie unsere Kompetenz im Verkauf von High-End-Fahrzeugen | Doc Automotive AG","isPartOf":{"@id":"https:\/\/www.docautomotive.ch\/de\/#website"},"datePublished":"2016-04-07T07:42:39+00:00","dateModified":"2026-02-02T23:48:53+00:00","description":"Lernen Sie Doc Automotive kennen: Experten im B2B-Verkauf hochwertiger Fahrzeuge. Wir bieten einen pers\u00f6nlichen Service und eine gro\u00dfe Auswahl an Premium-Fahrzeugen.","breadcrumb":{"@id":"https:\/\/www.docautomotive.ch\/de\/ueber-uns\/#breadcrumb"},"inLanguage":"de","potentialAction":[{"@type":"ReadAction","target":["https:\/\/www.docautomotive.ch\/de\/ueber-uns\/"]}]},{"@type":"BreadcrumbList","@id":"https:\/\/www.docautomotive.ch\/de\/ueber-uns\/#breadcrumb","itemListElement":[{"@type":"ListItem","position":1,"name":"Home","item":"https:\/\/www.docautomotive.ch\/de\/"},{"@type":"ListItem","position":2,"name":"\u00dcber uns"}]},{"@type":"WebSite","@id":"https:\/\/www.docautomotive.ch\/de\/#website","url":"https:\/\/www.docautomotive.ch\/de\/","name":"Doc Automotive AG","description":"Your Best B2B Car Dealer","publisher":{"@id":"https:\/\/www.docautomotive.ch\/de\/#organization"},"alternateName":"Doc Automotive","potentialAction":[{"@type":"SearchAction","target":{"@type":"EntryPoint","urlTemplate":"https:\/\/www.docautomotive.ch\/de\/?s={search_term_string}"},"query-input":{"@type":"PropertyValueSpecification","valueRequired":true,"valueName":"search_term_string"}}],"inLanguage":"de"},{"@type":"Organization","@id":"https:\/\/www.docautomotive.ch\/de\/#organization","name":"Doc Automotive AG","alternateName":"Doc Automotive","url":"https:\/\/www.docautomotive.ch\/de\/","logo":{"@type":"ImageObject","inLanguage":"de","@id":"https:\/\/www.docautomotive.ch\/de\/#\/schema\/logo\/image\/","url":"https:\/\/www.docautomotive.ch\/wp-content\/uploads\/2024\/10\/Doc-Garage-Yoast-Thumb-Squared.jpg","contentUrl":"https:\/\/www.docautomotive.ch\/wp-content\/uploads\/2024\/10\/Doc-Garage-Yoast-Thumb-Squared.jpg","width":696,"height":696,"caption":"Doc Automotive AG"},"image":{"@id":"https:\/\/www.docautomotive.ch\/de\/#\/schema\/logo\/image\/"},"sameAs":["https:\/\/www.instagram.com\/docautomotive\/"]}]}},"_links":{"self":[{"href":"https:\/\/www.docautomotive.ch\/de\/wp-json\/wp\/v2\/pages\/2855","targetHints":{"allow":["GET"]}}],"collection":[{"href":"https:\/\/www.docautomotive.ch\/de\/wp-json\/wp\/v2\/pages"}],"about":[{"href":"https:\/\/www.docautomotive.ch\/de\/wp-json\/wp\/v2\/types\/page"}],"author":[{"embeddable":true,"href":"https:\/\/www.docautomotive.ch\/de\/wp-json\/wp\/v2\/users\/1"}],"replies":[{"embeddable":true,"href":"https:\/\/www.docautomotive.ch\/de\/wp-json\/wp\/v2\/comments?post=2855"}],"version-history":[{"count":15,"href":"https:\/\/www.docautomotive.ch\/de\/wp-json\/wp\/v2\/pages\/2855\/revisions"}],"predecessor-version":[{"id":94124,"href":"https:\/\/www.docautomotive.ch\/de\/wp-json\/wp\/v2\/pages\/2855\/revisions\/94124"}],"wp:attachment":[{"href":"https:\/\/www.docautomotive.ch\/de\/wp-json\/wp\/v2\/media?parent=2855"}],"curies":[{"name":"wp","href":"https:\/\/api.w.org\/{rel}","templated":true}]}}