{"id":27066,"date":"2024-04-19T13:41:31","date_gmt":"2024-04-19T13:41:31","guid":{"rendered":"https:\/\/www.docautomotive.ch\/nutzungsbedingungen\/"},"modified":"2025-01-28T22:16:35","modified_gmt":"2025-01-28T22:16:35","slug":"nutzungsbedingungen","status":"publish","type":"page","link":"https:\/\/www.docautomotive.ch\/de\/nutzungsbedingungen\/","title":{"rendered":"Nutzungsbedingungen"},"content":{"rendered":"<div class=\"wpb-content-wrapper\"><p>[vc_row][vc_column][vc_empty_space][vc_custom_heading text=&#8221;NUTZUNGSBEDINGUNGEN&#8221; font_container=&#8221;tag:h1|text_align:center&#8221; css=&#8221;&#8221; el_class=&#8221;monospace&#8221;][vc_column_text css=&#8221;&#8221;]<\/p>\n<h2>1. Akzeptanz<\/h2>\n<p>Die Website docautomotive.ch (&#8216;Plattform&#8217;) wird von der Doc Automotive AG, einer Gesellschaft schweizerischen Rechts mit Sitz in der <strong>Grundstra\u00dfe 36a, 6430, Schweiz<\/strong> und der Umsatzsteuer-ID: <strong>CHE-232.196.871<\/strong> (&#8216;Wir&#8217;) bereitgestellt. Der Plattformnutzer kann sich mit uns in Verbindung setzen, indem er eine E-Mail an info@docautomotive.ch oder an die oben genannte Adresse sendet. <\/p>\n<p>Indem Sie auf die Plattform zugreifen oder ein Konto erstellen, erkl\u00e4ren Sie sich mit diesen Nutzungsbedingungen einverstanden. Wenn Sie diesen Nutzungsbedingungen nicht zustimmen m\u00f6chten, besuchen oder nutzen Sie die Plattform bitte nicht weiter. Wir sind dann auch nicht in der Lage, ein Konto f\u00fcr Sie zu erstellen.  <\/p>\n<p>Diese Nutzungsbedingungen gelten f\u00fcr die Nutzung der Plattform der Doc Automotive AG. Diese Nutzungsbedingungen m\u00fcssen zusammen mit anderen Bedingungen gelesen werden, die f\u00fcr die Nutzung der Plattform gelten, wie z.B. unsere Datenschutzrichtlinie (oder Datenschutzerkl\u00e4rung) und unsere Cookie-Richtlinie (oder Erkl\u00e4rung zu Cookies). <\/p>\n<p>&nbsp;<\/p>\n<h2>2. Von der Website angebotene Dienste<\/h2>\n<p>2.1. Die Website kann aus verschiedenen Gr\u00fcnden aufgerufen werden, u.a. um unsere Kontaktdaten einzusehen und ein Konto zu beantragen. Um die tats\u00e4chlichen Waren\/Dienstleistungen der Doc Automotive AG (Neuwagen auf Lager zu wettbewerbsf\u00e4higen Marktpreisen) kennenzulernen, m\u00fcssen Sie ein Konto anlegen.  <\/p>\n<p>2.2. You do need to register to the Website to access the company inventory. Creating an Account is free of charge but must be accepted by Doc Automotive AG.  <\/p>\n<p>2.3. The equipment you need to use the Website and to create an Account on it are laptop\/PC and an internet connection. <\/p>\n<p>2.4. Doc Automotive AG wishes to point out that using certain configurations could result in a different experience. However, we try to keep these differences to a minimum.  <\/p>\n<p>2.5. If you wish to contact Doc Automotive AG using the Website\u2019s contact form, your personal data will be processed. For the purpose of this processing, we expressly refer to our privacy policy published on the Website, where you can consult all information about processing in a clear and transparent manner.  <\/p>\n<p>&nbsp;<\/p>\n<h2>3. Schutz der pers\u00f6nlichen Daten<\/h2>\n<p>Wenn Sie die Website nutzen oder ein Konto erstellen, k\u00f6nnen Ihre pers\u00f6nlichen Daten gesammelt und verarbeitet werden. Wir legen gro\u00dfen Wert auf Ihre Privatsph\u00e4re und die sichere Verarbeitung Ihrer personenbezogenen Daten. F\u00fcr diese Verarbeitung verweisen wir ausdr\u00fccklich auf unsere auf der Plattform ver\u00f6ffentlichte Datenschutzrichtlinie, in der Sie alle Informationen \u00fcber die Verarbeitung in klarer und transparenter Weise nachlesen k\u00f6nnen, sowie auf unsere Cookie-Richtlinie.  <\/p>\n<p>&nbsp;<\/p>\n<h2>4. Geistiges Eigentum<\/h2>\n<p>Alle geistigen Eigentumsrechte, einschlie\u00dflich der Urheber- und Markenrechte, an allen Texten, Bildern, Filmen, T\u00f6nen, Software und anderen Materialien auf dieser Website geh\u00f6ren entweder uns oder ausschlie\u00dflich Dritten. Die unbefugte Nutzung der bereitgestellten Informationen ist strengstens untersagt. Sie erwerben keine geistigen Eigentumsrechte an den Informationen auf der Plattform.  <\/p>\n<p>Indem Sie die Website nutzen, verpflichten Sie sich zu bestimmten Dingen, darunter:<\/p>\n<ul>\n<li>die Informationen nicht in einer ungesetzlichen oder illegalen Weise zu verwenden;<\/li>\n<li>die Informationen auf der Website nicht f\u00fcr andere als Ihre internen Zwecke zu verwenden und sie daher nicht kommerziell zu nutzen (z. B. durch die Verwendung von Fotos f\u00fcr Ihr Unternehmen);<\/li>\n<li>die Website nicht auf eine Art und Weise zu nutzen, die die Website oder die Plattform besch\u00e4digt, verzerrt, unterbricht, stoppt oder weniger effizient macht;<\/li>\n<li>die Website nicht zu nutzen, um Computerviren einzuschleusen oder um illegales oder ungesetzliches Material oder Material, das in irgendeiner Weise unangemessen ist (einschlie\u00dflich, aber nicht beschr\u00e4nkt auf verleumderisches, obsz\u00f6nes oder bedrohliches Material), zu \u00fcbermitteln oder zu ver\u00f6ffentlichen;<\/li>\n<li>die Website nicht in einer Art und Weise zu nutzen, die die Rechte einer nat\u00fcrlichen oder juristischen Person oder eines Verbandes verletzt, einschlie\u00dflich, aber nicht beschr\u00e4nkt auf die Rechte auf Privatsph\u00e4re und geistiges Eigentum.<\/li>\n<\/ul>\n<p>Wir behalten uns das Recht vor, gegen Verst\u00f6\u00dfe gegen die oben genannten oder andere Teile der Nutzungsbedingungen vorzugehen (einschlie\u00dflich rechtlicher Schritte).<\/p>\n<p>&nbsp;<\/p>\n<h2>5. Links von Dritten<\/h2>\n<p>Die Website kann Verweise auf andere Websites enthalten, die nicht unser Eigentum sind. Die Doc Automotive AG ist daher nicht verantwortlich f\u00fcr diese anderen Websites, einschlie\u00dflich der dort enthaltenen Informationen und des Schutzes der Privatsph\u00e4re und pers\u00f6nlicher Daten. <\/p>\n<h2> <\/h2>\n<h2>6. Art unserer Dienstleistungen<\/h2>\n<p>Obwohl wir versuchen, die bereitgestellten Informationen so aktuell wie m\u00f6glich zu halten, k\u00f6nnen wir nicht garantieren, dass die Informationen immer richtig, vollst\u00e4ndig und genau sind. Wenn die angezeigten Informationen nicht mehr richtig, vollst\u00e4ndig oder genau sind, k\u00f6nnen wir daf\u00fcr in keiner Weise haftbar gemacht werden. Das Gleiche gilt f\u00fcr Informationen von Dritten. Die Informationen werden ohne Gew\u00e4hr f\u00fcr ihre Richtigkeit oder N\u00fctzlichkeit zur Verf\u00fcgung gestellt.   <\/p>\n<p>Obwohl wir die notwendigen Ma\u00dfnahmen ergreifen, um durch technische Fehler verursachte Unannehmlichkeiten zu begrenzen, haften wir nicht f\u00fcr Ausf\u00e4lle, Unterbrechungen oder Fehler bei der elektronischen Bereitstellung unserer Dienste.<\/p>\n<p>Wir ergreifen auch alle angemessenen Ma\u00dfnahmen, um die Doc Automotive AG vor Computerviren und anderer Malware zu sch\u00fctzen. In Anbetracht der Natur dieser Gefahren erkennen Sie an, dass wir keinen absoluten Schutz bieten k\u00f6nnen. <\/p>\n<p>&nbsp;<\/p>\n<h2>7. Begrenzung der Haftung<\/h2>\n<p>Soweit nach geltendem Recht zul\u00e4ssig, haften wir nicht f\u00fcr Sch\u00e4den jeglicher Art, weder direkt noch indirekt, im Zusammenhang mit der Nutzung der Website, es sei denn, wir begehen einen Betrug oder einen vors\u00e4tzlichen Fehler. Dies gilt beispielsweise auch f\u00fcr Sch\u00e4den, die durch Unterbrechungen der Website, technische Fehler, Viren oder andere Fehlfunktionen verursacht wurden. <\/p>\n<p>&nbsp;<\/p>\n<h2>8. Anwendbares Recht und zust\u00e4ndiges Gericht<\/h2>\n<p>Die Nutzung der Website unterliegt schweizerischem Recht. F\u00fcr alle Streitigkeiten, die sich aus der Nutzung der Plattform ergeben, sind die Gerichte zust\u00e4ndig, die f\u00fcr das Gebiet zust\u00e4ndig sind, in dem wir unseren Gesch\u00e4ftssitz haben. <\/p>\n<p>&nbsp;<\/p>\n<h2>Brauchen Sie Hilfe?<\/h2>\n<p><!-- \/wp:post-content --><\/p>\n<p><!-- wp:paragraph -->Kontaktieren Sie uns unter <a href=\"mailto:info@docautomotive.ch\">info@docautomotive.ch<\/a>, wenn Sie Fragen zu den Nutzungsbedingungen haben.<\/p>\n<p>[\/vc_column_text][vc_empty_space height=&#8221;64px&#8221;][\/vc_column][\/vc_row]<\/p>\n<\/div>","protected":false},"excerpt":{"rendered":"<p>[vc_row][vc_column][vc_empty_space][vc_custom_heading text=&#8221;NUTZUNGSBEDINGUNGEN&#8221; font_container=&#8221;tag:h1|text_align:center&#8221; css=&#8221;&#8221; el_class=&#8221;monospace&#8221;][vc_column_text css=&#8221;&#8221;] 1. Akzeptanz Die Website docautomotive.ch (&#8216;Plattform&#8217;) wird von der Doc Automotive AG, einer Gesellschaft schweizerischen Rechts mit Sitz in der Grundstra\u00dfe 36a, 6430, Schweiz und der Umsatzsteuer-ID: CHE-232.196.871 (&#8216;Wir&#8217;) bereitgestellt. Der Plattformnutzer kann sich mit uns in Verbindung setzen, indem er eine E-Mail an info@docautomotive.ch oder an die oben&#8230;<\/p>\n","protected":false},"author":1,"featured_media":0,"parent":0,"menu_order":0,"comment_status":"closed","ping_status":"closed","template":"","meta":{"footnotes":""},"class_list":["post-27066","page","type-page","status-publish","hentry"],"yoast_head":"<!-- This site is optimized with the Yoast SEO plugin v27.4 - https:\/\/yoast.com\/product\/yoast-seo-wordpress\/ -->\n<title>Nutzungsbedingungen | Doc Automotive AG<\/title>\n<meta name=\"robots\" content=\"index, follow, max-snippet:-1, max-image-preview:large, max-video-preview:-1\" \/>\n<link rel=\"canonical\" href=\"https:\/\/www.docautomotive.ch\/de\/nutzungsbedingungen\/\" \/>\n<meta property=\"og:locale\" content=\"de_DE\" \/>\n<meta property=\"og:type\" content=\"article\" \/>\n<meta property=\"og:title\" content=\"Nutzungsbedingungen | Doc Automotive AG\" \/>\n<meta property=\"og:description\" content=\"[vc_row][vc_column][vc_empty_space][vc_custom_heading text=&#8221;NUTZUNGSBEDINGUNGEN&#8221; font_container=&#8221;tag:h1|text_align:center&#8221; css=&#8221;&#8221; el_class=&#8221;monospace&#8221;][vc_column_text css=&#8221;&#8221;] 1. Akzeptanz Die Website docautomotive.ch (&#8216;Plattform&#8217;) wird von der Doc Automotive AG, einer Gesellschaft schweizerischen Rechts mit Sitz in der Grundstra\u00dfe 36a, 6430, Schweiz und der Umsatzsteuer-ID: CHE-232.196.871 (&#8216;Wir&#8217;) bereitgestellt. Der Plattformnutzer kann sich mit uns in Verbindung setzen, indem er eine E-Mail an info@docautomotive.ch oder an die oben...\" \/>\n<meta property=\"og:url\" content=\"https:\/\/www.docautomotive.ch\/de\/nutzungsbedingungen\/\" \/>\n<meta property=\"og:site_name\" content=\"Doc Automotive AG\" \/>\n<meta property=\"article:modified_time\" content=\"2025-01-28T22:16:35+00:00\" \/>\n<meta property=\"og:image\" content=\"https:\/\/www.docautomotive.ch\/wp-content\/uploads\/2024\/10\/Doc-Garage-Yoast-Thumb.jpg\" \/>\n\t<meta property=\"og:image:width\" content=\"1200\" \/>\n\t<meta property=\"og:image:height\" content=\"675\" \/>\n\t<meta property=\"og:image:type\" content=\"image\/jpeg\" \/>\n<meta name=\"twitter:card\" content=\"summary_large_image\" \/>\n<meta name=\"twitter:label1\" content=\"Gesch\u00e4tzte Lesezeit\" \/>\n\t<meta name=\"twitter:data1\" content=\"5\u00a0Minuten\" \/>\n<script type=\"application\/ld+json\" class=\"yoast-schema-graph\">{\"@context\":\"https:\\\/\\\/schema.org\",\"@graph\":[{\"@type\":\"WebPage\",\"@id\":\"https:\\\/\\\/www.docautomotive.ch\\\/de\\\/nutzungsbedingungen\\\/\",\"url\":\"https:\\\/\\\/www.docautomotive.ch\\\/de\\\/nutzungsbedingungen\\\/\",\"name\":\"Nutzungsbedingungen | Doc Automotive AG\",\"isPartOf\":{\"@id\":\"https:\\\/\\\/www.docautomotive.ch\\\/de\\\/#website\"},\"datePublished\":\"2024-04-19T13:41:31+00:00\",\"dateModified\":\"2025-01-28T22:16:35+00:00\",\"breadcrumb\":{\"@id\":\"https:\\\/\\\/www.docautomotive.ch\\\/de\\\/nutzungsbedingungen\\\/#breadcrumb\"},\"inLanguage\":\"de\",\"potentialAction\":[{\"@type\":\"ReadAction\",\"target\":[\"https:\\\/\\\/www.docautomotive.ch\\\/de\\\/nutzungsbedingungen\\\/\"]}]},{\"@type\":\"BreadcrumbList\",\"@id\":\"https:\\\/\\\/www.docautomotive.ch\\\/de\\\/nutzungsbedingungen\\\/#breadcrumb\",\"itemListElement\":[{\"@type\":\"ListItem\",\"position\":1,\"name\":\"Home\",\"item\":\"https:\\\/\\\/www.docautomotive.ch\\\/de\\\/\"},{\"@type\":\"ListItem\",\"position\":2,\"name\":\"Nutzungsbedingungen\"}]},{\"@type\":\"WebSite\",\"@id\":\"https:\\\/\\\/www.docautomotive.ch\\\/de\\\/#website\",\"url\":\"https:\\\/\\\/www.docautomotive.ch\\\/de\\\/\",\"name\":\"Doc Automotive AG\",\"description\":\"Your Best B2B Car Dealer\",\"publisher\":{\"@id\":\"https:\\\/\\\/www.docautomotive.ch\\\/de\\\/#organization\"},\"alternateName\":\"Doc Automotive\",\"potentialAction\":[{\"@type\":\"SearchAction\",\"target\":{\"@type\":\"EntryPoint\",\"urlTemplate\":\"https:\\\/\\\/www.docautomotive.ch\\\/de\\\/?s={search_term_string}\"},\"query-input\":{\"@type\":\"PropertyValueSpecification\",\"valueRequired\":true,\"valueName\":\"search_term_string\"}}],\"inLanguage\":\"de\"},{\"@type\":\"Organization\",\"@id\":\"https:\\\/\\\/www.docautomotive.ch\\\/de\\\/#organization\",\"name\":\"Doc Automotive AG\",\"alternateName\":\"Doc Automotive\",\"url\":\"https:\\\/\\\/www.docautomotive.ch\\\/de\\\/\",\"logo\":{\"@type\":\"ImageObject\",\"inLanguage\":\"de\",\"@id\":\"https:\\\/\\\/www.docautomotive.ch\\\/de\\\/#\\\/schema\\\/logo\\\/image\\\/\",\"url\":\"https:\\\/\\\/www.docautomotive.ch\\\/wp-content\\\/uploads\\\/2024\\\/10\\\/Doc-Garage-Yoast-Thumb-Squared.jpg\",\"contentUrl\":\"https:\\\/\\\/www.docautomotive.ch\\\/wp-content\\\/uploads\\\/2024\\\/10\\\/Doc-Garage-Yoast-Thumb-Squared.jpg\",\"width\":696,\"height\":696,\"caption\":\"Doc Automotive AG\"},\"image\":{\"@id\":\"https:\\\/\\\/www.docautomotive.ch\\\/de\\\/#\\\/schema\\\/logo\\\/image\\\/\"},\"sameAs\":[\"https:\\\/\\\/www.instagram.com\\\/docautomotive\\\/\"]}]}<\/script>\n<!-- \/ Yoast SEO plugin. -->","yoast_head_json":{"title":"Nutzungsbedingungen | Doc Automotive AG","robots":{"index":"index","follow":"follow","max-snippet":"max-snippet:-1","max-image-preview":"max-image-preview:large","max-video-preview":"max-video-preview:-1"},"canonical":"https:\/\/www.docautomotive.ch\/de\/nutzungsbedingungen\/","og_locale":"de_DE","og_type":"article","og_title":"Nutzungsbedingungen | Doc Automotive AG","og_description":"[vc_row][vc_column][vc_empty_space][vc_custom_heading text=&#8221;NUTZUNGSBEDINGUNGEN&#8221; font_container=&#8221;tag:h1|text_align:center&#8221; css=&#8221;&#8221; el_class=&#8221;monospace&#8221;][vc_column_text css=&#8221;&#8221;] 1. Akzeptanz Die Website docautomotive.ch (&#8216;Plattform&#8217;) wird von der Doc Automotive AG, einer Gesellschaft schweizerischen Rechts mit Sitz in der Grundstra\u00dfe 36a, 6430, Schweiz und der Umsatzsteuer-ID: CHE-232.196.871 (&#8216;Wir&#8217;) bereitgestellt. Der Plattformnutzer kann sich mit uns in Verbindung setzen, indem er eine E-Mail an info@docautomotive.ch oder an die oben...","og_url":"https:\/\/www.docautomotive.ch\/de\/nutzungsbedingungen\/","og_site_name":"Doc Automotive AG","article_modified_time":"2025-01-28T22:16:35+00:00","og_image":[{"width":1200,"height":675,"url":"https:\/\/www.docautomotive.ch\/wp-content\/uploads\/2024\/10\/Doc-Garage-Yoast-Thumb.jpg","type":"image\/jpeg"}],"twitter_card":"summary_large_image","twitter_misc":{"Gesch\u00e4tzte Lesezeit":"5\u00a0Minuten"},"schema":{"@context":"https:\/\/schema.org","@graph":[{"@type":"WebPage","@id":"https:\/\/www.docautomotive.ch\/de\/nutzungsbedingungen\/","url":"https:\/\/www.docautomotive.ch\/de\/nutzungsbedingungen\/","name":"Nutzungsbedingungen | Doc Automotive AG","isPartOf":{"@id":"https:\/\/www.docautomotive.ch\/de\/#website"},"datePublished":"2024-04-19T13:41:31+00:00","dateModified":"2025-01-28T22:16:35+00:00","breadcrumb":{"@id":"https:\/\/www.docautomotive.ch\/de\/nutzungsbedingungen\/#breadcrumb"},"inLanguage":"de","potentialAction":[{"@type":"ReadAction","target":["https:\/\/www.docautomotive.ch\/de\/nutzungsbedingungen\/"]}]},{"@type":"BreadcrumbList","@id":"https:\/\/www.docautomotive.ch\/de\/nutzungsbedingungen\/#breadcrumb","itemListElement":[{"@type":"ListItem","position":1,"name":"Home","item":"https:\/\/www.docautomotive.ch\/de\/"},{"@type":"ListItem","position":2,"name":"Nutzungsbedingungen"}]},{"@type":"WebSite","@id":"https:\/\/www.docautomotive.ch\/de\/#website","url":"https:\/\/www.docautomotive.ch\/de\/","name":"Doc Automotive AG","description":"Your Best B2B Car Dealer","publisher":{"@id":"https:\/\/www.docautomotive.ch\/de\/#organization"},"alternateName":"Doc Automotive","potentialAction":[{"@type":"SearchAction","target":{"@type":"EntryPoint","urlTemplate":"https:\/\/www.docautomotive.ch\/de\/?s={search_term_string}"},"query-input":{"@type":"PropertyValueSpecification","valueRequired":true,"valueName":"search_term_string"}}],"inLanguage":"de"},{"@type":"Organization","@id":"https:\/\/www.docautomotive.ch\/de\/#organization","name":"Doc Automotive AG","alternateName":"Doc Automotive","url":"https:\/\/www.docautomotive.ch\/de\/","logo":{"@type":"ImageObject","inLanguage":"de","@id":"https:\/\/www.docautomotive.ch\/de\/#\/schema\/logo\/image\/","url":"https:\/\/www.docautomotive.ch\/wp-content\/uploads\/2024\/10\/Doc-Garage-Yoast-Thumb-Squared.jpg","contentUrl":"https:\/\/www.docautomotive.ch\/wp-content\/uploads\/2024\/10\/Doc-Garage-Yoast-Thumb-Squared.jpg","width":696,"height":696,"caption":"Doc Automotive AG"},"image":{"@id":"https:\/\/www.docautomotive.ch\/de\/#\/schema\/logo\/image\/"},"sameAs":["https:\/\/www.instagram.com\/docautomotive\/"]}]}},"_links":{"self":[{"href":"https:\/\/www.docautomotive.ch\/de\/wp-json\/wp\/v2\/pages\/27066","targetHints":{"allow":["GET"]}}],"collection":[{"href":"https:\/\/www.docautomotive.ch\/de\/wp-json\/wp\/v2\/pages"}],"about":[{"href":"https:\/\/www.docautomotive.ch\/de\/wp-json\/wp\/v2\/types\/page"}],"author":[{"embeddable":true,"href":"https:\/\/www.docautomotive.ch\/de\/wp-json\/wp\/v2\/users\/1"}],"replies":[{"embeddable":true,"href":"https:\/\/www.docautomotive.ch\/de\/wp-json\/wp\/v2\/comments?post=27066"}],"version-history":[{"count":0,"href":"https:\/\/www.docautomotive.ch\/de\/wp-json\/wp\/v2\/pages\/27066\/revisions"}],"wp:attachment":[{"href":"https:\/\/www.docautomotive.ch\/de\/wp-json\/wp\/v2\/media?parent=27066"}],"curies":[{"name":"wp","href":"https:\/\/api.w.org\/{rel}","templated":true}]}}